{"id":4566,"date":"2024-05-09T21:12:01","date_gmt":"2024-05-09T21:12:01","guid":{"rendered":"https:\/\/cankayahastanesi.com.tr\/?page_id=4566"},"modified":"2024-05-09T21:15:24","modified_gmt":"2024-05-09T21:15:24","slug":"sosyal-sorumluluk","status":"publish","type":"page","link":"https:\/\/cankayahastanesi.com.tr\/tr\/sosyal-sorumluluk\/","title":{"rendered":"Sosyal Sorumluluk"},"content":{"rendered":"\t\t<div data-elementor-type=\"wp-page\" data-elementor-id=\"4566\" class=\"elementor elementor-4566\">\n\t\t\t\t\t\t<section class=\"elementor-section elementor-top-section elementor-element elementor-element-89302a7 elementor-section-boxed elementor-section-height-default elementor-section-height-default\" data-id=\"89302a7\" data-element_type=\"section\" data-e-type=\"section\">\n\t\t\t\t\t\t<div class=\"elementor-container elementor-column-gap-default\">\n\t\t\t\t\t<div class=\"elementor-column elementor-col-100 elementor-top-column elementor-element elementor-element-4adf8b5\" data-id=\"4adf8b5\" data-element_type=\"column\" data-e-type=\"column\">\n\t\t\t<div class=\"elementor-widget-wrap elementor-element-populated\">\n\t\t\t\t\t\t<div class=\"elementor-element elementor-element-b1eafb1 elementor-widget elementor-widget-Rola_Posts\" data-id=\"b1eafb1\" data-element_type=\"widget\" data-e-type=\"widget\" data-widget_type=\"Rola_Posts.default\">\n\t\t\t\t<div class=\"elementor-widget-container\">\n\t\t\t\t\t\r\n            <div class=\"container\">\r\n            <div class=\"row justify-content-center\">\r\n                                <div class=\"col-lg-4 col-md-6\">\r\n\r\n                    <div class=\"single-blog-card\">\r\n                                                    <div class=\"blog-image\">\r\n                                <a href=\"https:\/\/cankayahastanesi.com.tr\/tr\/dunya-kulak-ve-isitme-gununde-farkindalik-egitimi-gerceklestirildi\/\">\r\n                                    <img decoding=\"async\" src=\"https:\/\/cankayahastanesi.com.tr\/wp-content\/uploads\/2026\/03\/dunya-isitme-gunu-5.webp\" alt=\"\">\r\n                                <\/a>\r\n                            <\/div>\r\n                        \r\n                        <div class=\"blog-content\">\r\n                            <ul class=\"entry-meta d-flex justify-content-between align-items-center\">\r\n                                                                    <li><a href=\"https:\/\/cankayahastanesi.com.tr\/tr\/category\/bizden-haberler\/\"> Bizden Haberler<\/a><\/li>\r\n                                \r\n                                <li><i class='bx bx-calendar'><\/i> Mart 14, 2026 <\/li>\r\n                            <\/ul>\r\n\r\n                            <h3><a href=\"https:\/\/cankayahastanesi.com.tr\/tr\/dunya-kulak-ve-isitme-gununde-farkindalik-egitimi-gerceklestirildi\/\">D\u00fcnya Kulak ve \u0130\u015fitme G\u00fcn\u00fc\u2019nde Fark\u0131ndal\u0131k E\u011fitimi Ger\u00e7ekle\u015ftirildi<\/a><\/h3>\r\n\r\n                            <a href=\"https:\/\/cankayahastanesi.com.tr\/tr\/dunya-kulak-ve-isitme-gununde-farkindalik-egitimi-gerceklestirildi\/\" class=\"blog-btn\">Daha Fazla Oku<\/a>\r\n                        <\/div>\r\n                    <\/div>\r\n\r\n                <\/div>\r\n                                <div class=\"col-lg-4 col-md-6\">\r\n\r\n                    <div class=\"single-blog-card\">\r\n                                                    <div class=\"blog-image\">\r\n                                <a href=\"https:\/\/cankayahastanesi.com.tr\/tr\/akciger-kanseri-ayinda-cankaya-hastanesinde-farkindalik-egitimi\/\">\r\n                                    <img decoding=\"async\" src=\"https:\/\/cankayahastanesi.com.tr\/wp-content\/uploads\/2025\/12\/akcigerkanserihaftasi-1-860x649.webp\" alt=\"\">\r\n                                <\/a>\r\n                            <\/div>\r\n                        \r\n                        <div class=\"blog-content\">\r\n                            <ul class=\"entry-meta d-flex justify-content-between align-items-center\">\r\n                                \r\n                                <li><i class='bx bx-calendar'><\/i> Kas\u0131m 20, 2025 <\/li>\r\n                            <\/ul>\r\n\r\n                            <h3><a href=\"https:\/\/cankayahastanesi.com.tr\/tr\/akciger-kanseri-ayinda-cankaya-hastanesinde-farkindalik-egitimi\/\">Akci\u011fer Kanseri Ay\u0131nda \u00c7ankaya Hastanesi\u2019nde Fark\u0131ndal\u0131k E\u011fitimi<\/a><\/h3>\r\n\r\n                            <a href=\"https:\/\/cankayahastanesi.com.tr\/tr\/akciger-kanseri-ayinda-cankaya-hastanesinde-farkindalik-egitimi\/\" class=\"blog-btn\">Daha Fazla Oku<\/a>\r\n                        <\/div>\r\n                    <\/div>\r\n\r\n                <\/div>\r\n                                <div class=\"col-lg-4 col-md-6\">\r\n\r\n                    <div class=\"single-blog-card\">\r\n                                                    <div class=\"blog-image\">\r\n                                <a href=\"https:\/\/cankayahastanesi.com.tr\/tr\/organ-bagisi-haftasi-3-9-kasim-bir-hayat-bin-umut\/\">\r\n                                    <img decoding=\"async\" src=\"https:\/\/cankayahastanesi.com.tr\/wp-content\/uploads\/2025\/11\/organbagisiihaftasi-860x649.webp\" alt=\"\">\r\n                                <\/a>\r\n                            <\/div>\r\n                        \r\n                        <div class=\"blog-content\">\r\n                            <ul class=\"entry-meta d-flex justify-content-between align-items-center\">\r\n                                \r\n                                <li><i class='bx bx-calendar'><\/i> Kas\u0131m 6, 2025 <\/li>\r\n                            <\/ul>\r\n\r\n                            <h3><a href=\"https:\/\/cankayahastanesi.com.tr\/tr\/organ-bagisi-haftasi-3-9-kasim-bir-hayat-bin-umut\/\">Organ Ba\u011f\u0131\u015f\u0131 Haftas\u0131 (3\u20139 Kas\u0131m): Bir Hayat, Bin Umut<\/a><\/h3>\r\n\r\n                            <a href=\"https:\/\/cankayahastanesi.com.tr\/tr\/organ-bagisi-haftasi-3-9-kasim-bir-hayat-bin-umut\/\" class=\"blog-btn\">Daha Fazla Oku<\/a>\r\n                        <\/div>\r\n                    <\/div>\r\n\r\n                <\/div>\r\n                                <div class=\"col-lg-4 col-md-6\">\r\n\r\n                    <div class=\"single-blog-card\">\r\n                                                    <div class=\"blog-image\">\r\n                                <a href=\"https:\/\/cankayahastanesi.com.tr\/tr\/cankaya-hastanesinden-kadin-sagligina-dair-farkindalik-etkinligi\/\">\r\n                                    <img decoding=\"async\" src=\"https:\/\/cankayahastanesi.com.tr\/wp-content\/uploads\/2025\/11\/etkinlik-memekanserifarkinlik-860x649.webp\" alt=\"\">\r\n                                <\/a>\r\n                            <\/div>\r\n                        \r\n                        <div class=\"blog-content\">\r\n                            <ul class=\"entry-meta d-flex justify-content-between align-items-center\">\r\n                                \r\n                                <li><i class='bx bx-calendar'><\/i> Kas\u0131m 5, 2025 <\/li>\r\n                            <\/ul>\r\n\r\n                            <h3><a href=\"https:\/\/cankayahastanesi.com.tr\/tr\/cankaya-hastanesinden-kadin-sagligina-dair-farkindalik-etkinligi\/\">\u00c7ankaya Hastanesi\u2019nden Kad\u0131n Sa\u011fl\u0131\u011f\u0131na Dair Fark\u0131ndal\u0131k Etkinli\u011fi<\/a><\/h3>\r\n\r\n                            <a href=\"https:\/\/cankayahastanesi.com.tr\/tr\/cankaya-hastanesinden-kadin-sagligina-dair-farkindalik-etkinligi\/\" class=\"blog-btn\">Daha Fazla Oku<\/a>\r\n                        <\/div>\r\n                    <\/div>\r\n\r\n                <\/div>\r\n                                <div class=\"col-lg-4 col-md-6\">\r\n\r\n                    <div class=\"single-blog-card\">\r\n                                                    <div class=\"blog-image\">\r\n                                <a href=\"https:\/\/cankayahastanesi.com.tr\/tr\/cankaya-hastanesinden-sigarayi-birakmak-isteyenlere-destek-misafirlerimize-ucretsiz-kitap-dagitiyoruz\/\">\r\n                                    <img decoding=\"async\" src=\"https:\/\/cankayahastanesi.com.tr\/wp-content\/uploads\/2025\/09\/web-site-ve-llinkedin-860x649.webp\" alt=\"\">\r\n                                <\/a>\r\n                            <\/div>\r\n                        \r\n                        <div class=\"blog-content\">\r\n                            <ul class=\"entry-meta d-flex justify-content-between align-items-center\">\r\n                                \r\n                                <li><i class='bx bx-calendar'><\/i> Eyl\u00fcl 9, 2025 <\/li>\r\n                            <\/ul>\r\n\r\n                            <h3><a href=\"https:\/\/cankayahastanesi.com.tr\/tr\/cankaya-hastanesinden-sigarayi-birakmak-isteyenlere-destek-misafirlerimize-ucretsiz-kitap-dagitiyoruz\/\">\u00c7ankaya Hastanesi\u2019nden sigaray\u0131 b\u0131rakmak isteyenlere destek!<\/a><\/h3>\r\n\r\n                            <a href=\"https:\/\/cankayahastanesi.com.tr\/tr\/cankaya-hastanesinden-sigarayi-birakmak-isteyenlere-destek-misafirlerimize-ucretsiz-kitap-dagitiyoruz\/\" class=\"blog-btn\">Daha Fazla Oku<\/a>\r\n                        <\/div>\r\n                    <\/div>\r\n\r\n                <\/div>\r\n                                <div class=\"col-lg-4 col-md-6\">\r\n\r\n                    <div class=\"single-blog-card\">\r\n                                                    <div class=\"blog-image\">\r\n                                <a href=\"https:\/\/cankayahastanesi.com.tr\/tr\/meme-kanseri-farkindalik-ayi-etkinligi\/\">\r\n                                    <img decoding=\"async\" src=\"https:\/\/cankayahastanesi.com.tr\/wp-content\/uploads\/2024\/10\/memekanserifarkindalikegitimi-860x649.webp\" alt=\"\">\r\n                                <\/a>\r\n                            <\/div>\r\n                        \r\n                        <div class=\"blog-content\">\r\n                            <ul class=\"entry-meta d-flex justify-content-between align-items-center\">\r\n                                                                    <li><a href=\"https:\/\/cankayahastanesi.com.tr\/tr\/category\/sosyal-sorumluluk\/\"> Sosyal Sorumluluk<\/a><\/li>\r\n                                \r\n                                <li><i class='bx bx-calendar'><\/i> Ekim 22, 2024 <\/li>\r\n                            <\/ul>\r\n\r\n                            <h3><a href=\"https:\/\/cankayahastanesi.com.tr\/tr\/meme-kanseri-farkindalik-ayi-etkinligi\/\">Meme Kanseri Fark\u0131ndal\u0131k Ay\u0131 Etkinli\u011fi<\/a><\/h3>\r\n\r\n                            <a href=\"https:\/\/cankayahastanesi.com.tr\/tr\/meme-kanseri-farkindalik-ayi-etkinligi\/\" class=\"blog-btn\">Daha Fazla Oku<\/a>\r\n                        <\/div>\r\n                    <\/div>\r\n\r\n                <\/div>\r\n                                <div class=\"col-lg-4 col-md-6\">\r\n\r\n                    <div class=\"single-blog-card\">\r\n                                                    <div class=\"blog-image\">\r\n                                <a href=\"https:\/\/cankayahastanesi.com.tr\/tr\/organ-bagisi-hayat-kurtarir\/\">\r\n                                    <img decoding=\"async\" src=\"https:\/\/cankayahastanesi.com.tr\/wp-content\/uploads\/2024\/05\/organ-bagisi-860x649.jpg\" alt=\"\">\r\n                                <\/a>\r\n                            <\/div>\r\n                        \r\n                        <div class=\"blog-content\">\r\n                            <ul class=\"entry-meta d-flex justify-content-between align-items-center\">\r\n                                \r\n                                <li><i class='bx bx-calendar'><\/i> May\u0131s 13, 2024 <\/li>\r\n                            <\/ul>\r\n\r\n                            <h3><a href=\"https:\/\/cankayahastanesi.com.tr\/tr\/organ-bagisi-hayat-kurtarir\/\">Organ Ba\u011f\u0131\u015f\u0131 Hayat Kurtar\u0131r!<\/a><\/h3>\r\n\r\n                            <a href=\"https:\/\/cankayahastanesi.com.tr\/tr\/organ-bagisi-hayat-kurtarir\/\" class=\"blog-btn\">Daha Fazla Oku<\/a>\r\n                        <\/div>\r\n                    <\/div>\r\n\r\n                <\/div>\r\n                                <div class=\"col-lg-4 col-md-6\">\r\n\r\n                    <div class=\"single-blog-card\">\r\n                                                    <div class=\"blog-image\">\r\n                                <a href=\"https:\/\/cankayahastanesi.com.tr\/tr\/dunya-el-hijyeni-gunu\/\">\r\n                                    <img decoding=\"async\" src=\"https:\/\/cankayahastanesi.com.tr\/wp-content\/uploads\/2024\/05\/el-hijyeni-gunu-860x649.jpg\" alt=\"\">\r\n                                <\/a>\r\n                            <\/div>\r\n                        \r\n                        <div class=\"blog-content\">\r\n                            <ul class=\"entry-meta d-flex justify-content-between align-items-center\">\r\n                                \r\n                                <li><i class='bx bx-calendar'><\/i> May\u0131s 13, 2024 <\/li>\r\n                            <\/ul>\r\n\r\n                            <h3><a href=\"https:\/\/cankayahastanesi.com.tr\/tr\/dunya-el-hijyeni-gunu\/\">D\u00fcnya El Hijyeni G\u00fcn\u00fc<\/a><\/h3>\r\n\r\n                            <a href=\"https:\/\/cankayahastanesi.com.tr\/tr\/dunya-el-hijyeni-gunu\/\" class=\"blog-btn\">Daha Fazla Oku<\/a>\r\n                        <\/div>\r\n                    <\/div>\r\n\r\n                <\/div>\r\n                                <div class=\"col-lg-4 col-md-6\">\r\n\r\n                    <div class=\"single-blog-card\">\r\n                                                    <div class=\"blog-image\">\r\n                                <a href=\"https:\/\/cankayahastanesi.com.tr\/tr\/cankaya-belediyesi-isbirligi-ile-sunnet-soleni\/\">\r\n                                    <img decoding=\"async\" src=\"https:\/\/cankayahastanesi.com.tr\/wp-content\/uploads\/2023\/12\/sunnettoreni-860x649.webp\" alt=\"\">\r\n                                <\/a>\r\n                            <\/div>\r\n                        \r\n                        <div class=\"blog-content\">\r\n                            <ul class=\"entry-meta d-flex justify-content-between align-items-center\">\r\n                                \r\n                                <li><i class='bx bx-calendar'><\/i> Aral\u0131k 5, 2023 <\/li>\r\n                            <\/ul>\r\n\r\n                            <h3><a href=\"https:\/\/cankayahastanesi.com.tr\/tr\/cankaya-belediyesi-isbirligi-ile-sunnet-soleni\/\">\u00c7ankaya Belediyesi \u0130\u015fbirli\u011fi ile S\u00fcnnet \u015e\u00f6leni<\/a><\/h3>\r\n\r\n                            <a href=\"https:\/\/cankayahastanesi.com.tr\/tr\/cankaya-belediyesi-isbirligi-ile-sunnet-soleni\/\" class=\"blog-btn\">Daha Fazla Oku<\/a>\r\n                        <\/div>\r\n                    <\/div>\r\n\r\n                <\/div>\r\n                                            <\/div>\r\n        <\/div>\r\n    \r\n        \t\t\t\t<\/div>\n\t\t\t\t<\/div>\n\t\t\t\t\t<\/div>\n\t\t<\/div>\n\t\t\t\t\t<\/div>\n\t\t<\/section>\n\t\t\t\t<\/div>\n\t\t","protected":false},"excerpt":{"rendered":"<p>Sosyal Sorumluluk Aral\u0131k 5, 2023 \u00c7ankaya Belediyesi \u0130\u015fbirli\u011fi ile S\u00fcnnet \u015e\u00f6leni Daha Fazla Oku<\/p>\n","protected":false},"author":1,"featured_media":0,"parent":0,"menu_order":0,"comment_status":"closed","ping_status":"closed","template":"","meta":{"footnotes":""},"class_list":["post-4566","page","type-page","status-publish","hentry"],"acf":[],"_links":{"self":[{"href":"https:\/\/cankayahastanesi.com.tr\/tr\/wp-json\/wp\/v2\/pages\/4566","targetHints":{"allow":["GET"]}}],"collection":[{"href":"https:\/\/cankayahastanesi.com.tr\/tr\/wp-json\/wp\/v2\/pages"}],"about":[{"href":"https:\/\/cankayahastanesi.com.tr\/tr\/wp-json\/wp\/v2\/types\/page"}],"author":[{"embeddable":true,"href":"https:\/\/cankayahastanesi.com.tr\/tr\/wp-json\/wp\/v2\/users\/1"}],"replies":[{"embeddable":true,"href":"https:\/\/cankayahastanesi.com.tr\/tr\/wp-json\/wp\/v2\/comments?post=4566"}],"version-history":[{"count":11,"href":"https:\/\/cankayahastanesi.com.tr\/tr\/wp-json\/wp\/v2\/pages\/4566\/revisions"}],"predecessor-version":[{"id":4757,"href":"https:\/\/cankayahastanesi.com.tr\/tr\/wp-json\/wp\/v2\/pages\/4566\/revisions\/4757"}],"wp:attachment":[{"href":"https:\/\/cankayahastanesi.com.tr\/tr\/wp-json\/wp\/v2\/media?parent=4566"}],"curies":[{"name":"wp","href":"https:\/\/api.w.org\/{rel}","templated":true}]}}