{"id":4390,"date":"2024-02-07T11:24:33","date_gmt":"2024-02-07T11:24:33","guid":{"rendered":"https:\/\/cankayahastanesi.com.tr\/?page_id=4390"},"modified":"2024-02-07T11:24:54","modified_gmt":"2024-02-07T11:24:54","slug":"bizden-haberler","status":"publish","type":"page","link":"https:\/\/cankayahastanesi.com.tr\/tr\/bizden-haberler\/","title":{"rendered":"Bizden Haberler"},"content":{"rendered":"\t\t<div data-elementor-type=\"wp-page\" data-elementor-id=\"4390\" class=\"elementor elementor-4390\">\n\t\t\t\t\t\t<section class=\"elementor-section elementor-top-section elementor-element elementor-element-89302a7 elementor-section-boxed elementor-section-height-default elementor-section-height-default\" data-id=\"89302a7\" data-element_type=\"section\" data-e-type=\"section\">\n\t\t\t\t\t\t<div class=\"elementor-container elementor-column-gap-default\">\n\t\t\t\t\t<div class=\"elementor-column elementor-col-100 elementor-top-column elementor-element elementor-element-4adf8b5\" data-id=\"4adf8b5\" data-element_type=\"column\" data-e-type=\"column\">\n\t\t\t<div class=\"elementor-widget-wrap elementor-element-populated\">\n\t\t\t\t\t\t<div class=\"elementor-element elementor-element-b1eafb1 elementor-widget elementor-widget-Rola_Posts\" data-id=\"b1eafb1\" data-element_type=\"widget\" data-e-type=\"widget\" data-widget_type=\"Rola_Posts.default\">\n\t\t\t\t<div class=\"elementor-widget-container\">\n\t\t\t\t\t\r\n            <div class=\"container\">\r\n            <div class=\"row justify-content-center\">\r\n                                <div class=\"col-lg-4 col-md-6\">\r\n\r\n                    <div class=\"single-blog-card\">\r\n                                                    <div class=\"blog-image\">\r\n                                <a href=\"https:\/\/cankayahastanesi.com.tr\/tr\/dunya-kulak-ve-isitme-gununde-farkindalik-egitimi-gerceklestirildi\/\">\r\n                                    <img decoding=\"async\" src=\"https:\/\/cankayahastanesi.com.tr\/wp-content\/uploads\/2026\/03\/dunya-isitme-gunu-5.webp\" alt=\"\">\r\n                                <\/a>\r\n                            <\/div>\r\n                        \r\n                        <div class=\"blog-content\">\r\n                            <ul class=\"entry-meta d-flex justify-content-between align-items-center\">\r\n                                                                    <li><a href=\"https:\/\/cankayahastanesi.com.tr\/tr\/category\/sosyal-sorumluluk\/\"> Sosyal Sorumluluk<\/a><\/li>\r\n                                \r\n                                <li><i class='bx bx-calendar'><\/i> Mart 14, 2026 <\/li>\r\n                            <\/ul>\r\n\r\n                            <h3><a href=\"https:\/\/cankayahastanesi.com.tr\/tr\/dunya-kulak-ve-isitme-gununde-farkindalik-egitimi-gerceklestirildi\/\">D\u00fcnya Kulak ve \u0130\u015fitme G\u00fcn\u00fc\u2019nde Fark\u0131ndal\u0131k E\u011fitimi Ger\u00e7ekle\u015ftirildi<\/a><\/h3>\r\n\r\n                            <a href=\"https:\/\/cankayahastanesi.com.tr\/tr\/dunya-kulak-ve-isitme-gununde-farkindalik-egitimi-gerceklestirildi\/\" class=\"blog-btn\">Daha Fazla Oku<\/a>\r\n                        <\/div>\r\n                    <\/div>\r\n\r\n                <\/div>\r\n                                <div class=\"col-lg-4 col-md-6\">\r\n\r\n                    <div class=\"single-blog-card\">\r\n                                                    <div class=\"blog-image\">\r\n                                <a href=\"https:\/\/cankayahastanesi.com.tr\/tr\/2-kalca-eklemi-koruyucu-cerrahi-dernegi-kongresi-sicot-sports-meeting-2026\/\">\r\n                                    <img decoding=\"async\" src=\"https:\/\/cankayahastanesi.com.tr\/wp-content\/uploads\/2026\/02\/SICOT-Sports-Meeting-2026-860x649.webp\" alt=\"\">\r\n                                <\/a>\r\n                            <\/div>\r\n                        \r\n                        <div class=\"blog-content\">\r\n                            <ul class=\"entry-meta d-flex justify-content-between align-items-center\">\r\n                                \r\n                                <li><i class='bx bx-calendar'><\/i> \u015eubat 12, 2026 <\/li>\r\n                            <\/ul>\r\n\r\n                            <h3><a href=\"https:\/\/cankayahastanesi.com.tr\/tr\/2-kalca-eklemi-koruyucu-cerrahi-dernegi-kongresi-sicot-sports-meeting-2026\/\">2. Kal\u00e7a Eklemi Koruyucu Cerrahi Derne\u011fi Kongresi &#038; SICOT Sports Meeting 2026<\/a><\/h3>\r\n\r\n                            <a href=\"https:\/\/cankayahastanesi.com.tr\/tr\/2-kalca-eklemi-koruyucu-cerrahi-dernegi-kongresi-sicot-sports-meeting-2026\/\" class=\"blog-btn\">Daha Fazla Oku<\/a>\r\n                        <\/div>\r\n                    <\/div>\r\n\r\n                <\/div>\r\n                                <div class=\"col-lg-4 col-md-6\">\r\n\r\n                    <div class=\"single-blog-card\">\r\n                                                    <div class=\"blog-image\">\r\n                                <a href=\"https:\/\/cankayahastanesi.com.tr\/tr\/1001-robotik-protez-cerrahisi-tamamlandi\/\">\r\n                                    <img decoding=\"async\" src=\"https:\/\/cankayahastanesi.com.tr\/wp-content\/uploads\/2025\/07\/1001robotikprotez.webp\" alt=\"\">\r\n                                <\/a>\r\n                            <\/div>\r\n                        \r\n                        <div class=\"blog-content\">\r\n                            <ul class=\"entry-meta d-flex justify-content-between align-items-center\">\r\n                                                                    <li><a href=\"https:\/\/cankayahastanesi.com.tr\/tr\/category\/bizden-haberler\/\"> Bizden Haberler<\/a><\/li>\r\n                                \r\n                                <li><i class='bx bx-calendar'><\/i> Temmuz 1, 2025 <\/li>\r\n                            <\/ul>\r\n\r\n                            <h3><a href=\"https:\/\/cankayahastanesi.com.tr\/tr\/1001-robotik-protez-cerrahisi-tamamlandi\/\">1001. Robotik Protez Cerrahisi Tamamland\u0131!<\/a><\/h3>\r\n\r\n                            <a href=\"https:\/\/cankayahastanesi.com.tr\/tr\/1001-robotik-protez-cerrahisi-tamamlandi\/\" class=\"blog-btn\">Daha Fazla Oku<\/a>\r\n                        <\/div>\r\n                    <\/div>\r\n\r\n                <\/div>\r\n                                <div class=\"col-lg-4 col-md-6\">\r\n\r\n                    <div class=\"single-blog-card\">\r\n                                                    <div class=\"blog-image\">\r\n                                <a href=\"https:\/\/cankayahastanesi.com.tr\/tr\/ozel-cankaya-hastanesi-robotik-ortopedi-cerrahisinde-buyuk-basarilarina-bir-yenisini-daha-ekledi\/\">\r\n                                    <img decoding=\"async\" src=\"https:\/\/cankayahastanesi.com.tr\/wp-content\/uploads\/2025\/04\/WEB-SITE-HABER.jpg\" alt=\"\">\r\n                                <\/a>\r\n                            <\/div>\r\n                        \r\n                        <div class=\"blog-content\">\r\n                            <ul class=\"entry-meta d-flex justify-content-between align-items-center\">\r\n                                \r\n                                <li><i class='bx bx-calendar'><\/i> Nisan 24, 2025 <\/li>\r\n                            <\/ul>\r\n\r\n                            <h3><a href=\"https:\/\/cankayahastanesi.com.tr\/tr\/ozel-cankaya-hastanesi-robotik-ortopedi-cerrahisinde-buyuk-basarilarina-bir-yenisini-daha-ekledi\/\">\u00d6zel \u00c7ankaya Hastanesi Robotik Ortopedi Cerrahisinde B\u00fcy\u00fck Ba\u015far\u0131lar\u0131na Bir Yenisini Daha Ekledi<\/a><\/h3>\r\n\r\n                            <a href=\"https:\/\/cankayahastanesi.com.tr\/tr\/ozel-cankaya-hastanesi-robotik-ortopedi-cerrahisinde-buyuk-basarilarina-bir-yenisini-daha-ekledi\/\" class=\"blog-btn\">Daha Fazla Oku<\/a>\r\n                        <\/div>\r\n                    <\/div>\r\n\r\n                <\/div>\r\n                                <div class=\"col-lg-4 col-md-6\">\r\n\r\n                    <div class=\"single-blog-card\">\r\n                                                    <div class=\"blog-image\">\r\n                                <a href=\"https:\/\/cankayahastanesi.com.tr\/tr\/2-sahadan-ameliyathaneye-spor-yaralanmalari-sempozyumu\/\">\r\n                                    <img decoding=\"async\" src=\"https:\/\/cankayahastanesi.com.tr\/wp-content\/uploads\/2025\/04\/2.-Sahadan-Ameliyathaneye-Spor-Yaralanmalari-Sempozyumu-860x649.webp\" alt=\"\">\r\n                                <\/a>\r\n                            <\/div>\r\n                        \r\n                        <div class=\"blog-content\">\r\n                            <ul class=\"entry-meta d-flex justify-content-between align-items-center\">\r\n                                \r\n                                <li><i class='bx bx-calendar'><\/i> Nisan 20, 2025 <\/li>\r\n                            <\/ul>\r\n\r\n                            <h3><a href=\"https:\/\/cankayahastanesi.com.tr\/tr\/2-sahadan-ameliyathaneye-spor-yaralanmalari-sempozyumu\/\">2. Sahadan Ameliyathaneye Spor Yaralanmalar\u0131 Sempozyumu<\/a><\/h3>\r\n\r\n                            <a href=\"https:\/\/cankayahastanesi.com.tr\/tr\/2-sahadan-ameliyathaneye-spor-yaralanmalari-sempozyumu\/\" class=\"blog-btn\">Daha Fazla Oku<\/a>\r\n                        <\/div>\r\n                    <\/div>\r\n\r\n                <\/div>\r\n                                <div class=\"col-lg-4 col-md-6\">\r\n\r\n                    <div class=\"single-blog-card\">\r\n                                                    <div class=\"blog-image\">\r\n                                <a href=\"https:\/\/cankayahastanesi.com.tr\/tr\/cankaya-hastanesi-ortopedi-hekimlerimiz-4-kalca-artroskopisi-kadavra-kursunda-egitim-verdi\/\">\r\n                                    <img decoding=\"async\" src=\"https:\/\/cankayahastanesi.com.tr\/wp-content\/uploads\/2024\/12\/4-Kalca-Artroskopisi-Kadavra-Kursu-1-860x649.webp\" alt=\"\">\r\n                                <\/a>\r\n                            <\/div>\r\n                        \r\n                        <div class=\"blog-content\">\r\n                            <ul class=\"entry-meta d-flex justify-content-between align-items-center\">\r\n                                \r\n                                <li><i class='bx bx-calendar'><\/i> Aral\u0131k 24, 2024 <\/li>\r\n                            <\/ul>\r\n\r\n                            <h3><a href=\"https:\/\/cankayahastanesi.com.tr\/tr\/cankaya-hastanesi-ortopedi-hekimlerimiz-4-kalca-artroskopisi-kadavra-kursunda-egitim-verdi\/\">\u00c7ankaya Hastanesi Ortopedi Hekimlerimiz 4. Kal\u00e7a Artroskopisi Kadavra Kursunda E\u011fitim Verdi<\/a><\/h3>\r\n\r\n                            <a href=\"https:\/\/cankayahastanesi.com.tr\/tr\/cankaya-hastanesi-ortopedi-hekimlerimiz-4-kalca-artroskopisi-kadavra-kursunda-egitim-verdi\/\" class=\"blog-btn\">Daha Fazla Oku<\/a>\r\n                        <\/div>\r\n                    <\/div>\r\n\r\n                <\/div>\r\n                                <div class=\"col-lg-4 col-md-6\">\r\n\r\n                    <div class=\"single-blog-card\">\r\n                                                    <div class=\"blog-image\">\r\n                                <a href=\"https:\/\/cankayahastanesi.com.tr\/tr\/prof-dr-reha-tandogan-romanyada-diz-eklemi-koruyucu-cerrahiler-ve-diz-protezlerinde-yeni-teknolojileri-sempozyumuna-katildi\/\">\r\n                                    <img decoding=\"async\" src=\"https:\/\/cankayahastanesi.com.tr\/wp-content\/uploads\/2024\/10\/Diz-Eklemi-Koruyucu-Cerrahiler-ve-Diz-Protezlerinde-Yeni-Teknolojileri-860x649.webp\" alt=\"\">\r\n                                <\/a>\r\n                            <\/div>\r\n                        \r\n                        <div class=\"blog-content\">\r\n                            <ul class=\"entry-meta d-flex justify-content-between align-items-center\">\r\n                                \r\n                                <li><i class='bx bx-calendar'><\/i> Ekim 21, 2024 <\/li>\r\n                            <\/ul>\r\n\r\n                            <h3><a href=\"https:\/\/cankayahastanesi.com.tr\/tr\/prof-dr-reha-tandogan-romanyada-diz-eklemi-koruyucu-cerrahiler-ve-diz-protezlerinde-yeni-teknolojileri-sempozyumuna-katildi\/\">Prof. Dr. Reha Tando\u011fan Romanya\u2019da Diz Eklemi Koruyucu Cerrahiler ve Diz Protezlerinde Yeni Teknolojileri Sempozyumuna Kat\u0131ld\u0131<\/a><\/h3>\r\n\r\n                            <a href=\"https:\/\/cankayahastanesi.com.tr\/tr\/prof-dr-reha-tandogan-romanyada-diz-eklemi-koruyucu-cerrahiler-ve-diz-protezlerinde-yeni-teknolojileri-sempozyumuna-katildi\/\" class=\"blog-btn\">Daha Fazla Oku<\/a>\r\n                        <\/div>\r\n                    <\/div>\r\n\r\n                <\/div>\r\n                                <div class=\"col-lg-4 col-md-6\">\r\n\r\n                    <div class=\"single-blog-card\">\r\n                                                    <div class=\"blog-image\">\r\n                                <a href=\"https:\/\/cankayahastanesi.com.tr\/tr\/prof-dr-reha-tandogan-selanikte-duzenlenen-11-ileri-artroplasti-cerrahisinde-guncel-kavramlar-toplantisinda-ulkemizi-temsil-etti\/\">\r\n                                    <img decoding=\"async\" src=\"https:\/\/cankayahastanesi.com.tr\/wp-content\/uploads\/2024\/10\/Ileri-Artroplasti-Cerrahisinde-Guncel-Kavramlar-860x649.webp\" alt=\"\">\r\n                                <\/a>\r\n                            <\/div>\r\n                        \r\n                        <div class=\"blog-content\">\r\n                            <ul class=\"entry-meta d-flex justify-content-between align-items-center\">\r\n                                \r\n                                <li><i class='bx bx-calendar'><\/i> Ekim 21, 2024 <\/li>\r\n                            <\/ul>\r\n\r\n                            <h3><a href=\"https:\/\/cankayahastanesi.com.tr\/tr\/prof-dr-reha-tandogan-selanikte-duzenlenen-11-ileri-artroplasti-cerrahisinde-guncel-kavramlar-toplantisinda-ulkemizi-temsil-etti\/\">Prof. Dr. Reha Tando\u011fan Selanik\u2019te d\u00fczenlenen 11. \u0130leri Artroplasti Cerrahisinde G\u00fcncel Kavramlar toplant\u0131s\u0131nda \u00fclkemizi temsil etti.<\/a><\/h3>\r\n\r\n                            <a href=\"https:\/\/cankayahastanesi.com.tr\/tr\/prof-dr-reha-tandogan-selanikte-duzenlenen-11-ileri-artroplasti-cerrahisinde-guncel-kavramlar-toplantisinda-ulkemizi-temsil-etti\/\" class=\"blog-btn\">Daha Fazla Oku<\/a>\r\n                        <\/div>\r\n                    <\/div>\r\n\r\n                <\/div>\r\n                                <div class=\"col-lg-4 col-md-6\">\r\n\r\n                    <div class=\"single-blog-card\">\r\n                                                    <div class=\"blog-image\">\r\n                                <a href=\"https:\/\/cankayahastanesi.com.tr\/tr\/cankaya-hastanesi-ortopedi-maratonu-2024teydi\/\">\r\n                                    <img decoding=\"async\" src=\"https:\/\/cankayahastanesi.com.tr\/wp-content\/uploads\/2024\/09\/Ortopedi-Maratonu-2024-3-860x649.webp\" alt=\"\">\r\n                                <\/a>\r\n                            <\/div>\r\n                        \r\n                        <div class=\"blog-content\">\r\n                            <ul class=\"entry-meta d-flex justify-content-between align-items-center\">\r\n                                \r\n                                <li><i class='bx bx-calendar'><\/i> Eyl\u00fcl 26, 2024 <\/li>\r\n                            <\/ul>\r\n\r\n                            <h3><a href=\"https:\/\/cankayahastanesi.com.tr\/tr\/cankaya-hastanesi-ortopedi-maratonu-2024teydi\/\">\u00c7ankaya Hastanesi, Ortopedi Maratonu 2024&#8217;teydi<\/a><\/h3>\r\n\r\n                            <a href=\"https:\/\/cankayahastanesi.com.tr\/tr\/cankaya-hastanesi-ortopedi-maratonu-2024teydi\/\" class=\"blog-btn\">Daha Fazla Oku<\/a>\r\n                        <\/div>\r\n                    <\/div>\r\n\r\n                <\/div>\r\n                                <div class=\"col-lg-4 col-md-6\">\r\n\r\n                    <div class=\"single-blog-card\">\r\n                                                    <div class=\"blog-image\">\r\n                                <a href=\"https:\/\/cankayahastanesi.com.tr\/tr\/totbid-spor-travmatolojisi-canli-cerrahi-sempozyumu\/\">\r\n                                    <img decoding=\"async\" src=\"https:\/\/cankayahastanesi.com.tr\/wp-content\/uploads\/2024\/06\/canli-cerrahi-sempozyumu-860x649.jpg\" alt=\"\">\r\n                                <\/a>\r\n                            <\/div>\r\n                        \r\n                        <div class=\"blog-content\">\r\n                            <ul class=\"entry-meta d-flex justify-content-between align-items-center\">\r\n                                \r\n                                <li><i class='bx bx-calendar'><\/i> Haziran 8, 2024 <\/li>\r\n                            <\/ul>\r\n\r\n                            <h3><a href=\"https:\/\/cankayahastanesi.com.tr\/tr\/totbid-spor-travmatolojisi-canli-cerrahi-sempozyumu\/\">TOTB\u0130D Spor Travmatolojisi Canl\u0131 Cerrahi Sempozyumu<\/a><\/h3>\r\n\r\n                            <a href=\"https:\/\/cankayahastanesi.com.tr\/tr\/totbid-spor-travmatolojisi-canli-cerrahi-sempozyumu\/\" class=\"blog-btn\">Daha Fazla Oku<\/a>\r\n                        <\/div>\r\n                    <\/div>\r\n\r\n                <\/div>\r\n                                <div class=\"col-lg-4 col-md-6\">\r\n\r\n                    <div class=\"single-blog-card\">\r\n                                                    <div class=\"blog-image\">\r\n                                <a href=\"https:\/\/cankayahastanesi.com.tr\/tr\/acn-sigorta-hastanemizi-ziyaret-etti\/\">\r\n                                    <img decoding=\"async\" src=\"https:\/\/cankayahastanesi.com.tr\/wp-content\/uploads\/2024\/05\/acnsigorta-860x649.jpg\" alt=\"\">\r\n                                <\/a>\r\n                            <\/div>\r\n                        \r\n                        <div class=\"blog-content\">\r\n                            <ul class=\"entry-meta d-flex justify-content-between align-items-center\">\r\n                                \r\n                                <li><i class='bx bx-calendar'><\/i> May\u0131s 28, 2024 <\/li>\r\n                            <\/ul>\r\n\r\n                            <h3><a href=\"https:\/\/cankayahastanesi.com.tr\/tr\/acn-sigorta-hastanemizi-ziyaret-etti\/\">Acn Sigorta Hastanemizi Ziyaret Etti<\/a><\/h3>\r\n\r\n                            <a href=\"https:\/\/cankayahastanesi.com.tr\/tr\/acn-sigorta-hastanemizi-ziyaret-etti\/\" class=\"blog-btn\">Daha Fazla Oku<\/a>\r\n                        <\/div>\r\n                    <\/div>\r\n\r\n                <\/div>\r\n                                <div class=\"col-lg-4 col-md-6\">\r\n\r\n                    <div class=\"single-blog-card\">\r\n                                                    <div class=\"blog-image\">\r\n                                <a href=\"https:\/\/cankayahastanesi.com.tr\/tr\/cankaya-hastanesi-avrupa-spor-yaralanmalari-diz-cerrahisi-ve-artroskopi-dernegi-onayli-egitim-merkezi-oldu\/\">\r\n                                    <img decoding=\"async\" src=\"https:\/\/cankayahastanesi.com.tr\/wp-content\/uploads\/2024\/04\/esska-haberler-860x649.jpg\" alt=\"\">\r\n                                <\/a>\r\n                            <\/div>\r\n                        \r\n                        <div class=\"blog-content\">\r\n                            <ul class=\"entry-meta d-flex justify-content-between align-items-center\">\r\n                                \r\n                                <li><i class='bx bx-calendar'><\/i> Nisan 16, 2024 <\/li>\r\n                            <\/ul>\r\n\r\n                            <h3><a href=\"https:\/\/cankayahastanesi.com.tr\/tr\/cankaya-hastanesi-avrupa-spor-yaralanmalari-diz-cerrahisi-ve-artroskopi-dernegi-onayli-egitim-merkezi-oldu\/\">\u00c7ankaya Hastanesi Avrupa Spor Yaralanmalar\u0131 Diz Cerrahisi ve Artroskopi Derne\u011fi Onayl\u0131 E\u011fitim Merkezi Oldu<\/a><\/h3>\r\n\r\n                            <a href=\"https:\/\/cankayahastanesi.com.tr\/tr\/cankaya-hastanesi-avrupa-spor-yaralanmalari-diz-cerrahisi-ve-artroskopi-dernegi-onayli-egitim-merkezi-oldu\/\" class=\"blog-btn\">Daha Fazla Oku<\/a>\r\n                        <\/div>\r\n                    <\/div>\r\n\r\n                <\/div>\r\n                                <div class=\"col-lg-4 col-md-6\">\r\n\r\n                    <div class=\"single-blog-card\">\r\n                                                    <div class=\"blog-image\">\r\n                                <a href=\"https:\/\/cankayahastanesi.com.tr\/tr\/hospitalmanager-nisan-sayisindayiz\/\">\r\n                                    <img decoding=\"async\" src=\"https:\/\/cankayahastanesi.com.tr\/wp-content\/uploads\/2024\/04\/hospitalmanager-yazi-860x649.jpg\" alt=\"\">\r\n                                <\/a>\r\n                            <\/div>\r\n                        \r\n                        <div class=\"blog-content\">\r\n                            <ul class=\"entry-meta d-flex justify-content-between align-items-center\">\r\n                                \r\n                                <li><i class='bx bx-calendar'><\/i> Nisan 8, 2024 <\/li>\r\n                            <\/ul>\r\n\r\n                            <h3><a href=\"https:\/\/cankayahastanesi.com.tr\/tr\/hospitalmanager-nisan-sayisindayiz\/\">hospitalmanager Nisan Say\u0131s\u0131nday\u0131z!<\/a><\/h3>\r\n\r\n                            <a href=\"https:\/\/cankayahastanesi.com.tr\/tr\/hospitalmanager-nisan-sayisindayiz\/\" class=\"blog-btn\">Daha Fazla Oku<\/a>\r\n                        <\/div>\r\n                    <\/div>\r\n\r\n                <\/div>\r\n                                <div class=\"col-lg-4 col-md-6\">\r\n\r\n                    <div class=\"single-blog-card\">\r\n                                                    <div class=\"blog-image\">\r\n                                <a href=\"https:\/\/cankayahastanesi.com.tr\/tr\/3-9-kasim-organ-bagisi-haftasi\/\">\r\n                                    <img decoding=\"async\" src=\"https:\/\/cankayahastanesi.com.tr\/wp-content\/uploads\/2023\/12\/organbagisii-860x649.webp\" alt=\"\">\r\n                                <\/a>\r\n                            <\/div>\r\n                        \r\n                        <div class=\"blog-content\">\r\n                            <ul class=\"entry-meta d-flex justify-content-between align-items-center\">\r\n                                \r\n                                <li><i class='bx bx-calendar'><\/i> Aral\u0131k 5, 2023 <\/li>\r\n                            <\/ul>\r\n\r\n                            <h3><a href=\"https:\/\/cankayahastanesi.com.tr\/tr\/3-9-kasim-organ-bagisi-haftasi\/\">3-9 Kas\u0131m Organ Ba\u011f\u0131\u015f\u0131 Haftas\u0131 #OrganBa\u011f\u0131\u015f\u0131HayatKurtar\u0131r<\/a><\/h3>\r\n\r\n                            <a href=\"https:\/\/cankayahastanesi.com.tr\/tr\/3-9-kasim-organ-bagisi-haftasi\/\" class=\"blog-btn\">Daha Fazla Oku<\/a>\r\n                        <\/div>\r\n                    <\/div>\r\n\r\n                <\/div>\r\n                                <div class=\"col-lg-4 col-md-6\">\r\n\r\n                    <div class=\"single-blog-card\">\r\n                                                    <div class=\"blog-image\">\r\n                                <a href=\"https:\/\/cankayahastanesi.com.tr\/tr\/yilin-saglik-girisimcisi-op-dr-asim-kayaalp\/\">\r\n                                    <img decoding=\"async\" src=\"https:\/\/cankayahastanesi.com.tr\/wp-content\/uploads\/2021\/07\/Yilin-Saglik-Girisimcisi-Op.-Dr.-Asim-Kayaalp-860x649.webp\" alt=\"\">\r\n                                <\/a>\r\n                            <\/div>\r\n                        \r\n                        <div class=\"blog-content\">\r\n                            <ul class=\"entry-meta d-flex justify-content-between align-items-center\">\r\n                                \r\n                                <li><i class='bx bx-calendar'><\/i> Temmuz 31, 2021 <\/li>\r\n                            <\/ul>\r\n\r\n                            <h3><a href=\"https:\/\/cankayahastanesi.com.tr\/tr\/yilin-saglik-girisimcisi-op-dr-asim-kayaalp\/\">Y\u0131l\u0131n Sa\u011fl\u0131k Giri\u015fimcisi Op. Dr. As\u0131m Kayaalp<\/a><\/h3>\r\n\r\n                            <a href=\"https:\/\/cankayahastanesi.com.tr\/tr\/yilin-saglik-girisimcisi-op-dr-asim-kayaalp\/\" class=\"blog-btn\">Daha Fazla Oku<\/a>\r\n                        <\/div>\r\n                    <\/div>\r\n\r\n                <\/div>\r\n                                            <\/div>\r\n        <\/div>\r\n    \r\n        \t\t\t\t<\/div>\n\t\t\t\t<\/div>\n\t\t\t\t\t<\/div>\n\t\t<\/div>\n\t\t\t\t\t<\/div>\n\t\t<\/section>\n\t\t\t\t<\/div>\n\t\t","protected":false},"excerpt":{"rendered":"<p>Aral\u0131k 5, 2023 \u00c7ankaya Belediyesi \u0130\u015fbirli\u011fi ile S\u00fcnnet \u015e\u00f6leni Daha Fazla Oku Aral\u0131k 5, 2023 3-9 Kas\u0131m Organ Ba\u011f\u0131\u015f\u0131 Haftas\u0131 #OrganBa\u011f\u0131\u015f\u0131HayatKurtar\u0131r Daha Fazla Oku Bizden Haberler Temmuz 31, 2021 Y\u0131l\u0131n Sa\u011fl\u0131k Giri\u015fimcisi Op. Dr. As\u0131m Kayaalp Daha Fazla Oku<\/p>\n","protected":false},"author":1,"featured_media":0,"parent":0,"menu_order":0,"comment_status":"closed","ping_status":"closed","template":"","meta":{"footnotes":""},"class_list":["post-4390","page","type-page","status-publish","hentry"],"acf":[],"_links":{"self":[{"href":"https:\/\/cankayahastanesi.com.tr\/tr\/wp-json\/wp\/v2\/pages\/4390","targetHints":{"allow":["GET"]}}],"collection":[{"href":"https:\/\/cankayahastanesi.com.tr\/tr\/wp-json\/wp\/v2\/pages"}],"about":[{"href":"https:\/\/cankayahastanesi.com.tr\/tr\/wp-json\/wp\/v2\/types\/page"}],"author":[{"embeddable":true,"href":"https:\/\/cankayahastanesi.com.tr\/tr\/wp-json\/wp\/v2\/users\/1"}],"replies":[{"embeddable":true,"href":"https:\/\/cankayahastanesi.com.tr\/tr\/wp-json\/wp\/v2\/comments?post=4390"}],"version-history":[{"count":4,"href":"https:\/\/cankayahastanesi.com.tr\/tr\/wp-json\/wp\/v2\/pages\/4390\/revisions"}],"predecessor-version":[{"id":4394,"href":"https:\/\/cankayahastanesi.com.tr\/tr\/wp-json\/wp\/v2\/pages\/4390\/revisions\/4394"}],"wp:attachment":[{"href":"https:\/\/cankayahastanesi.com.tr\/tr\/wp-json\/wp\/v2\/media?parent=4390"}],"curies":[{"name":"wp","href":"https:\/\/api.w.org\/{rel}","templated":true}]}}