{"id":41,"date":"2021-07-27T05:29:34","date_gmt":"2021-07-27T05:29:34","guid":{"rendered":"https:\/\/cankayahastanesi.site\/?page_id=41"},"modified":"2025-10-29T09:00:25","modified_gmt":"2025-10-29T09:00:25","slug":"iletisim","status":"publish","type":"page","link":"https:\/\/cankayahastanesi.com.tr\/tr\/iletisim\/","title":{"rendered":"\u0130leti\u015fim"},"content":{"rendered":"\t\t<div data-elementor-type=\"wp-page\" data-elementor-id=\"41\" class=\"elementor elementor-41\">\n\t\t\t\t\t\t<div class=\"elementor-section elementor-top-section elementor-element elementor-element-8ea6737 elementor-section-full_width contact-info-area pt-100 pb-75 elementor-section-height-default elementor-section-height-default\" data-id=\"8ea6737\" data-element_type=\"section\">\n\t\t\t\t\t\t<div class=\"elementor-container elementor-column-gap-no\">\n\t\t\t\t\t<div class=\"elementor-column elementor-col-100 elementor-top-column elementor-element elementor-element-4b9ef8b\" data-id=\"4b9ef8b\" data-element_type=\"column\">\n\t\t\t<div class=\"elementor-widget-wrap elementor-element-populated\">\n\t\t\t\t\t\t<div class=\"elementor-element elementor-element-5fb2608 elementor-widget elementor-widget-Rola_Section\" data-id=\"5fb2608\" data-element_type=\"widget\" data-widget_type=\"Rola_Section.default\">\n\t\t\t\t<div class=\"elementor-widget-container\">\n\t\t\t\t\t                    <div class=\"container\">\r\n                <div class=\"section-title\">\r\n                                            <span class=\"sub-title\">\r\n                                                        \u0130LET\u0130\u015e\u0130M B\u0130LG\u0130LER\u0130M\u0130Z                        <\/span>\r\n                                        <h2>\u015eimdi<b> Bize Ula\u015f\u0131n <\/b><\/h2>\r\n                    <p><\/p>\r\n                <\/div>\r\n            <\/div>\r\n        \r\n        \t\t\t\t<\/div>\n\t\t\t\t<\/div>\n\t\t\t\t<div class=\"elementor-element elementor-element-bc2552f elementor-widget elementor-widget-rolacontactInfo\" data-id=\"bc2552f\" data-element_type=\"widget\" data-widget_type=\"rolacontactInfo.default\">\n\t\t\t\t<div class=\"elementor-widget-container\">\n\t\t\t\t\t\r\n        <div class=\"container\">\r\n            <div class=\"row justify-content-center\">\r\n                                    <div class=\"col-lg-3 col-md-4\">\r\n                        <div class=\"single-contact-info-card\">\r\n                                                            <div class=\"icon\">\r\n                                    <i class='bx bx-map'><\/i>\r\n                                <\/div>\r\n                            \r\n                            <h3>Adres<\/h3>\r\n\r\n                             <p>B\u00fclten Sokak No:44 \u00c7ankaya Ankara<\/p>                        <\/div>\r\n                    <\/div>\r\n                                    <div class=\"col-lg-3 col-md-4\">\r\n                        <div class=\"single-contact-info-card\">\r\n                                                            <div class=\"icon\">\r\n                                    <i class='bx bx-phone-call'><\/i>\r\n                                <\/div>\r\n                            \r\n                            <h3>\u00c7a\u011fr\u0131 Merkezi<\/h3>\r\n\r\n                              <p>312 426 1450<\/a><\/p>\n                            <p>0544 854 66 10 Whatsapp<\/a><\/p>                        <\/div>\r\n                    <\/div>\r\n                                    <div class=\"col-lg-3 col-md-4\">\r\n                        <div class=\"single-contact-info-card\">\r\n                                                            <div class=\"icon\">\r\n                                    <i class='bx bx-envelope'><\/i>\r\n                                <\/div>\r\n                            \r\n                            <h3>Email<\/h3>\r\n\r\n                             <p>info@cankayahastanesi.com.tr<\/a><\/p>\n                        <br>                        <\/div>\r\n                    <\/div>\r\n                            <\/div>\r\n        <\/div>\r\n\r\n    \t\t\t\t<\/div>\n\t\t\t\t<\/div>\n\t\t\t\t\t<\/div>\n\t\t<\/div>\n\t\t\t\t\t<\/div>\n\t\t<\/div>\n\t\t\t\t<section class=\"elementor-section elementor-top-section elementor-element elementor-element-d71e243 elementor-section-boxed elementor-section-height-default elementor-section-height-default\" data-id=\"d71e243\" data-element_type=\"section\">\n\t\t\t\t\t\t<div class=\"elementor-container elementor-column-gap-default\">\n\t\t\t\t\t<div class=\"elementor-column elementor-col-50 elementor-top-column elementor-element elementor-element-fc536ec\" data-id=\"fc536ec\" data-element_type=\"column\">\n\t\t\t<div class=\"elementor-widget-wrap elementor-element-populated\">\n\t\t\t\t\t\t<div class=\"elementor-element elementor-element-df10489 elementor-widget elementor-widget-Rola_Section\" data-id=\"df10489\" data-element_type=\"widget\" data-widget_type=\"Rola_Section.default\">\n\t\t\t\t<div class=\"elementor-widget-container\">\n\t\t\t\t\t                    <div class=\"container\">\r\n                <div class=\"section-title\">\r\n                                        <h2>Hastanemize <b> Ula\u015f\u0131m<\/b><\/h2>\r\n                    <p>\u015eehir d\u0131\u015f\u0131ndan gelen hasta ve hasta yak\u0131nlar\u0131m\u0131z i\u00e7in hastanemize ula\u015f\u0131m \u015f\u00f6yledir:\n<\/p>\r\n                <\/div>\r\n            <\/div>\r\n        \r\n        \t\t\t\t<\/div>\n\t\t\t\t<\/div>\n\t\t\t\t<div class=\"elementor-element elementor-element-5232a2a elementor-widget elementor-widget-Rola_Faq\" data-id=\"5232a2a\" data-element_type=\"widget\" data-widget_type=\"Rola_Faq.default\">\n\t\t\t\t<div class=\"elementor-widget-container\">\n\t\t\t\t\t        <div class=\"container\">\r\n            <div class=\"faq-accordion\">\r\n                <div class=\"accordion\">\r\n                                            <div class=\"accordion-item\">\r\n                            <div class=\"accordion-title active\">\r\n                                <i class='bx bx-plus'><\/i>\r\n                                HAVAALANI                            <\/div>\r\n\r\n                            <div class=\"accordion-content show\">\r\n                                <p> Hava\u015f ya da EGO otob\u00fcsleri ile k\u0131z\u0131lay dura\u011f\u0131ndan inip 317-318-319-160-323 nolu \u00d6zel halk Otob\u00fcs\u00fc ya da EGO otob\u00fcsleri ile hastanemize ula\u015fabilirsiniz.<\/p>\r\n                            <\/div>\r\n                        <\/div>\r\n                                            <div class=\"accordion-item\">\r\n                            <div class=\"accordion-title \">\r\n                                <i class='bx bx-plus'><\/i>\r\n                                OTOGAR (A\u015eT\u0130)                            <\/div>\r\n\r\n                            <div class=\"accordion-content \">\r\n                                <p> Ankaray ile K\u0131z\u0131lay dura\u011f\u0131nda inip 317-318-319-160-323 nolu \u00d6zel halk Otob\u00fcs\u00fc ya da EGO otob\u00fcsleri ile hastanemize ula\u015fabilirsiniz.<\/p>\r\n                            <\/div>\r\n                        <\/div>\r\n                                            <div class=\"accordion-item\">\r\n                            <div class=\"accordion-title \">\r\n                                <i class='bx bx-plus'><\/i>\r\n                                TREN GARI                            <\/div>\r\n\r\n                            <div class=\"accordion-content \">\r\n                                <p> Metro Gar dura\u011f\u0131ndan K\u0131z\u0131lay dura\u011f\u0131nda inip 317-318-319-160-323 nolu \u00d6zel halk Otob\u00fcs\u00fc ya da EGO otob\u00fcsleri ile hastanemize ula\u015fabilirsiniz.<\/p>\r\n                            <\/div>\r\n                        <\/div>\r\n                                    <\/div>\r\n            <\/div>\r\n        <\/div>\r\n\r\n        \t\t\t\t<\/div>\n\t\t\t\t<\/div>\n\t\t\t\t\t<\/div>\n\t\t<\/div>\n\t\t\t\t<div class=\"elementor-column elementor-col-50 elementor-top-column elementor-element elementor-element-d95720a\" data-id=\"d95720a\" data-element_type=\"column\">\n\t\t\t<div class=\"elementor-widget-wrap elementor-element-populated\">\n\t\t\t\t\t\t<div class=\"elementor-element elementor-element-565f56b elementor-widget elementor-widget-html\" data-id=\"565f56b\" data-element_type=\"widget\" data-widget_type=\"html.default\">\n\t\t\t\t<div class=\"elementor-widget-container\">\n\t\t\t\t\t<iframe src=\"https:\/\/www.google.com\/maps\/embed?pb=!1m18!1m12!1m3!1d3060.641921486118!2d32.86078937556723!3d39.90464868664794!2m3!1f0!2f0!3f0!3m2!1i1024!2i768!4f13.1!3m3!1m2!1s0x14d34fa48c53b3e1%3A0x3702889170e501a5!2s%C3%96zel%20%C3%87ankaya%20Hastanesi!5e0!3m2!1str!2str!4v1699611311420!5m2!1str!2str\" width=\"600\" height=\"630\" style=\"border:0;\" allowfullscreen=\"\" loading=\"lazy\" referrerpolicy=\"no-referrer-when-downgrade\"><\/iframe>\t\t\t\t<\/div>\n\t\t\t\t<\/div>\n\t\t\t\t\t<\/div>\n\t\t<\/div>\n\t\t\t\t\t<\/div>\n\t\t<\/section>\n\t\t\t\t<div class=\"elementor-section elementor-top-section elementor-element elementor-element-ff896d1 contact-area pb-100 elementor-section-boxed elementor-section-height-default elementor-section-height-default\" data-id=\"ff896d1\" data-element_type=\"section\">\n\t\t\t\t\t\t<div class=\"elementor-container elementor-column-gap-no\">\n\t\t\t\t\t<div class=\"elementor-column elementor-col-100 elementor-top-column elementor-element elementor-element-0d49c8a\" data-id=\"0d49c8a\" data-element_type=\"column\">\n\t\t\t<div class=\"elementor-widget-wrap elementor-element-populated\">\n\t\t\t\t\t\t<div class=\"elementor-element elementor-element-d6b0fa7 elementor-widget elementor-widget-Rola_Section\" data-id=\"d6b0fa7\" data-element_type=\"widget\" data-widget_type=\"Rola_Section.default\">\n\t\t\t\t<div class=\"elementor-widget-container\">\n\t\t\t\t\t                    <div class=\"container\">\r\n                <div class=\"section-title\">\r\n                                            <span class=\"sub-title\">\r\n                                                        RANDEVU AL                        <\/span>\r\n                                        <h2>Formu Doldurun <b>Bilgi ve Randevu \u0130\u00e7in<\/b> Sizi Arayal\u0131m<\/h2>\r\n                    <p><\/p>\r\n                <\/div>\r\n            <\/div>\r\n        \r\n        \t\t\t\t<\/div>\n\t\t\t\t<\/div>\n\t\t\t\t<div class=\"elementor-element elementor-element-82809ae elementor-widget elementor-widget-rolacontact-widget\" data-id=\"82809ae\" data-element_type=\"widget\" data-widget_type=\"rolacontact-widget.default\">\n\t\t\t\t<div class=\"elementor-widget-container\">\n\t\t\t\t\t        <div class=\"container\">\r\n           \r\n                            <div class=\"contact-form\">\r\n                    \n<div class=\"wpcf7 no-js\" id=\"wpcf7-f615-o1\" lang=\"en-US\" dir=\"ltr\" data-wpcf7-id=\"615\">\n<div class=\"screen-reader-response\"><p role=\"status\" aria-live=\"polite\" aria-atomic=\"true\"><\/p> <ul><\/ul><\/div>\n<form action=\"\/tr\/wp-json\/wp\/v2\/pages\/41#wpcf7-f615-o1\" method=\"post\" class=\"wpcf7-form init\" aria-label=\"Contact form\" novalidate=\"novalidate\" data-status=\"init\">\n<div style=\"display: none;\">\n<input type=\"hidden\" name=\"_wpcf7\" value=\"615\" \/>\n<input type=\"hidden\" name=\"_wpcf7_version\" value=\"6.0.6\" \/>\n<input type=\"hidden\" name=\"_wpcf7_locale\" value=\"en_US\" \/>\n<input type=\"hidden\" name=\"_wpcf7_unit_tag\" value=\"wpcf7-f615-o1\" \/>\n<input type=\"hidden\" name=\"_wpcf7_container_post\" value=\"0\" \/>\n<input type=\"hidden\" name=\"_wpcf7_posted_data_hash\" value=\"\" \/>\n<\/div>\n<div class=\"row\">\n    <div class=\"col-lg-6 col-md-6\">\n        <div class=\"form-group\">\n            <span class=\"wpcf7-form-control-wrap\" data-name=\"your-name\"><input size=\"40\" maxlength=\"400\" class=\"wpcf7-form-control wpcf7-text wpcf7-validates-as-required form-control\" aria-required=\"true\" aria-invalid=\"false\" placeholder=\"Ad Soyad*\" value=\"\" type=\"text\" name=\"your-name\" \/><\/span>\n        <\/div>\n    <\/div>\n\n    <div class=\"col-lg-6 col-md-6\">\n        <div class=\"form-group\">\n            <span class=\"wpcf7-form-control-wrap\" data-name=\"your-email\"><input size=\"40\" maxlength=\"400\" class=\"wpcf7-form-control wpcf7-email wpcf7-validates-as-required wpcf7-text wpcf7-validates-as-email form-control\" aria-required=\"true\" aria-invalid=\"false\" placeholder=\"Mail Adresiniz*\" value=\"\" type=\"email\" name=\"your-email\" \/><\/span>\n        <\/div>\n    <\/div>\n\n    <div class=\"col-lg-6 col-md-6\">\n        <div class=\"form-group\">\n            <span class=\"wpcf7-form-control-wrap\" data-name=\"your-number\"><input class=\"wpcf7-form-control wpcf7-number wpcf7-validates-as-required wpcf7-validates-as-number form-control\" aria-required=\"true\" aria-invalid=\"false\" placeholder=\"Telefon Numaran\u0131z*\" value=\"\" type=\"number\" name=\"your-number\" \/><\/span>\n        <\/div>\n    <\/div>\n\n    <div class=\"col-lg-6 col-md-6\">\n        <div class=\"form-group\">\n            <span class=\"wpcf7-form-control-wrap\" data-name=\"your-subject\"><input size=\"40\" maxlength=\"400\" class=\"wpcf7-form-control wpcf7-text wpcf7-validates-as-required form-control\" aria-required=\"true\" aria-invalid=\"false\" placeholder=\"Konu*\" value=\"\" type=\"text\" name=\"your-subject\" \/><\/span>\n        <\/div>\n    <\/div>\n\n    <div class=\"col-lg-12 col-md-12\">\n        <div class=\"form-group\">\n            <span class=\"wpcf7-form-control-wrap\" data-name=\"your-message\"><textarea cols=\"40\" rows=\"5\" maxlength=\"2000\" class=\"wpcf7-form-control wpcf7-textarea form-control\" aria-invalid=\"false\" placeholder=\"Mesaj\u0131n\u0131z\" name=\"your-message\"><\/textarea><\/span>\n\n            <span class=\"wpcf7-form-control-wrap\" data-name=\"gdpr\"><span class=\"wpcf7-form-control wpcf7-acceptance\"><span class=\"wpcf7-list-item\"><label><input type=\"checkbox\" name=\"gdpr\" value=\"1\" class=\"gdpr-term\" aria-invalid=\"false\" \/><span class=\"wpcf7-list-item-label\"><a href=\"https:\/\/cankayahastanesi.com.tr\/tr\/kisisel-verilerin-korunmasi\/\">Ki\u015fisel Verilerin Korunmas\u0131\n <\/a> Kabul Ediyorum.<\/span><\/label><\/span><\/span><\/span>\n        <\/div>\n    <\/div>\n\n    <div class=\"col-lg-12 col-md-12\">\n        <button type=\"submit\" class=\"default-btn\">G\u00f6nder<\/button>\n    <\/div>\n<\/div><div class=\"wpcf7-response-output\" aria-hidden=\"true\"><\/div>\n<\/form>\n<\/div>\n                <\/div>\r\n                    <\/div>\r\n\r\n    \t\t\t\t<\/div>\n\t\t\t\t<\/div>\n\t\t\t\t\t<\/div>\n\t\t<\/div>\n\t\t\t\t\t<\/div>\n\t\t<\/div>\n\t\t\t\t<\/div>\n\t\t","protected":false},"excerpt":{"rendered":"<p>\u0130LET\u0130\u015e\u0130M B\u0130LG\u0130LER\u0130M\u0130Z \u015eimdi Bize Ula\u015f\u0131n Adres B\u00fclten Sokak No:44 \u00c7ankaya Ankara \u00c7a\u011fr\u0131 Merkezi 312 426 1450 0544 854 66 10 Whatsapp Email info@cankayahastanesi.com.tr Hastanemize Ula\u015f\u0131m \u015eehir d\u0131\u015f\u0131ndan gelen hasta ve hasta yak\u0131nlar\u0131m\u0131z i\u00e7in hastanemize ula\u015f\u0131m \u015f\u00f6yledir: HAVAALANI Hava\u015f ya da EGO otob\u00fcsleri ile k\u0131z\u0131lay dura\u011f\u0131ndan inip 317-318-319-160-323 nolu \u00d6zel halk Otob\u00fcs\u00fc ya da EGO otob\u00fcsleri <\/p>\n","protected":false},"author":1,"featured_media":0,"parent":0,"menu_order":0,"comment_status":"closed","ping_status":"closed","template":"","meta":{"footnotes":""},"class_list":["post-41","page","type-page","status-publish","hentry"],"acf":[],"_links":{"self":[{"href":"https:\/\/cankayahastanesi.com.tr\/tr\/wp-json\/wp\/v2\/pages\/41","targetHints":{"allow":["GET"]}}],"collection":[{"href":"https:\/\/cankayahastanesi.com.tr\/tr\/wp-json\/wp\/v2\/pages"}],"about":[{"href":"https:\/\/cankayahastanesi.com.tr\/tr\/wp-json\/wp\/v2\/types\/page"}],"author":[{"embeddable":true,"href":"https:\/\/cankayahastanesi.com.tr\/tr\/wp-json\/wp\/v2\/users\/1"}],"replies":[{"embeddable":true,"href":"https:\/\/cankayahastanesi.com.tr\/tr\/wp-json\/wp\/v2\/comments?post=41"}],"version-history":[{"count":62,"href":"https:\/\/cankayahastanesi.com.tr\/tr\/wp-json\/wp\/v2\/pages\/41\/revisions"}],"predecessor-version":[{"id":4925,"href":"https:\/\/cankayahastanesi.com.tr\/tr\/wp-json\/wp\/v2\/pages\/41\/revisions\/4925"}],"wp:attachment":[{"href":"https:\/\/cankayahastanesi.com.tr\/tr\/wp-json\/wp\/v2\/media?parent=41"}],"curies":[{"name":"wp","href":"https:\/\/api.w.org\/{rel}","templated":true}]}}