{"id":3616,"date":"2023-11-28T11:20:21","date_gmt":"2023-11-28T11:20:21","guid":{"rendered":"https:\/\/cankayahastanesi.site\/?page_id=3616"},"modified":"2023-12-21T10:02:13","modified_gmt":"2023-12-21T10:02:13","slug":"yogun-bakim-ziyaretci-kurallari","status":"publish","type":"page","link":"https:\/\/cankayahastanesi.com.tr\/tr\/yogun-bakim-ziyaretci-kurallari\/","title":{"rendered":"Yo\u011fun Bak\u0131m Ziyaret\u00e7i Kurallar\u0131"},"content":{"rendered":"\t\t<div data-elementor-type=\"wp-page\" data-elementor-id=\"3616\" class=\"elementor elementor-3616\">\n\t\t\t\t\t\t<section class=\"elementor-section elementor-top-section elementor-element elementor-element-8a1280b elementor-section-boxed elementor-section-height-default elementor-section-height-default\" data-id=\"8a1280b\" data-element_type=\"section\" data-e-type=\"section\">\n\t\t\t\t\t\t<div class=\"elementor-container elementor-column-gap-no\">\n\t\t\t\t\t<div class=\"elementor-column elementor-col-100 elementor-top-column elementor-element elementor-element-d16e9d3\" data-id=\"d16e9d3\" data-element_type=\"column\" data-e-type=\"column\">\n\t\t\t<div class=\"elementor-widget-wrap elementor-element-populated\">\n\t\t\t\t\t\t<div class=\"elementor-element elementor-element-5e218e0 elementor-widget elementor-widget-Rola_Section\" data-id=\"5e218e0\" data-element_type=\"widget\" data-e-type=\"widget\" data-widget_type=\"Rola_Section.default\">\n\t\t\t\t<div class=\"elementor-widget-container\">\n\t\t\t\t\t                    <div class=\"container\">\r\n                <div class=\"section-title\">\r\n                                            <span class=\"sub-title\">\r\n                                                        Ziyaret\u00e7i Kurallar\u0131                        <\/span>\r\n                                        <h1><b>Yo\u011fun Bak\u0131m Ziyaret\u00e7i Kurallar\u0131<\/b><\/h1>\r\n                    <p><\/p>\r\n                <\/div>\r\n            <\/div>\r\n        \r\n        \t\t\t\t<\/div>\n\t\t\t\t<\/div>\n\t\t\t\t\t<\/div>\n\t\t<\/div>\n\t\t\t\t\t<\/div>\n\t\t<\/section>\n\t\t\t\t<section class=\"elementor-section elementor-top-section elementor-element elementor-element-f74d70f elementor-section-boxed elementor-section-height-default elementor-section-height-default\" data-id=\"f74d70f\" data-element_type=\"section\" data-e-type=\"section\">\n\t\t\t\t\t\t<div class=\"elementor-container elementor-column-gap-default\">\n\t\t\t\t\t<div class=\"elementor-column elementor-col-100 elementor-top-column elementor-element elementor-element-85aec25\" data-id=\"85aec25\" data-element_type=\"column\" data-e-type=\"column\">\n\t\t\t<div class=\"elementor-widget-wrap elementor-element-populated\">\n\t\t\t\t\t\t<div class=\"elementor-element elementor-element-fceb1b7 elementor-widget elementor-widget-image\" data-id=\"fceb1b7\" data-element_type=\"widget\" data-e-type=\"widget\" data-widget_type=\"image.default\">\n\t\t\t\t<div class=\"elementor-widget-container\">\n\t\t\t\t\t\t\t\t\t\t\t\t\t\t\t<img fetchpriority=\"high\" decoding=\"async\" width=\"1528\" height=\"530\" src=\"https:\/\/cankayahastanesi.com.tr\/wp-content\/uploads\/2023\/11\/Yogun-Bakim-Ziyaretci-Kurallari.webp\" class=\"attachment-full size-full wp-image-3618\" alt=\"\" srcset=\"https:\/\/cankayahastanesi.com.tr\/wp-content\/uploads\/2023\/11\/Yogun-Bakim-Ziyaretci-Kurallari.webp 1528w, https:\/\/cankayahastanesi.com.tr\/wp-content\/uploads\/2023\/11\/Yogun-Bakim-Ziyaretci-Kurallari-300x104.webp 300w, https:\/\/cankayahastanesi.com.tr\/wp-content\/uploads\/2023\/11\/Yogun-Bakim-Ziyaretci-Kurallari-1024x355.webp 1024w, https:\/\/cankayahastanesi.com.tr\/wp-content\/uploads\/2023\/11\/Yogun-Bakim-Ziyaretci-Kurallari-768x266.webp 768w\" sizes=\"(max-width: 1528px) 100vw, 1528px\" \/>\t\t\t\t\t\t\t\t\t\t\t\t\t\t\t<\/div>\n\t\t\t\t<\/div>\n\t\t\t\t\t<\/div>\n\t\t<\/div>\n\t\t\t\t\t<\/div>\n\t\t<\/section>\n\t\t\t\t<section class=\"elementor-section elementor-top-section elementor-element elementor-element-765b545 elementor-section-boxed elementor-section-height-default elementor-section-height-default\" data-id=\"765b545\" data-element_type=\"section\" data-e-type=\"section\">\n\t\t\t\t\t\t<div class=\"elementor-container elementor-column-gap-default\">\n\t\t\t\t\t<div class=\"elementor-column elementor-col-100 elementor-top-column elementor-element elementor-element-b91220c\" data-id=\"b91220c\" data-element_type=\"column\" data-e-type=\"column\">\n\t\t\t<div class=\"elementor-widget-wrap elementor-element-populated\">\n\t\t\t\t\t\t<div class=\"elementor-element elementor-element-89a5064 elementor-widget elementor-widget-text-editor\" data-id=\"89a5064\" data-element_type=\"widget\" data-e-type=\"widget\" data-widget_type=\"text-editor.default\">\n\t\t\t\t<div class=\"elementor-widget-container\">\n\t\t\t\t\t\t\t\t\t<h3>Hasta ziyaret saatleri hekim taraf\u0131ndan belirlenir.<\/h3><p><strong>A\u015fa\u011f\u0131da belirtilen rahats\u0131zl\u0131klar\u0131 olan ziyaret\u00e7iler, ziyarete kabul edilmezler;<\/strong><\/p><ul><li>\u00d6zellikle solunum sistemi hastal\u0131\u011f\u0131 olanlar<br \/>(Aks\u0131r\u0131k, \u00f6ks\u00fcr\u00fck belirtileri olanlar)<\/li><li>Ba\u011f\u0131\u015f\u0131kl\u0131k sistemi hastal\u0131\u011f\u0131 olanlar<\/li><li>Ate\u015fi y\u00fcksek olanlar\u0131n ziyarette bulunmas\u0131 sak\u0131ncal\u0131d\u0131r<\/li><li>A\u015f\u0131r\u0131 heyecanl\u0131 olanlar<\/li><li>Y\u00fcksek tansiyon hastalar\u0131<\/li><li>10 (on) ya\u015f alt\u0131ndaki \u00e7ocukar ki\u015fisel koruyucu ekipmanlar\u0131n kullan\u0131m\u0131nda zorlanacaklar\u0131 i\u00e7in \u00c7OK \u00d6ZEL DURUMLAR DI\u015eINDA yo\u011fun bak\u0131m \u00fcnitelerine ziyaret\u00e7i olarak kabul edilmezler<\/li><\/ul><p><strong>Ziyaret\u00e7ilerin ziyaret esnas\u0131nda uymas\u0131 gereken kurallar;<\/strong><\/p><ul><li>Ziyaret\u00e7iler ziyaret esnas\u0131nda sadece kendi hastalar\u0131 ile ilgilenebilirler<\/li><li>Ziyaret esnas\u0131nda hasta yata\u011f\u0131na oturulmas\u0131 t\u0131bben sak\u0131ncal\u0131d\u0131r<\/li><li>Ziyaret\u00e7iler ziyaret s\u00fcresince d\u0131\u015far\u0131dan herhangi bir \u015fey ile el temas\u0131ndan ka\u00e7\u0131nmal\u0131d\u0131r<\/li><li>Ziyaret\u00e7iler d\u0131\u015far\u0131dan yapay da olsa \u00e7i\u00e7ek, yiyecek-i\u00e7ecek, sa\u011fl\u0131k \u00e7al\u0131\u015fan\u0131 taraf\u0131ndan talep edilmedik\u00e7e giysi getiremezler<\/li><li>Ziyaret s\u0131ras\u0131nda herhangi bir ses, g\u00f6r\u00fcnt\u00fc kayd\u0131 yapamazlar<\/li><li>Ziyaret\u00e7iler hastalar\u0131n\u0131 telefon ile bir ba\u015fkas\u0131 ile g\u00f6r\u00fc\u015ft\u00fcremezler<\/li><li>Refakat\u00e7i olarak kalmak i\u00e7in herhangi bir talepte bulunamazlar. Hastalar\u0131n bak\u0131mlar\u0131 g\u00f6revli sa\u011fl\u0131k \u00e7al\u0131\u015fanlar\u0131 taraf\u0131ndan yap\u0131l\u0131r.<\/li><\/ul>\t\t\t\t\t\t\t\t<\/div>\n\t\t\t\t<\/div>\n\t\t\t\t\t<\/div>\n\t\t<\/div>\n\t\t\t\t\t<\/div>\n\t\t<\/section>\n\t\t\t\t<\/div>\n\t\t","protected":false},"excerpt":{"rendered":"<p>Ziyaret\u00e7i Kurallar\u0131 Yo\u011fun Bak\u0131m Ziyaret\u00e7i Kurallar\u0131 Hasta ziyaret saatleri hekim taraf\u0131ndan belirlenir. A\u015fa\u011f\u0131da belirtilen rahats\u0131zl\u0131klar\u0131 olan ziyaret\u00e7iler, ziyarete kabul edilmezler; \u00d6zellikle solunum sistemi hastal\u0131\u011f\u0131 olanlar(Aks\u0131r\u0131k, \u00f6ks\u00fcr\u00fck belirtileri olanlar) Ba\u011f\u0131\u015f\u0131kl\u0131k sistemi hastal\u0131\u011f\u0131 olanlar Ate\u015fi y\u00fcksek olanlar\u0131n ziyarette bulunmas\u0131 sak\u0131ncal\u0131d\u0131r A\u015f\u0131r\u0131 heyecanl\u0131 olanlar Y\u00fcksek tansiyon hastalar\u0131 10 (on) ya\u015f alt\u0131ndaki \u00e7ocukar ki\u015fisel koruyucu ekipmanlar\u0131n kullan\u0131m\u0131nda zorlanacaklar\u0131 i\u00e7in <\/p>\n","protected":false},"author":1,"featured_media":0,"parent":0,"menu_order":0,"comment_status":"closed","ping_status":"closed","template":"elementor_header_footer","meta":{"footnotes":""},"class_list":["post-3616","page","type-page","status-publish","hentry"],"acf":[],"_links":{"self":[{"href":"https:\/\/cankayahastanesi.com.tr\/tr\/wp-json\/wp\/v2\/pages\/3616","targetHints":{"allow":["GET"]}}],"collection":[{"href":"https:\/\/cankayahastanesi.com.tr\/tr\/wp-json\/wp\/v2\/pages"}],"about":[{"href":"https:\/\/cankayahastanesi.com.tr\/tr\/wp-json\/wp\/v2\/types\/page"}],"author":[{"embeddable":true,"href":"https:\/\/cankayahastanesi.com.tr\/tr\/wp-json\/wp\/v2\/users\/1"}],"replies":[{"embeddable":true,"href":"https:\/\/cankayahastanesi.com.tr\/tr\/wp-json\/wp\/v2\/comments?post=3616"}],"version-history":[{"count":10,"href":"https:\/\/cankayahastanesi.com.tr\/tr\/wp-json\/wp\/v2\/pages\/3616\/revisions"}],"predecessor-version":[{"id":4177,"href":"https:\/\/cankayahastanesi.com.tr\/tr\/wp-json\/wp\/v2\/pages\/3616\/revisions\/4177"}],"wp:attachment":[{"href":"https:\/\/cankayahastanesi.com.tr\/tr\/wp-json\/wp\/v2\/media?parent=3616"}],"curies":[{"name":"wp","href":"https:\/\/api.w.org\/{rel}","templated":true}]}}