{"id":3593,"date":"2023-11-28T11:09:46","date_gmt":"2023-11-28T11:09:46","guid":{"rendered":"https:\/\/cankayahastanesi.site\/?page_id=3593"},"modified":"2023-12-21T10:04:09","modified_gmt":"2023-12-21T10:04:09","slug":"kisisel-verilerin-korunmasi","status":"publish","type":"page","link":"https:\/\/cankayahastanesi.com.tr\/tr\/kisisel-verilerin-korunmasi\/","title":{"rendered":"Ki\u015fisel Verilerin Korunmas\u0131"},"content":{"rendered":"\t\t<div data-elementor-type=\"wp-page\" data-elementor-id=\"3593\" class=\"elementor elementor-3593\">\n\t\t\t\t\t\t<section class=\"elementor-section elementor-top-section elementor-element elementor-element-8a1280b elementor-section-boxed elementor-section-height-default elementor-section-height-default\" data-id=\"8a1280b\" data-element_type=\"section\" data-e-type=\"section\">\n\t\t\t\t\t\t<div class=\"elementor-container elementor-column-gap-no\">\n\t\t\t\t\t<div class=\"elementor-column elementor-col-100 elementor-top-column elementor-element elementor-element-d16e9d3\" data-id=\"d16e9d3\" data-element_type=\"column\" data-e-type=\"column\">\n\t\t\t<div class=\"elementor-widget-wrap elementor-element-populated\">\n\t\t\t\t\t\t<div class=\"elementor-element elementor-element-5e218e0 elementor-widget elementor-widget-Rola_Section\" data-id=\"5e218e0\" data-element_type=\"widget\" data-e-type=\"widget\" data-widget_type=\"Rola_Section.default\">\n\t\t\t\t<div class=\"elementor-widget-container\">\n\t\t\t\t\t                    <div class=\"container\">\r\n                <div class=\"section-title\">\r\n                                            <span class=\"sub-title\">\r\n                                                        Kurumsal                        <\/span>\r\n                                        <h1><b>Ki\u015fisel Verilerin Korunmas\u0131<\/b><\/h1>\r\n                    <p><\/p>\r\n                <\/div>\r\n            <\/div>\r\n        \r\n        \t\t\t\t<\/div>\n\t\t\t\t<\/div>\n\t\t\t\t\t<\/div>\n\t\t<\/div>\n\t\t\t\t\t<\/div>\n\t\t<\/section>\n\t\t\t\t<section class=\"elementor-section elementor-top-section elementor-element elementor-element-f74d70f elementor-section-boxed elementor-section-height-default elementor-section-height-default\" data-id=\"f74d70f\" data-element_type=\"section\" data-e-type=\"section\">\n\t\t\t\t\t\t<div class=\"elementor-container elementor-column-gap-default\">\n\t\t\t\t\t<div class=\"elementor-column elementor-col-100 elementor-top-column elementor-element elementor-element-85aec25\" data-id=\"85aec25\" data-element_type=\"column\" data-e-type=\"column\">\n\t\t\t<div class=\"elementor-widget-wrap elementor-element-populated\">\n\t\t\t\t\t\t<div class=\"elementor-element elementor-element-fceb1b7 elementor-widget elementor-widget-image\" data-id=\"fceb1b7\" data-element_type=\"widget\" data-e-type=\"widget\" data-widget_type=\"image.default\">\n\t\t\t\t<div class=\"elementor-widget-container\">\n\t\t\t\t\t\t\t\t\t\t\t\t\t\t\t<img fetchpriority=\"high\" decoding=\"async\" width=\"1528\" height=\"530\" src=\"https:\/\/cankayahastanesi.com.tr\/wp-content\/uploads\/2023\/11\/Kisisel-Verilerin-Korunmasi.webp\" class=\"attachment-full size-full wp-image-3595\" alt=\"\" srcset=\"https:\/\/cankayahastanesi.com.tr\/wp-content\/uploads\/2023\/11\/Kisisel-Verilerin-Korunmasi.webp 1528w, https:\/\/cankayahastanesi.com.tr\/wp-content\/uploads\/2023\/11\/Kisisel-Verilerin-Korunmasi-300x104.webp 300w, https:\/\/cankayahastanesi.com.tr\/wp-content\/uploads\/2023\/11\/Kisisel-Verilerin-Korunmasi-1024x355.webp 1024w, https:\/\/cankayahastanesi.com.tr\/wp-content\/uploads\/2023\/11\/Kisisel-Verilerin-Korunmasi-768x266.webp 768w\" sizes=\"(max-width: 1528px) 100vw, 1528px\" \/>\t\t\t\t\t\t\t\t\t\t\t\t\t\t\t<\/div>\n\t\t\t\t<\/div>\n\t\t\t\t\t<\/div>\n\t\t<\/div>\n\t\t\t\t\t<\/div>\n\t\t<\/section>\n\t\t\t\t<section class=\"elementor-section elementor-top-section elementor-element elementor-element-765b545 elementor-section-boxed elementor-section-height-default elementor-section-height-default\" data-id=\"765b545\" data-element_type=\"section\" data-e-type=\"section\">\n\t\t\t\t\t\t<div class=\"elementor-container elementor-column-gap-default\">\n\t\t\t\t\t<div class=\"elementor-column elementor-col-100 elementor-top-column elementor-element elementor-element-b91220c\" data-id=\"b91220c\" data-element_type=\"column\" data-e-type=\"column\">\n\t\t\t<div class=\"elementor-widget-wrap elementor-element-populated\">\n\t\t\t\t\t\t<div class=\"elementor-element elementor-element-e8d0253 elementor-widget elementor-widget-text-editor\" data-id=\"e8d0253\" data-element_type=\"widget\" data-e-type=\"widget\" data-widget_type=\"text-editor.default\">\n\t\t\t\t<div class=\"elementor-widget-container\">\n\t\t\t\t\t\t\t\t\t<p>\u00c7ANKAYA SA\u011eLIK H\u0130ZMETLER\u0130 SANAY\u0130 VE T\u0130CARET ANON\u0130M \u015e\u0130RKET\u0130 (Bundan sonra \u00d6ZEL \u00c7ANKAYA HASTANES\u0130 olarak belirtilecektir) olarak, ki\u015fisel verilerinizin g\u00fcvenli\u011fi konusuna \u00f6nem vermekteyiz. Bu bilin\u00e7le, sizlere ait her t\u00fcrl\u00fc ki\u015fisel verinin m\u00fcmk\u00fcn olabilen en iyi \u015fekilde ve \u00f6zenle i\u015flenerek muhafaza edilmesine b\u00fcy\u00fck hassasiyet g\u00f6stermekteyiz. Bu sorumlulu\u011fumuzun bilinci ile 6698 say\u0131l\u0131 Ki\u015fisel Verilerin Korunmas\u0131 Kanunu (Bundan sonra Kanun olarak belirtilecektir.) ve ilgili mevzuat kapsam\u0131nda Veri Sorumlusu s\u0131fat\u0131yla, ki\u015fisel verilerinizi a\u015fa\u011f\u0131da belirtilen \u00e7er\u00e7evede i\u015flemekteyiz.<\/p><p>Kanun kapsam\u0131nda, veri i\u015fleme, ki\u015fisel verilerin tamamen veya k\u0131smen otomatik olan ya da herhangi bir veri kay\u0131t sisteminin par\u00e7as\u0131 olmak kayd\u0131yla otomatik olmayan yollarla ki\u015fisel verilerinizi elde etmemiz, kaydetmemiz, saklamam\u0131z, g\u00fcncellememiz, s\u0131n\u0131fland\u0131rmam\u0131z, mevzuat\u0131n izin verdi\u011fi \u00fc\u00e7\u00fcnc\u00fc ki\u015filerle payla\u015fmam\u0131z veya onlara devretmemiz gibi konularda veriler \u00fczerinde ger\u00e7ekle\u015ftirilen her t\u00fcrl\u00fc i\u015flemi ifade etmektedir.\u00a0<\/p><h5>K\u0130\u015e\u0130SEL VER\u0130LER\u0130N TOPLANMASI, \u0130\u015eLENMES\u0130 VE \u0130\u015eLEME AMA\u00c7LARI<\/h5><p>Sizlere y\u00fcksek standartlarda hizmet sunabilmek ile ki\u015fisel verilerinizi, verilen hizmetin niteli\u011fine ba\u011fl\u0131 olarak a\u015fa\u011f\u0131da belirtilen ama\u00e7lar kapsam\u0131nda;<\/p><ul><li>Kurumca sundu\u011fumuz \u00fcr\u00fcn ve hizmetlerin belirlenen yasal \u00e7er\u00e7evede sunulabilmesi, Kurumumuzun s\u00f6zle\u015fme ve yasadan do\u011fan mesuliyetlerini eksiksiz ve do\u011fru bir \u015fekilde yerine getirebilmesi,<\/li><li>Kurumumuz taraf\u0131ndan sunulan \u00fcr\u00fcn ve hizmetlerden sizleri faydaland\u0131rmak i\u00e7in gerekli \u00e7al\u0131\u015fmalar\u0131n i\u015f birimlerimiz taraf\u0131ndan yap\u0131lmas\u0131, \u00fcr\u00fcn ve hizmetlerin sizlerin be\u011feni, kullan\u0131m al\u0131\u015fkanl\u0131klar\u0131 ve ihtiya\u00e7lar\u0131na g\u00f6re \u00f6zelle\u015ftirilerek sizlere \u00f6nerilmesi,<\/li><li>Kurumumuzla i\u015f ili\u015fkisi i\u00e7erisinde olan ki\u015filerin hukuki ve ticari g\u00fcvenli\u011finin temini (Kurumumuz taraf\u0131ndan y\u00fcr\u00fct\u00fclen ileti\u015fime y\u00f6nelik idari operasyonlar),<\/li><li>Kurumumuza ait lokasyonlar\u0131n fiziksel g\u00fcvenli\u011finin ve denetiminin sa\u011flanmas\u0131,<\/li><li>M\u00fc\u015fterileri de\u011ferlendirme\/\u015fikayet y\u00f6netimi s\u00fcre\u00e7leri, itibar ara\u015ft\u0131rma s\u00fcre\u00e7leri, etkinlik y\u00f6netimi, hukuki uyum s\u00fcreci, denetim, mali i\u015flerin y\u00f6netimi,<\/li><li>Kurumumuzun ticari i\u015f stratejilerinin belirlenmesi ve uygulanmas\u0131 ve Kurumumuzun insan kaynaklar\u0131 politikalar\u0131n\u0131n y\u00fcr\u00fct\u00fclmesinin temini,<\/li><li>\u015eirketimizin e\u011fitim faaliyetlerinin devam edebilmesi ama\u00e7lar\u0131yla i\u015flenmektedir.<\/li><\/ul><p>KVK Kanunu\u2019nun 5. ve 6. maddelerinde belirtilen ki\u015fisel veri i\u015fleme \u015fartlar\u0131 ve ama\u00e7lar\u0131 dahilinde ki\u015fisel verilerinizi s\u00f6zle\u015fme kapsam\u0131nda veya fiziksel mek\u00e2nlar ve benzeri kanallardan s\u00f6zl\u00fc, yaz\u0131l\u0131, g\u00f6rsel, ya da elektronik olarak elde etmekteyiz.<\/p><p>Bu kapsamda t\u00fcm firmam\u0131z taraf\u0131ndan y\u00fcr\u00fct\u00fclen faaliyetler \u00e7er\u00e7evesinde ve yukarda bahsi ge\u00e7en ama\u00e7la elde edilen, ba\u015fl\u0131ca genel ve \u00f6zel nitelikli ki\u015fisel veriler a\u015fa\u011f\u0131da s\u0131ralanm\u0131\u015ft\u0131r:<\/p><ul><li>Ad\u0131n\u0131z, soyad\u0131n\u0131z, TC kimlik numaran\u0131z, T\u00fcrk vatanda\u015f\u0131 olmaman\u0131z halinde pasaport numaran\u0131z veya ge\u00e7ici TC kimlik numaran\u0131z, do\u011fum yeri ve tarihiniz, medeni haliniz, cinsiyet bilginiz gibi kimlik verileriniz ve ibraz etti\u011finiz TC Kimlik Kart\u0131 ya da Ehliyet fotokopiniz,<\/li><li>Adresiniz, Telefon numaran\u0131z, Elektronik posta adresiniz gibi ileti\u015fim verileriniz,<\/li><li>Banka hesap numaran\u0131z, IBAN numaran\u0131z gibi finansal verileriniz,<\/li><li>Sa\u011fl\u0131k raporunuz ve i\u015f g\u00fcvenli\u011fi kapsam\u0131nda istenen sertifika ve belgeleriniz,<\/li><li>Hizmetlerimizi de\u011ferlendirmek amac\u0131 ile payla\u015ft\u0131\u011f\u0131n\u0131z yan\u0131t ve yorumlar\u0131n\u0131z,<\/li><li>Kapal\u0131 devre kamera sistemi g\u00f6r\u00fcnt\u00fcleriniz,<\/li><li>Ara\u00e7 plaka bilgileriniz,<\/li><li>Web sitemizin kullan\u0131m\u0131 s\u0131ras\u0131nda elde edilen gezinme bilgileriniz, IP adresiniz, taray\u0131c\u0131 bilgileriniz ve kendi r\u0131zan\u0131z ile iletti\u011finiz konum verileriniz.<\/li><\/ul><p>Yukar\u0131da say\u0131lm\u0131\u015f olan ki\u015fisel verileriniz ile \u00f6zel nitelikli ki\u015fisel verileriniz KVK Kanunu\u2019nun 5. ve 6. maddelerinde belirtilen ki\u015fisel veri i\u015fleme \u015fartlar\u0131 ile a\u015fa\u011f\u0131da yer alan ama\u00e7lar kapsam\u0131nda i\u015flenebilecektir:<\/p><ul><li>\u0130lgili mevzuat uyar\u0131nca Sosyal G\u00fcvenlik Kurumu, Emniyet, ve di\u011fer kamu kurum ve kurulu\u015flar\u0131 ile talep edilen bilgilerin payla\u015f\u0131lmas\u0131,<\/li><li>Yasal ve d\u00fczenleyici gereksinimlerin yerine getirilmesi,<\/li><li>Sat\u0131\u015f ve Destek b\u00f6l\u00fcmleri taraf\u0131ndan kimli\u011finizin teyit edilmesi,<\/li><li>Firma Y\u00f6netimi taraf\u0131ndan kurum i\u00e7 i\u015fleyi\u015finin planlanmas\u0131 ve y\u00f6netilmesi,<\/li><li>\u0130nsan Kaynaklar\u0131 taraf\u0131ndan \u00e7al\u0131\u015fanlar\u0131m\u0131za e\u011fitim verilmesi,<\/li><li>Denetim ve Bilgi Sistemleri b\u00f6l\u00fcmleri taraf\u0131ndan suistimal ve yetkisiz i\u015flemlerin izlenmesi ve engellenmesi,<\/li><li>Bilgi Sistemleri b\u00f6l\u00fcmleri taraf\u0131ndan risk y\u00f6netimi ve kalite geli\u015ftirme aktivitelerinin yerine getirilmesi,<\/li><li>Mali \u0130\u015fler b\u00f6l\u00fcmleri taraf\u0131ndan hizmetlerimiz kar\u015f\u0131l\u0131\u011f\u0131nda faturaland\u0131rma yap\u0131lmas\u0131,<\/li><li>Mali \u0130\u015fler b\u00f6l\u00fcmleri taraf\u0131ndan firmam\u0131z ile anla\u015fmal\u0131 olan kurumlarla ili\u015fkinizin teyit edilmesi,<\/li><li>Firma Y\u00f6netimi, Destek ve Sat\u0131\u015f b\u00f6l\u00fcmleri taraf\u0131ndan hizmetlerimize ili\u015fkin her t\u00fcrl\u00fc soru ve \u015fik\u00e2yetinize cevap verilebilmesi,<\/li><li>Firma Y\u00f6netimi, Bilgi Sistemleri b\u00f6l\u00fcmleri taraf\u0131ndan firmam\u0131z sistem ve uygulamalar\u0131n\u0131n veri g\u00fcvenli\u011fi kapsam\u0131nda t\u00fcm gerekli teknik ve idari tedbirlerin al\u0131nmas\u0131,<\/li><li>Pazarlama, Medya ve \u0130leti\u015fim, Web ve mobil kanallarda \u00f6zel i\u00e7eriklerin, somut ve soyut faydalar\u0131n tasarlanmas\u0131 ve iletilebilmesi,<\/li><li>Firmam\u0131z\u0131n ilgili b\u00f6l\u00fcmleri taraf\u0131ndan m\u00fc\u015fteri memnuniyetinin \u00f6l\u00e7\u00fclmesi, artt\u0131r\u0131lmas\u0131 ve ara\u015ft\u0131r\u0131lmas\u0131,<\/li><li>Kurumun i\u015f birli\u011fi i\u00e7erisinde oldu\u011fu e\u011fitim kurumlar\u0131 taraf\u0131ndan e\u011fitim ve \u00f6\u011fretim faaliyetlerinin yerine getirilebilmesi.<\/li><\/ul><p>Yukar\u0131da belirtilen \u201cKi\u015fisel ve \u00d6zel Nitelikli Verileriniz\u201d \u00d6ZEL \u00c7ANKAYA HASTANES\u0130 ve d\u0131\u015f hizmet sa\u011flay\u0131c\u0131lar\u0131n b\u00fcnyesinde fiziki ve elektronik ar\u015fivlerde b\u00fcy\u00fck bir titizlik ve mevzuat h\u00fck\u00fcmlerine riayet edilerek muhafaza edilebilecektir.<\/p><h5>K\u0130\u015e\u0130SEL VER\u0130LER\u0130N AKTARILMASI<\/h5><p>Ki\u015fisel verileriniz, 6698 Say\u0131l\u0131 Ki\u015fisel Verilerin Korunmas\u0131 Kanunu, sair mevzuat h\u00fck\u00fcmleri \u00e7er\u00e7evesinde ve yukar\u0131da a\u00e7\u0131klanan ama\u00e7larla i\u015f ortaklar\u0131m\u0131za, tedarik\u00e7ilerimize, Kurum yetkililerine, hissedarlar\u0131m\u0131za, kanunen yetkili kamu kurumlar\u0131 ve \u00f6zel ki\u015filer ile a\u015fa\u011f\u0131da belirtilen;<\/p><ul><li>Sa\u011fl\u0131k Bakanl\u0131\u011f\u0131, bakanl\u0131\u011fa ba\u011fl\u0131 alt birimler ve aile hekimli\u011fi merkezleri,<\/li><li>\u00d6zel sigorta \u015firketleri (sa\u011fl\u0131k, emeklilik, hayat sigortas\u0131 ve benzeri),<\/li><li>Sosyal G\u00fcvenlik Kurumu,<\/li><li>Emniyet Genel M\u00fcd\u00fcrl\u00fc\u011f\u00fc ve di\u011fer kolluk kuvvetleri,<\/li><li>N\u00fcfus Genel M\u00fcd\u00fcrl\u00fc\u011f\u00fc,<\/li><li>Adli makamlar,<\/li><li>Yetki vermi\u015f oldu\u011funuz kanuni temsilcileriniz,<\/li><li>\u00c7al\u0131\u015fmakta oldu\u011fumuz avukatlar, vergi dan\u0131\u015fmanlar\u0131 ve denet\u00e7iler de d\u00e2hil olmak \u00fczere dan\u0131\u015fmanl\u0131k ald\u0131\u011f\u0131m\u0131z \u00fc\u00e7\u00fcnc\u00fc ki\u015filer,<\/li><li>D\u00fczenleyici ve denetleyici kurumlar ve resmi merciler,<\/li><li>\u0130\u015fvereniniz,<\/li><li>Hizmetlerinden faydaland\u0131\u011f\u0131m\u0131z veya i\u015f birli\u011fi i\u00e7erisinde oldu\u011fumuz tedarik\u00e7ilerimiz, destek hizmet sa\u011flay\u0131c\u0131lar\u0131m\u0131z, ar\u015fiv hizmeti sa\u011flay\u0131c\u0131lar\u0131m\u0131z ve i\u015f ortaklar\u0131m\u0131z (daha detayl\u0131 bilgi i\u00e7in firmam\u0131za yaz\u0131l\u0131 ba\u015fvurarak bilgi edinebilirsiniz.) ile<\/li><\/ul><p>KVK Kanunu\u2019nun 8. ve 9. maddelerinde belirtilen ki\u015fisel veri i\u015fleme \u015fartlar\u0131 ve ama\u00e7lar\u0131 \u00e7er\u00e7evesinde payla\u015f\u0131labilecektir.<\/p><h5>K\u0130\u015e\u0130SEL VER\u0130 TOPLAMANIN Y\u00d6NTEM\u0130 VE HUKUK\u0130 SEBEB\u0130<\/h5><p>Ki\u015fisel verileriniz, her t\u00fcrl\u00fc s\u00f6zl\u00fc, yaz\u0131l\u0131, g\u00f6rsel ya da elektronik ortamda, yukar\u0131da yer verilen ama\u00e7lar ve \u00d6ZEL \u00c7ANKAYA HASTANES\u0130 faaliyet konusuna dahil her t\u00fcrl\u00fc i\u015fin yasal \u00e7er\u00e7evede y\u00fcr\u00fct\u00fclebilmesi ve bu kapsamda \u00d6ZEL \u00c7ANKAYA HASTANES\u0130 nin akdi ve kanuni y\u00fck\u00fcml\u00fcl\u00fcklerini tam ve gere\u011fi gibi ifa edebilmesi i\u00e7in toplanmakta ve i\u015flenmektedir. \u0130\u015fbu ki\u015filer verilerinizin toplanmas\u0131n\u0131n hukuki sebebi ba\u015fta 6698 say\u0131l\u0131 Ki\u015fisel Verilerin Korunmas\u0131 Kanunu, olmak \u00fczere sair mevzuat h\u00fck\u00fcmleridir.<\/p><h5>K\u0130\u015e\u0130SEL VER\u0130LER\u0130N KORUNMASINA Y\u00d6NEL\u0130K HAKLARINIZ<\/h5><p>Kanun ve ilgili mevzuatlar uyar\u0131nca;<\/p><ul><li>Ki\u015fisel veri i\u015flenip i\u015flenmedi\u011fini \u00f6\u011frenme,<\/li><li>Ki\u015fisel veriler i\u015flenmi\u015fse buna ili\u015fkin bilgi talep etme,<\/li><li>Ki\u015fisel sa\u011fl\u0131k verilerine eri\u015fim ve bu verileri isteme,<\/li><li>Ki\u015fisel verilerin i\u015flenme amac\u0131n\u0131 ve bunlar\u0131n amac\u0131na uygun kullan\u0131l\u0131p kullan\u0131lmad\u0131\u011f\u0131n\u0131 \u00f6\u011frenme,<\/li><li>Yurt i\u00e7inde veya yurt d\u0131\u015f\u0131nda ki\u015fisel verilerin aktar\u0131ld\u0131\u011f\u0131 \u00fc\u00e7\u00fcnc\u00fc ki\u015fileri bilme,<\/li><li>Ki\u015fisel verilerin eksik veya yanl\u0131\u015f i\u015flenmi\u015f olmas\u0131 h\u00e2linde bunlar\u0131n d\u00fczeltilmesini isteme,<\/li><li>Ki\u015fisel verilerin silinmesini veya yok edilmesini isteme,<\/li><li>Ki\u015fisel verilerin eksik veya yanl\u0131\u015f i\u015flenmi\u015f olmas\u0131 h\u00e2linde bunlar\u0131n d\u00fczeltilmesine ve\/veya ki\u015fisel verilerin silinmesini veya yok edilmesine ili\u015fkin i\u015flemlerin ki\u015fisel verilerin aktar\u0131ld\u0131\u011f\u0131 \u00fc\u00e7\u00fcnc\u00fc ki\u015filere bildirilmesini isteme,<\/li><li>\u0130\u015flenen verilerin m\u00fcnhas\u0131ran otomatik sistemler vas\u0131tas\u0131yla analiz edilmesi suretiyle ki\u015finin kendisi aleyhine bir sonucun ortaya \u00e7\u0131kmas\u0131na itiraz etme,<\/li><li>Ki\u015fisel verilerin kanuna ayk\u0131r\u0131 olarak i\u015flenmesi sebebiyle zarara u\u011framas\u0131 h\u00e2linde zarar\u0131n giderilmesini talep etme haklar\u0131na sahipsiniz.<\/li><\/ul><h5>VER\u0130 G\u00dcVENL\u0130\u011e\u0130 VE BA\u015eVURU HAKKI<\/h5><p>Ki\u015fisel verileriniz teknik ve idari imk\u00e2nlar d\u00e2hilinde titizlikle korunmakta ve gerekli g\u00fcvenlik tedbirleri, teknolojik imk\u00e2nlar da g\u00f6z \u00f6n\u00fcnde bulundurularak olas\u0131 risklere uygun bir d\u00fczeyde sa\u011flanmaktad\u0131r. KVK Kanunu\u2019nun 13. maddesinin 1. f\u0131kras\u0131 gere\u011fince, yukar\u0131da belirtilen haklar\u0131n\u0131z\u0131 kullanmak ile ilgili talebinizi, yaz\u0131l\u0131 veya Ki\u015fisel Verileri Koruma Kurulu\u2019nun belirledi\u011fi di\u011fer y\u00f6ntemlerle \u015eirketimize iletebilirsiniz. Yukar\u0131da belirtilen haklar\u0131n\u0131z\u0131 kullanmak i\u00e7in kimli\u011finizi tespit edici gerekli bilgiler ile KVK Kanunu\u2019nun 11. maddesinde belirtilen haklardan kullanmay\u0131 talep etti\u011finiz hakk\u0131n\u0131za y\u00f6nelik a\u00e7\u0131klamalar\u0131n\u0131z\u0131 i\u00e7eren Kanun kapsam\u0131ndaki taleplerinizi https:\/\/www.cankayahastanesi.com.tr web adresindeki \u201d<a href=\"https:\/\/www.cankayahastanesi.com.tr\/images\/pdf\/cankaya_hastanesi_kvkk_formu.pdf\" target=\"_blank\" rel=\"noopener\">KVKK Ba\u015fvuru Formu<\/a>\u201d\u00a0nu doldurarak;<\/p><ul><li>Barbaros mah. B\u00fclten sok.No:44 \u00c7ankaya \/Ankara adresine bizzat teslim edebilir,<\/li><li>Noter kanal\u0131yla g\u00f6nderebilir,<\/li><li><span id=\"cloak6a69ea688e6c7becd7e53b6f54e3e965\"><a href=\"mailto:cankaya@cankayahastanesi.com.tr\">cankaya@cankayahastanesi.com.tr<\/a><\/span>\u00a0adresine elektronik e-posta adresiniz arac\u0131l\u0131\u011f\u0131yla iletebilirsiniz.<\/li><\/ul><p>\u015eirketimiz, talebin niteli\u011fine g\u00f6re talebi en k\u0131sa s\u00fcrede ve en ge\u00e7 otuz (30) g\u00fcn i\u00e7inde \u00fccretsiz olarak sonu\u00e7land\u0131racakt\u0131r. Ancak, i\u015flemin ayr\u0131ca bir maliyeti gerektirmesi h\u00e2linde, taraf\u0131m\u0131zca Ki\u015fisel Verileri Koruma Kurulu taraf\u0131ndan belirlenen tarifedeki \u00fccret al\u0131nacakt\u0131r.<\/p>\t\t\t\t\t\t\t\t<\/div>\n\t\t\t\t<\/div>\n\t\t\t\t\t<\/div>\n\t\t<\/div>\n\t\t\t\t\t<\/div>\n\t\t<\/section>\n\t\t\t\t<section class=\"elementor-section elementor-top-section elementor-element elementor-element-7448921 elementor-section-boxed elementor-section-height-default elementor-section-height-default\" data-id=\"7448921\" data-element_type=\"section\" data-e-type=\"section\">\n\t\t\t\t\t\t<div class=\"elementor-container elementor-column-gap-default\">\n\t\t\t\t\t<div class=\"elementor-column elementor-col-100 elementor-top-column elementor-element elementor-element-135bf70\" data-id=\"135bf70\" data-element_type=\"column\" data-e-type=\"column\">\n\t\t\t<div class=\"elementor-widget-wrap\">\n\t\t\t\t\t\t\t<\/div>\n\t\t<\/div>\n\t\t\t\t\t<\/div>\n\t\t<\/section>\n\t\t\t\t<\/div>\n\t\t","protected":false},"excerpt":{"rendered":"<p>Kurumsal Ki\u015fisel Verilerin Korunmas\u0131 \u00c7ANKAYA SA\u011eLIK H\u0130ZMETLER\u0130 SANAY\u0130 VE T\u0130CARET ANON\u0130M \u015e\u0130RKET\u0130 (Bundan sonra \u00d6ZEL \u00c7ANKAYA HASTANES\u0130 olarak belirtilecektir) olarak, ki\u015fisel verilerinizin g\u00fcvenli\u011fi konusuna \u00f6nem vermekteyiz. Bu bilin\u00e7le, sizlere ait her t\u00fcrl\u00fc ki\u015fisel verinin m\u00fcmk\u00fcn olabilen en iyi \u015fekilde ve \u00f6zenle i\u015flenerek muhafaza edilmesine b\u00fcy\u00fck hassasiyet g\u00f6stermekteyiz. Bu sorumlulu\u011fumuzun bilinci ile 6698 say\u0131l\u0131 Ki\u015fisel Verilerin <\/p>\n","protected":false},"author":1,"featured_media":0,"parent":0,"menu_order":0,"comment_status":"closed","ping_status":"closed","template":"elementor_header_footer","meta":{"footnotes":""},"class_list":["post-3593","page","type-page","status-publish","hentry"],"acf":[],"_links":{"self":[{"href":"https:\/\/cankayahastanesi.com.tr\/tr\/wp-json\/wp\/v2\/pages\/3593","targetHints":{"allow":["GET"]}}],"collection":[{"href":"https:\/\/cankayahastanesi.com.tr\/tr\/wp-json\/wp\/v2\/pages"}],"about":[{"href":"https:\/\/cankayahastanesi.com.tr\/tr\/wp-json\/wp\/v2\/types\/page"}],"author":[{"embeddable":true,"href":"https:\/\/cankayahastanesi.com.tr\/tr\/wp-json\/wp\/v2\/users\/1"}],"replies":[{"embeddable":true,"href":"https:\/\/cankayahastanesi.com.tr\/tr\/wp-json\/wp\/v2\/comments?post=3593"}],"version-history":[{"count":10,"href":"https:\/\/cankayahastanesi.com.tr\/tr\/wp-json\/wp\/v2\/pages\/3593\/revisions"}],"predecessor-version":[{"id":4192,"href":"https:\/\/cankayahastanesi.com.tr\/tr\/wp-json\/wp\/v2\/pages\/3593\/revisions\/4192"}],"wp:attachment":[{"href":"https:\/\/cankayahastanesi.com.tr\/tr\/wp-json\/wp\/v2\/media?parent=3593"}],"curies":[{"name":"wp","href":"https:\/\/api.w.org\/{rel}","templated":true}]}}