{"id":3564,"date":"2023-11-28T10:26:31","date_gmt":"2023-11-28T10:26:31","guid":{"rendered":"https:\/\/cankayahastanesi.site\/?page_id=3564"},"modified":"2026-03-31T06:31:21","modified_gmt":"2026-03-31T06:31:21","slug":"anlasmali-kurumlar","status":"publish","type":"page","link":"https:\/\/cankayahastanesi.com.tr\/tr\/anlasmali-kurumlar\/","title":{"rendered":"Anla\u015fmal\u0131 Kurumlar"},"content":{"rendered":"\t\t<div data-elementor-type=\"wp-page\" data-elementor-id=\"3564\" class=\"elementor elementor-3564\">\n\t\t\t\t\t\t<section class=\"elementor-section elementor-top-section elementor-element elementor-element-8a1280b elementor-section-boxed elementor-section-height-default elementor-section-height-default\" data-id=\"8a1280b\" data-element_type=\"section\" data-e-type=\"section\">\n\t\t\t\t\t\t<div class=\"elementor-container elementor-column-gap-no\">\n\t\t\t\t\t<div class=\"elementor-column elementor-col-100 elementor-top-column elementor-element elementor-element-d16e9d3\" data-id=\"d16e9d3\" data-element_type=\"column\" data-e-type=\"column\">\n\t\t\t<div class=\"elementor-widget-wrap elementor-element-populated\">\n\t\t\t\t\t\t<div class=\"elementor-element elementor-element-5e218e0 elementor-widget elementor-widget-Rola_Section\" data-id=\"5e218e0\" data-element_type=\"widget\" data-e-type=\"widget\" data-widget_type=\"Rola_Section.default\">\n\t\t\t\t<div class=\"elementor-widget-container\">\n\t\t\t\t\t                    <div class=\"container\">\r\n                <div class=\"section-title\">\r\n                                            <span class=\"sub-title\">\r\n                                                        Kurumsal                        <\/span>\r\n                                        <h1><b>Anla\u015fmal\u0131 Kurumlar\n<\/b><\/h1>\r\n                    <p><\/p>\r\n                <\/div>\r\n            <\/div>\r\n        \r\n        \t\t\t\t<\/div>\n\t\t\t\t<\/div>\n\t\t\t\t\t<\/div>\n\t\t<\/div>\n\t\t\t\t\t<\/div>\n\t\t<\/section>\n\t\t\t\t<section class=\"elementor-section elementor-top-section elementor-element elementor-element-f74d70f elementor-section-boxed elementor-section-height-default elementor-section-height-default\" data-id=\"f74d70f\" data-element_type=\"section\" data-e-type=\"section\">\n\t\t\t\t\t\t<div class=\"elementor-container elementor-column-gap-default\">\n\t\t\t\t\t<div class=\"elementor-column elementor-col-100 elementor-top-column elementor-element elementor-element-85aec25\" data-id=\"85aec25\" data-element_type=\"column\" data-e-type=\"column\">\n\t\t\t<div class=\"elementor-widget-wrap elementor-element-populated\">\n\t\t\t\t\t\t<div class=\"elementor-element elementor-element-fceb1b7 elementor-widget elementor-widget-image\" data-id=\"fceb1b7\" data-element_type=\"widget\" data-e-type=\"widget\" data-widget_type=\"image.default\">\n\t\t\t\t<div class=\"elementor-widget-container\">\n\t\t\t\t\t\t\t\t\t\t\t\t\t\t\t<img fetchpriority=\"high\" decoding=\"async\" width=\"1528\" height=\"530\" src=\"https:\/\/cankayahastanesi.com.tr\/wp-content\/uploads\/2023\/11\/Anlasmali-Kurumlar.webp\" class=\"attachment-full size-full wp-image-3566\" alt=\"\" srcset=\"https:\/\/cankayahastanesi.com.tr\/wp-content\/uploads\/2023\/11\/Anlasmali-Kurumlar.webp 1528w, https:\/\/cankayahastanesi.com.tr\/wp-content\/uploads\/2023\/11\/Anlasmali-Kurumlar-300x104.webp 300w, https:\/\/cankayahastanesi.com.tr\/wp-content\/uploads\/2023\/11\/Anlasmali-Kurumlar-1024x355.webp 1024w, https:\/\/cankayahastanesi.com.tr\/wp-content\/uploads\/2023\/11\/Anlasmali-Kurumlar-768x266.webp 768w\" sizes=\"(max-width: 1528px) 100vw, 1528px\" \/>\t\t\t\t\t\t\t\t\t\t\t\t\t\t\t<\/div>\n\t\t\t\t<\/div>\n\t\t\t\t\t<\/div>\n\t\t<\/div>\n\t\t\t\t\t<\/div>\n\t\t<\/section>\n\t\t\t\t<section class=\"elementor-section elementor-top-section elementor-element elementor-element-765b545 elementor-section-boxed elementor-section-height-default elementor-section-height-default\" data-id=\"765b545\" data-element_type=\"section\" data-e-type=\"section\">\n\t\t\t\t\t\t<div class=\"elementor-container elementor-column-gap-default\">\n\t\t\t\t\t<div class=\"elementor-column elementor-col-100 elementor-top-column elementor-element elementor-element-b91220c\" data-id=\"b91220c\" data-element_type=\"column\" data-e-type=\"column\">\n\t\t\t<div class=\"elementor-widget-wrap elementor-element-populated\">\n\t\t\t\t\t\t<div class=\"elementor-element elementor-element-e8d0253 elementor-widget elementor-widget-text-editor\" data-id=\"e8d0253\" data-element_type=\"widget\" data-e-type=\"widget\" data-widget_type=\"text-editor.default\">\n\t\t\t\t<div class=\"elementor-widget-container\">\n\t\t\t\t\t\t\t\t\t<p>Hastanemiz t\u00fcm muayene i\u015flemleri, ameliyat, m\u00fcdahale ve medikal tedavi ama\u00e7l\u0131 yat\u0131\u015flar da dahil olmak \u00fczere SGK hastalar\u0131 (SSK,emekli ve \u00e7al\u0131\u015fan, ba\u011f-kur; emekli ve \u00e7al\u0131\u015fan, emekli sand\u0131\u011f\u0131) ve 657 ye tabi devlet memurlar\u0131 ile anla\u015fmal\u0131d\u0131r. Ayr\u0131ca Hastanemiz \u00d6zel Sigorta Mensuplar\u0131 ve Anla\u015fma yapt\u0131\u011f\u0131m\u0131z firmalar, yurtd\u0131\u015f\u0131 sigortalar, inter partner assistance, cgm ve resmi kurumlarda anla\u015fmalar\u0131m\u0131z \u00e7er\u00e7evesinde hizmet vermektedir.<\/p>\t\t\t\t\t\t\t\t<\/div>\n\t\t\t\t<\/div>\n\t\t\t\t<div class=\"elementor-element elementor-element-c5798d9 elementor-widget elementor-widget-accordion\" data-id=\"c5798d9\" data-element_type=\"widget\" data-e-type=\"widget\" data-widget_type=\"accordion.default\">\n\t\t\t\t<div class=\"elementor-widget-container\">\n\t\t\t\t\t\t\t<div class=\"elementor-accordion\">\n\t\t\t\t\t\t\t<div class=\"elementor-accordion-item\">\n\t\t\t\t\t<div id=\"elementor-tab-title-2071\" class=\"elementor-tab-title\" data-tab=\"1\" role=\"button\" aria-controls=\"elementor-tab-content-2071\" aria-expanded=\"false\">\n\t\t\t\t\t\t\t\t\t\t\t\t\t<span class=\"elementor-accordion-icon elementor-accordion-icon-left\" aria-hidden=\"true\">\n\t\t\t\t\t\t\t\t\t\t\t\t\t\t\t<span class=\"elementor-accordion-icon-closed\"><i class=\"fas fa-plus\"><\/i><\/span>\n\t\t\t\t\t\t\t\t<span class=\"elementor-accordion-icon-opened\"><i class=\"fas fa-minus\"><\/i><\/span>\n\t\t\t\t\t\t\t\t\t\t\t\t\t\t<\/span>\n\t\t\t\t\t\t\t\t\t\t\t\t<a class=\"elementor-accordion-title\" tabindex=\"0\">Sosyal G\u00fcvenlik Kurumu<\/a>\n\t\t\t\t\t<\/div>\n\t\t\t\t\t<div id=\"elementor-tab-content-2071\" class=\"elementor-tab-content elementor-clearfix\" data-tab=\"1\" role=\"region\" aria-labelledby=\"elementor-tab-title-2071\"><p>Hastanemiz t\u00fcm muayene i\u015flemleri, ameliyat, m\u00fcdahale ve medikal tedavi ama\u00e7l\u0131 yat\u0131\u015flar da dahil olmak \u00fczere SGK hastalar\u0131 (SSK,emekli ve \u00e7al\u0131\u015fan, ba\u011f-kur; emekli ve \u00e7al\u0131\u015fan, emekli sand\u0131\u011f\u0131) ve 657 ye tabi devlet memurlar\u0131 ile anla\u015fmal\u0131d\u0131r.<\/p><p>Yurtd\u0131\u015f\u0131 sigortal\u0131 hastalar d\u0131\u015f\u0131nda t\u00fcm SGK mensubu hastalar\u0131n T.C. kimlik no i\u00e7eren bir kimlik belgesiyle ba\u015fvurmalar\u0131 yeterlidir. Yurtd\u0131\u015f\u0131 sigortal\u0131lar\u0131m\u0131z\u0131n sosyal g\u00fcvenlik kurumundan al\u0131nm\u0131\u015f hak sahipli\u011fi oldu\u011funu g\u00f6steren belgenin fotokopisini getirmeleri gerekmektedir.<\/p><\/div>\n\t\t\t\t<\/div>\n\t\t\t\t\t\t\t<div class=\"elementor-accordion-item\">\n\t\t\t\t\t<div id=\"elementor-tab-title-2072\" class=\"elementor-tab-title\" data-tab=\"2\" role=\"button\" aria-controls=\"elementor-tab-content-2072\" aria-expanded=\"false\">\n\t\t\t\t\t\t\t\t\t\t\t\t\t<span class=\"elementor-accordion-icon elementor-accordion-icon-left\" aria-hidden=\"true\">\n\t\t\t\t\t\t\t\t\t\t\t\t\t\t\t<span class=\"elementor-accordion-icon-closed\"><i class=\"fas fa-plus\"><\/i><\/span>\n\t\t\t\t\t\t\t\t<span class=\"elementor-accordion-icon-opened\"><i class=\"fas fa-minus\"><\/i><\/span>\n\t\t\t\t\t\t\t\t\t\t\t\t\t\t<\/span>\n\t\t\t\t\t\t\t\t\t\t\t\t<a class=\"elementor-accordion-title\" tabindex=\"0\">\u00d6zel Sa\u011fl\u0131k Sigortalar\u0131<\/a>\n\t\t\t\t\t<\/div>\n\t\t\t\t\t<div id=\"elementor-tab-content-2072\" class=\"elementor-tab-content elementor-clearfix\" data-tab=\"2\" role=\"region\" aria-labelledby=\"elementor-tab-title-2072\"><ul>\n<li>Allianz Sigorta A.\u015e.<\/li>\n<li>Anadolu Sigorta A.\u015e.<\/li>\n<li>Axa Sigorta A.\u015e.<\/li>\n<li>Ak Sigorta A.\u015e.<\/li>\n<li>Ergo Sigorta A.\u015e.<\/li>\n<li>EUREKO Sigorta (CGM)<\/li>\n<li>T\u00fcrkiye Sigorta<\/li>\n<li>\u0130MC (\u0130mece Destek) Sigorta\n<ul>\n<li>ANA Sigorta<\/li>\n<li>Arex Sigorta<\/li>\n<li>Aveon Sigorta<\/li>\n<li>Bereket Sigorta<\/li>\n<li>Do\u011fa Sigorta<\/li>\n<li>Ethica Sigorta<\/li>\n<li>Generali Sigorta<\/li>\n<li>Magdeburger Sigorta<\/li>\n<li>NN Sigorta<\/li>\n<li>Unico Sigorta<\/li>\n<li>Prive Sigorta<\/li>\n<li>T\u00fcrk Nippon Sigorta<\/li>\n<li>Quick Sigorta<\/li>\n<\/ul>\n<\/li>\n<li>CGM (Compu Group Medical)\n<ul>\n<li>Acn T\u00fcrk Sigorta A.\u015f<\/li>\n<li>Ankara Sigorta<\/li>\n<li>Axa Sigorta ( Groupama)<\/li>\n<li>QNB Sa\u011fl\u0131k Hayat Sigorta ve Emeklilik A.\u015e<\/li>\n<li>Demir Sa\u011fl\u0131k ve Hayat<\/li>\n<li>Fortis Bank<\/li>\n<li>Gulf Sigorta<\/li>\n<li>Hepiyi Sigorta<\/li>\n<li>T\u00fcrkiye Kat\u0131l\u0131m Hayat A.\u015e<\/li>\n<li>Mapfre Genel Sigorta A.\u015e.<\/li>\n<li>Ray Sigorta<\/li>\n<li>Sompo Sigorta<\/li>\n<li>Zurich Sigorta<\/li>\n<li>MedLife Emeklilik ve Hayat<\/li>\n<li>Emaa Sigorta<\/li>\n<\/ul>\n<\/li>\n<\/ul><\/div>\n\t\t\t\t<\/div>\n\t\t\t\t\t\t\t<div class=\"elementor-accordion-item\">\n\t\t\t\t\t<div id=\"elementor-tab-title-2073\" class=\"elementor-tab-title\" data-tab=\"3\" role=\"button\" aria-controls=\"elementor-tab-content-2073\" aria-expanded=\"false\">\n\t\t\t\t\t\t\t\t\t\t\t\t\t<span class=\"elementor-accordion-icon elementor-accordion-icon-left\" aria-hidden=\"true\">\n\t\t\t\t\t\t\t\t\t\t\t\t\t\t\t<span class=\"elementor-accordion-icon-closed\"><i class=\"fas fa-plus\"><\/i><\/span>\n\t\t\t\t\t\t\t\t<span class=\"elementor-accordion-icon-opened\"><i class=\"fas fa-minus\"><\/i><\/span>\n\t\t\t\t\t\t\t\t\t\t\t\t\t\t<\/span>\n\t\t\t\t\t\t\t\t\t\t\t\t<a class=\"elementor-accordion-title\" tabindex=\"0\">Tamamlay\u0131c\u0131 \u00d6zel Sa\u011fl\u0131k Sigortalar\u0131<\/a>\n\t\t\t\t\t<\/div>\n\t\t\t\t\t<div id=\"elementor-tab-content-2073\" class=\"elementor-tab-content elementor-clearfix\" data-tab=\"3\" role=\"region\" aria-labelledby=\"elementor-tab-title-2073\"><ul><li>Mapfre Genel Sigorta A.\u015e. (Fark Yok)<\/li><li>T\u00fcrk Nippon Tamamlay\u0131c\u0131<\/li><li>S.S. Do\u011fa Sigorta Tamamlay\u0131c\u0131<\/li><li>Eureko Sigorta A.\u015e. (Fark Yok)<\/li><li>Anadolu Tamamlay\u0131c\u0131<\/li><li>Eureko Tamamlay\u0131c\u0131<\/li><li>UNICO Tamamlay\u0131c\u0131<\/li><li>Groupama Tamamlay\u0131c\u0131<\/li><li>Sompo Japan Tamamlay\u0131c\u0131<\/li><li>Ergo Tamamlay\u0131c\u0131<\/li><li>Ray Tamamlay\u0131c\u0131<\/li><li>T\u00fcrkiye Sigorta Tamamlay\u0131c\u0131<\/li><li>AXA Tamamlay\u0131c\u0131<\/li><li>Ethica Tamamlay\u0131c\u0131<\/li><li>Allianz Sigorta A.\u015e. Tamamlay\u0131c\u0131<\/li><li>Kat\u0131l\u0131m Emeklilik<\/li><li>Demir Hayat Sigorta A.\u015e. Tamamlay\u0131c\u0131<\/li><li>\u0130MC\u00a0 (\u0130mece Destek) Sigorta<\/li><li>CGM (Compu Group Medical)<\/li><\/ul><\/div>\n\t\t\t\t<\/div>\n\t\t\t\t\t\t\t<div class=\"elementor-accordion-item\">\n\t\t\t\t\t<div id=\"elementor-tab-title-2074\" class=\"elementor-tab-title\" data-tab=\"4\" role=\"button\" aria-controls=\"elementor-tab-content-2074\" aria-expanded=\"false\">\n\t\t\t\t\t\t\t\t\t\t\t\t\t<span class=\"elementor-accordion-icon elementor-accordion-icon-left\" aria-hidden=\"true\">\n\t\t\t\t\t\t\t\t\t\t\t\t\t\t\t<span class=\"elementor-accordion-icon-closed\"><i class=\"fas fa-plus\"><\/i><\/span>\n\t\t\t\t\t\t\t\t<span class=\"elementor-accordion-icon-opened\"><i class=\"fas fa-minus\"><\/i><\/span>\n\t\t\t\t\t\t\t\t\t\t\t\t\t\t<\/span>\n\t\t\t\t\t\t\t\t\t\t\t\t<a class=\"elementor-accordion-title\" tabindex=\"0\">Yurtd\u0131\u015f\u0131 Sigortalar\u0131<\/a>\n\t\t\t\t\t<\/div>\n\t\t\t\t\t<div id=\"elementor-tab-content-2074\" class=\"elementor-tab-content elementor-clearfix\" data-tab=\"4\" role=\"region\" aria-labelledby=\"elementor-tab-title-2074\"><ul><li>Marm Assistance<\/li><li>Mondia Assistance<\/li><li>Red Star<\/li><li>Remed Assistance<\/li><li>Sos<\/li><li>Eurocross<\/li><li>Vanbreda \/ Cigna<\/li><\/ul><\/div>\n\t\t\t\t<\/div>\n\t\t\t\t\t\t\t<div class=\"elementor-accordion-item\">\n\t\t\t\t\t<div id=\"elementor-tab-title-2075\" class=\"elementor-tab-title\" data-tab=\"5\" role=\"button\" aria-controls=\"elementor-tab-content-2075\" aria-expanded=\"false\">\n\t\t\t\t\t\t\t\t\t\t\t\t\t<span class=\"elementor-accordion-icon elementor-accordion-icon-left\" aria-hidden=\"true\">\n\t\t\t\t\t\t\t\t\t\t\t\t\t\t\t<span class=\"elementor-accordion-icon-closed\"><i class=\"fas fa-plus\"><\/i><\/span>\n\t\t\t\t\t\t\t\t<span class=\"elementor-accordion-icon-opened\"><i class=\"fas fa-minus\"><\/i><\/span>\n\t\t\t\t\t\t\t\t\t\t\t\t\t\t<\/span>\n\t\t\t\t\t\t\t\t\t\t\t\t<a class=\"elementor-accordion-title\" tabindex=\"0\">Banka ve Sand\u0131klar<\/a>\n\t\t\t\t\t<\/div>\n\t\t\t\t\t<div id=\"elementor-tab-content-2075\" class=\"elementor-tab-content elementor-clearfix\" data-tab=\"5\" role=\"region\" aria-labelledby=\"elementor-tab-title-2075\"><ul>\n<li>TBMM<\/li>\n<li>Posta ve Telgraf Te\u015fkilat\u0131<\/li>\n<li>T.C. Merkez Bankas\u0131 (Vakf\u0131) &#8211;&nbsp;Hasta \u00d6demeli \u0130ndirimli<\/li>\n<li>T. Halk Bankas\u0131 A.\u015e.<\/li>\n<li>T. Halk Bankas\u0131 (Vakf\u0131)<\/li>\n<li>T.Vak\u0131flar Bankas\u0131 T.A.O Memur Ve Hizmetleri EMS Vakf\u0131<\/li>\n<li>Ziraat Bankas\u0131 A.\u015e.<\/li>\n<li>T\u00fcrkiye Barolar Birli\u011fi<\/li>\n<li>Garanti Bankas\u0131<\/li>\n<li>Yarg\u0131tay<\/li>\n<li>Dan\u0131\u015ftay<\/li>\n<li>Say\u0131\u015ftay<\/li>\n<li>Ankara Mahkemesi \u00dcyeleri<\/li>\n<li>Hakimler ve Savc\u0131lar Y\u00fcksek Kurumu<\/li>\n<\/ul><\/div>\n\t\t\t\t<\/div>\n\t\t\t\t\t\t\t<div class=\"elementor-accordion-item\">\n\t\t\t\t\t<div id=\"elementor-tab-title-2076\" class=\"elementor-tab-title\" data-tab=\"6\" role=\"button\" aria-controls=\"elementor-tab-content-2076\" aria-expanded=\"false\">\n\t\t\t\t\t\t\t\t\t\t\t\t\t<span class=\"elementor-accordion-icon elementor-accordion-icon-left\" aria-hidden=\"true\">\n\t\t\t\t\t\t\t\t\t\t\t\t\t\t\t<span class=\"elementor-accordion-icon-closed\"><i class=\"fas fa-plus\"><\/i><\/span>\n\t\t\t\t\t\t\t\t<span class=\"elementor-accordion-icon-opened\"><i class=\"fas fa-minus\"><\/i><\/span>\n\t\t\t\t\t\t\t\t\t\t\t\t\t\t<\/span>\n\t\t\t\t\t\t\t\t\t\t\t\t<a class=\"elementor-accordion-title\" tabindex=\"0\">Di\u011fer Kurumlar<\/a>\n\t\t\t\t\t<\/div>\n\t\t\t\t\t<div id=\"elementor-tab-content-2076\" class=\"elementor-tab-content elementor-clearfix\" data-tab=\"6\" role=\"region\" aria-labelledby=\"elementor-tab-title-2076\"><ul><li>T\u00dcB\u0130TAK<\/li><li>Devlet Opera Balesi<\/li><li>Hilton<\/li><li>Sheraton<\/li><li>Yarg\u0131tay<\/li><li>M\u00fclkiyetler Birli\u011fi<\/li><li>\u0130T\u00dc Birlik<\/li><li>T\u00fcrkiye Tar\u0131m Koop.<\/li><li>T\u00fcrk K\u0131z\u0131lay\u0131<\/li><li>TED Vakf\u0131<\/li><li>Vitta Kart<\/li><li>Divak<\/li><\/ul><\/div>\n\t\t\t\t<\/div>\n\t\t\t\t\t\t\t\t<\/div>\n\t\t\t\t\t\t<\/div>\n\t\t\t\t<\/div>\n\t\t\t\t\t<\/div>\n\t\t<\/div>\n\t\t\t\t\t<\/div>\n\t\t<\/section>\n\t\t\t\t<\/div>\n\t\t","protected":false},"excerpt":{"rendered":"<p>Kurumsal Anla\u015fmal\u0131 Kurumlar Hastanemiz t\u00fcm muayene i\u015flemleri, ameliyat, m\u00fcdahale ve medikal tedavi ama\u00e7l\u0131 yat\u0131\u015flar da dahil olmak \u00fczere SGK hastalar\u0131 (SSK,emekli ve \u00e7al\u0131\u015fan, ba\u011f-kur; emekli ve \u00e7al\u0131\u015fan, emekli sand\u0131\u011f\u0131) ve 657 ye tabi devlet memurlar\u0131 ile anla\u015fmal\u0131d\u0131r. Ayr\u0131ca Hastanemiz \u00d6zel Sigorta Mensuplar\u0131 ve Anla\u015fma yapt\u0131\u011f\u0131m\u0131z firmalar, yurtd\u0131\u015f\u0131 sigortalar, inter partner assistance, cgm ve resmi kurumlarda <\/p>\n","protected":false},"author":1,"featured_media":0,"parent":0,"menu_order":0,"comment_status":"closed","ping_status":"closed","template":"elementor_header_footer","meta":{"footnotes":""},"class_list":["post-3564","page","type-page","status-publish","hentry"],"acf":[],"_links":{"self":[{"href":"https:\/\/cankayahastanesi.com.tr\/tr\/wp-json\/wp\/v2\/pages\/3564","targetHints":{"allow":["GET"]}}],"collection":[{"href":"https:\/\/cankayahastanesi.com.tr\/tr\/wp-json\/wp\/v2\/pages"}],"about":[{"href":"https:\/\/cankayahastanesi.com.tr\/tr\/wp-json\/wp\/v2\/types\/page"}],"author":[{"embeddable":true,"href":"https:\/\/cankayahastanesi.com.tr\/tr\/wp-json\/wp\/v2\/users\/1"}],"replies":[{"embeddable":true,"href":"https:\/\/cankayahastanesi.com.tr\/tr\/wp-json\/wp\/v2\/comments?post=3564"}],"version-history":[{"count":52,"href":"https:\/\/cankayahastanesi.com.tr\/tr\/wp-json\/wp\/v2\/pages\/3564\/revisions"}],"predecessor-version":[{"id":5008,"href":"https:\/\/cankayahastanesi.com.tr\/tr\/wp-json\/wp\/v2\/pages\/3564\/revisions\/5008"}],"wp:attachment":[{"href":"https:\/\/cankayahastanesi.com.tr\/tr\/wp-json\/wp\/v2\/media?parent=3564"}],"curies":[{"name":"wp","href":"https:\/\/api.w.org\/{rel}","templated":true}]}}