{"id":3551,"date":"2023-11-28T10:19:00","date_gmt":"2023-11-28T10:19:00","guid":{"rendered":"https:\/\/cankayahastanesi.site\/?page_id=3551"},"modified":"2024-05-28T21:29:36","modified_gmt":"2024-05-28T21:29:36","slug":"organizasyon-semasi","status":"publish","type":"page","link":"https:\/\/cankayahastanesi.com.tr\/tr\/organizasyon-semasi\/","title":{"rendered":"Organizasyon \u015eemas\u0131"},"content":{"rendered":"\t\t<div data-elementor-type=\"wp-page\" data-elementor-id=\"3551\" class=\"elementor elementor-3551\">\n\t\t\t\t\t\t<section class=\"elementor-section elementor-top-section elementor-element elementor-element-8a1280b elementor-section-boxed elementor-section-height-default elementor-section-height-default\" data-id=\"8a1280b\" data-element_type=\"section\" data-e-type=\"section\">\n\t\t\t\t\t\t<div class=\"elementor-container elementor-column-gap-no\">\n\t\t\t\t\t<div class=\"elementor-column elementor-col-100 elementor-top-column elementor-element elementor-element-d16e9d3\" data-id=\"d16e9d3\" data-element_type=\"column\" data-e-type=\"column\">\n\t\t\t<div class=\"elementor-widget-wrap elementor-element-populated\">\n\t\t\t\t\t\t<div class=\"elementor-element elementor-element-5e218e0 elementor-widget elementor-widget-Rola_Section\" data-id=\"5e218e0\" data-element_type=\"widget\" data-e-type=\"widget\" data-widget_type=\"Rola_Section.default\">\n\t\t\t\t<div class=\"elementor-widget-container\">\n\t\t\t\t\t                    <div class=\"container\">\r\n                <div class=\"section-title\">\r\n                                            <span class=\"sub-title\">\r\n                                                        \u00c7ankaya Hastanesini Tan\u0131y\u0131n                        <\/span>\r\n                                        <h1><b>Organizasyon \u015eemas\u0131<\/b><\/h1>\r\n                    <p><\/p>\r\n                <\/div>\r\n            <\/div>\r\n        \r\n        \t\t\t\t<\/div>\n\t\t\t\t<\/div>\n\t\t\t\t\t<\/div>\n\t\t<\/div>\n\t\t\t\t\t<\/div>\n\t\t<\/section>\n\t\t\t\t<section class=\"elementor-section elementor-top-section elementor-element elementor-element-b651045 elementor-section-boxed elementor-section-height-default elementor-section-height-default\" data-id=\"b651045\" data-element_type=\"section\" data-e-type=\"section\">\n\t\t\t\t\t\t<div class=\"elementor-container elementor-column-gap-default\">\n\t\t\t\t\t<div class=\"elementor-column elementor-col-100 elementor-top-column elementor-element elementor-element-627711e\" data-id=\"627711e\" data-element_type=\"column\" data-e-type=\"column\">\n\t\t\t<div class=\"elementor-widget-wrap elementor-element-populated\">\n\t\t\t\t\t\t<div class=\"elementor-element elementor-element-947c757 elementor-widget elementor-widget-image\" data-id=\"947c757\" data-element_type=\"widget\" data-e-type=\"widget\" data-widget_type=\"image.default\">\n\t\t\t\t<div class=\"elementor-widget-container\">\n\t\t\t\t\t\t\t\t\t\t\t\t\t\t\t\t<a href=\"https:\/\/cankayahastanesi.com.tr\/wp-content\/uploads\/2024\/05\/organizasyon-s2emasi-yeni.webp\" data-elementor-open-lightbox=\"yes\" data-elementor-lightbox-title=\"organizasyon-s2emasi-yeni\" data-e-action-hash=\"#elementor-action%3Aaction%3Dlightbox%26settings%3DeyJpZCI6NDY0MiwidXJsIjoiaHR0cHM6XC9cL2NhbmtheWFoYXN0YW5lc2kuY29tLnRyXC93cC1jb250ZW50XC91cGxvYWRzXC8yMDI0XC8wNVwvb3JnYW5pemFzeW9uLXMyZW1hc2kteWVuaS53ZWJwIn0%3D\">\n\t\t\t\t\t\t\t<img fetchpriority=\"high\" decoding=\"async\" width=\"1696\" height=\"1075\" src=\"https:\/\/cankayahastanesi.com.tr\/wp-content\/uploads\/2024\/05\/organizasyon-s2emasi-yeni.webp\" class=\"attachment-full size-full wp-image-4642\" alt=\"\" srcset=\"https:\/\/cankayahastanesi.com.tr\/wp-content\/uploads\/2024\/05\/organizasyon-s2emasi-yeni.webp 1696w, https:\/\/cankayahastanesi.com.tr\/wp-content\/uploads\/2024\/05\/organizasyon-s2emasi-yeni-300x190.webp 300w, https:\/\/cankayahastanesi.com.tr\/wp-content\/uploads\/2024\/05\/organizasyon-s2emasi-yeni-1024x649.webp 1024w, https:\/\/cankayahastanesi.com.tr\/wp-content\/uploads\/2024\/05\/organizasyon-s2emasi-yeni-768x487.webp 768w, https:\/\/cankayahastanesi.com.tr\/wp-content\/uploads\/2024\/05\/organizasyon-s2emasi-yeni-1536x974.webp 1536w\" sizes=\"(max-width: 1696px) 100vw, 1696px\" \/>\t\t\t\t\t\t\t\t<\/a>\n\t\t\t\t\t\t\t\t\t\t\t\t\t\t\t<\/div>\n\t\t\t\t<\/div>\n\t\t\t\t\t<\/div>\n\t\t<\/div>\n\t\t\t\t\t<\/div>\n\t\t<\/section>\n\t\t\t\t<\/div>\n\t\t","protected":false},"excerpt":{"rendered":"<p>\u00c7ankaya Hastanesini Tan\u0131y\u0131n Organizasyon \u015eemas\u0131<\/p>\n","protected":false},"author":1,"featured_media":0,"parent":0,"menu_order":0,"comment_status":"closed","ping_status":"closed","template":"elementor_header_footer","meta":{"footnotes":""},"class_list":["post-3551","page","type-page","status-publish","hentry"],"acf":[],"_links":{"self":[{"href":"https:\/\/cankayahastanesi.com.tr\/tr\/wp-json\/wp\/v2\/pages\/3551","targetHints":{"allow":["GET"]}}],"collection":[{"href":"https:\/\/cankayahastanesi.com.tr\/tr\/wp-json\/wp\/v2\/pages"}],"about":[{"href":"https:\/\/cankayahastanesi.com.tr\/tr\/wp-json\/wp\/v2\/types\/page"}],"author":[{"embeddable":true,"href":"https:\/\/cankayahastanesi.com.tr\/tr\/wp-json\/wp\/v2\/users\/1"}],"replies":[{"embeddable":true,"href":"https:\/\/cankayahastanesi.com.tr\/tr\/wp-json\/wp\/v2\/comments?post=3551"}],"version-history":[{"count":20,"href":"https:\/\/cankayahastanesi.com.tr\/tr\/wp-json\/wp\/v2\/pages\/3551\/revisions"}],"predecessor-version":[{"id":4646,"href":"https:\/\/cankayahastanesi.com.tr\/tr\/wp-json\/wp\/v2\/pages\/3551\/revisions\/4646"}],"wp:attachment":[{"href":"https:\/\/cankayahastanesi.com.tr\/tr\/wp-json\/wp\/v2\/media?parent=3551"}],"curies":[{"name":"wp","href":"https:\/\/api.w.org\/{rel}","templated":true}]}}