{"id":3533,"date":"2023-11-28T10:14:14","date_gmt":"2023-11-28T10:14:14","guid":{"rendered":"https:\/\/cankayahastanesi.site\/?page_id=3533"},"modified":"2024-03-04T06:33:32","modified_gmt":"2024-03-04T06:33:32","slug":"is-sagligi-ve-guvenligi-politikasi","status":"publish","type":"page","link":"https:\/\/cankayahastanesi.com.tr\/tr\/is-sagligi-ve-guvenligi-politikasi\/","title":{"rendered":"\u0130\u015f Sa\u011fl\u0131\u011f\u0131 ve G\u00fcvenli\u011fi Politikas\u0131"},"content":{"rendered":"\t\t<div data-elementor-type=\"wp-page\" data-elementor-id=\"3533\" class=\"elementor elementor-3533\">\n\t\t\t\t\t\t<section class=\"elementor-section elementor-top-section elementor-element elementor-element-8a1280b elementor-section-boxed elementor-section-height-default elementor-section-height-default\" data-id=\"8a1280b\" data-element_type=\"section\">\n\t\t\t\t\t\t<div class=\"elementor-container elementor-column-gap-no\">\n\t\t\t\t\t<div class=\"elementor-column elementor-col-100 elementor-top-column elementor-element elementor-element-d16e9d3\" data-id=\"d16e9d3\" data-element_type=\"column\">\n\t\t\t<div class=\"elementor-widget-wrap elementor-element-populated\">\n\t\t\t\t\t\t<div class=\"elementor-element elementor-element-5e218e0 elementor-widget elementor-widget-Rola_Section\" data-id=\"5e218e0\" data-element_type=\"widget\" data-widget_type=\"Rola_Section.default\">\n\t\t\t\t<div class=\"elementor-widget-container\">\n\t\t\t\t\t                    <div class=\"container\">\r\n                <div class=\"section-title\">\r\n                                            <span class=\"sub-title\">\r\n                                                        Kalite Y\u00f6netimi                        <\/span>\r\n                                        <h1><b>\u0130\u015f Sa\u011fl\u0131\u011f\u0131 ve G\u00fcvenli\u011fi Politikas\u0131<\/b><\/h1>\r\n                    <p><\/p>\r\n                <\/div>\r\n            <\/div>\r\n        \r\n        \t\t\t\t<\/div>\n\t\t\t\t<\/div>\n\t\t\t\t\t<\/div>\n\t\t<\/div>\n\t\t\t\t\t<\/div>\n\t\t<\/section>\n\t\t\t\t<section class=\"elementor-section elementor-top-section elementor-element elementor-element-f74d70f elementor-section-boxed elementor-section-height-default elementor-section-height-default\" data-id=\"f74d70f\" data-element_type=\"section\">\n\t\t\t\t\t\t<div class=\"elementor-container elementor-column-gap-default\">\n\t\t\t\t\t<div class=\"elementor-column elementor-col-100 elementor-top-column elementor-element elementor-element-85aec25\" data-id=\"85aec25\" data-element_type=\"column\">\n\t\t\t<div class=\"elementor-widget-wrap elementor-element-populated\">\n\t\t\t\t\t\t<div class=\"elementor-element elementor-element-fceb1b7 elementor-widget elementor-widget-image\" data-id=\"fceb1b7\" data-element_type=\"widget\" data-widget_type=\"image.default\">\n\t\t\t\t<div class=\"elementor-widget-container\">\n\t\t\t\t\t\t\t\t\t\t\t\t\t\t\t<img fetchpriority=\"high\" decoding=\"async\" width=\"1528\" height=\"530\" src=\"https:\/\/cankayahastanesi.com.tr\/wp-content\/uploads\/2023\/11\/Is-Sagligi-ve-Guvenligi-Politikasi.webp\" class=\"attachment-full size-full wp-image-3541\" alt=\"\" srcset=\"https:\/\/cankayahastanesi.com.tr\/wp-content\/uploads\/2023\/11\/Is-Sagligi-ve-Guvenligi-Politikasi.webp 1528w, https:\/\/cankayahastanesi.com.tr\/wp-content\/uploads\/2023\/11\/Is-Sagligi-ve-Guvenligi-Politikasi-300x104.webp 300w, https:\/\/cankayahastanesi.com.tr\/wp-content\/uploads\/2023\/11\/Is-Sagligi-ve-Guvenligi-Politikasi-1024x355.webp 1024w, https:\/\/cankayahastanesi.com.tr\/wp-content\/uploads\/2023\/11\/Is-Sagligi-ve-Guvenligi-Politikasi-768x266.webp 768w\" sizes=\"(max-width: 1528px) 100vw, 1528px\" \/>\t\t\t\t\t\t\t\t\t\t\t\t\t\t\t<\/div>\n\t\t\t\t<\/div>\n\t\t\t\t\t<\/div>\n\t\t<\/div>\n\t\t\t\t\t<\/div>\n\t\t<\/section>\n\t\t\t\t<section class=\"elementor-section elementor-top-section elementor-element elementor-element-765b545 elementor-section-boxed elementor-section-height-default elementor-section-height-default\" data-id=\"765b545\" data-element_type=\"section\">\n\t\t\t\t\t\t<div class=\"elementor-container elementor-column-gap-default\">\n\t\t\t\t\t<div class=\"elementor-column elementor-col-100 elementor-top-column elementor-element elementor-element-b91220c\" data-id=\"b91220c\" data-element_type=\"column\">\n\t\t\t<div class=\"elementor-widget-wrap elementor-element-populated\">\n\t\t\t\t\t\t<div class=\"elementor-element elementor-element-e8d0253 elementor-widget elementor-widget-text-editor\" data-id=\"e8d0253\" data-element_type=\"widget\" data-widget_type=\"text-editor.default\">\n\t\t\t\t<div class=\"elementor-widget-container\">\n\t\t\t\t\t\t\t\t\t<p>\u00d6zel \u00c7ankaya Hastanesi olarak \u0130\u015f Sa\u011fl\u0131\u011f\u0131 ve G\u00fcvenli\u011fi politikam\u0131z; kurumdaki \u00e7al\u0131\u015fan g\u00fcvenli\u011fini tehdit eden \/ edebilecek risklerin belirlenerek iyile\u015ftirme faaliyetlerinin yap\u0131lmas\u0131 ve s\u00fcrekli takip edilmesi, olas\u0131 i\u015f kazas\u0131 risklerinin kontrol alt\u0131nda tutulmas\u0131, sa\u011fl\u0131kl\u0131 ve g\u00fcvenli \u00e7al\u0131\u015fma ortam\u0131 sa\u011flanmas\u0131 ve t\u00fcm \u00e7al\u0131\u015fanlar\u0131m\u0131z\u0131n kat\u0131l\u0131m\u0131yla i\u015f Sa\u011fl\u0131\u011f\u0131 ve G\u00fcvenli\u011fi K\u00fclt\u00fcr\u00fcn\u00fcn yerle\u015ftirilmesi ve s\u00fcreklili\u011finin sa\u011flanmas\u0131d\u0131r.<\/p><p><strong>\u0130\u015f Sa\u011fl\u0131\u011f\u0131 ve G\u00fcvenli\u011fi Konusundaki Hedeflerimize Ula\u015fmak i\u00e7in Temel \u0130lkelerimiz:<\/strong><\/p><ul><li>\u2022\u0130\u015f Sa\u011fl\u0131\u011f\u0131 ve G\u00fcvenli\u011fi ile ilgili yasal d\u00fczenlemelere ve standartlara uymak<\/li><li>\u2022S\u00fcrekli saha g\u00f6zetimleri yaparak riskleri ve \u00e7al\u0131\u015fanlar\u0131n \u0130SG kurallar\u0131na uyumunu denetlemek<\/li><li>\u2022T\u00fcm \u00e7al\u0131\u015fanlar\u0131m\u0131z\u0131 \u0130\u015f Sa\u011fl\u0131\u011f\u0131 ve G\u00fcvenli\u011fi konusunda e\u011fitmek ve bilin\u00e7lendirmek<\/li><li>\u2022Sahada KKE (Ki\u015fisel koruyucu ekipman) kullan\u0131m\u0131n\u0131n takibini g\u00f6zlemlemek<\/li><li>\u2022T\u00fcm \u00e7al\u0131\u015fanlar\u0131m\u0131z\u0131n, tedarik\u00e7ilerimizin ve ziyaret\u00e7ilerimizin olu\u015fturulan \u0130\u015f Sa\u011fl\u0131\u011f\u0131 ve G\u00fcvenli\u011fi kurallar\u0131na uymalar\u0131n\u0131 ve s\u00fcre\u00e7lere kat\u0131l\u0131m\u0131n\u0131 sa\u011flamak<\/li><li>\u2022Zaman\u0131nda ve do\u011fru risk analizi yaparak tehlikeleri \u00f6nceden belirlemek ve ortadan kald\u0131rmak<\/li><li>\u2022\u00c7al\u0131\u015fma ortam\u0131nda i\u015f kazas\u0131 ve meslek hastal\u0131\u011f\u0131na yol a\u00e7acak etkenleri \u00f6nceden tespit etmek ve ortadan kald\u0131rmak<\/li><li>\u2022Teknolojik geli\u015fmeleri takip ederek, \u0130\u015f Sa\u011fl\u0131\u011f\u0131 ve G\u00fcvenli\u011fi ile ilgili faaliyetleri s\u00fcrekli iyile\u015ftirmek<\/li><\/ul><p>Bu do\u011frultuda kurumumuzda sa\u011fl\u0131kl\u0131 ve g\u00fcvenli bir \u00e7al\u0131\u015fma ortam\u0131n\u0131n sa\u011flanmas\u0131 i\u00e7in \u00e7al\u0131\u015fmalar\u0131m\u0131za s\u00fcrekli devam edece\u011fimizi taahh\u00fct ederiz.<\/p><p>\u00a0<\/p>\t\t\t\t\t\t\t\t<\/div>\n\t\t\t\t<\/div>\n\t\t\t\t\t<\/div>\n\t\t<\/div>\n\t\t\t\t\t<\/div>\n\t\t<\/section>\n\t\t\t\t<section class=\"elementor-section elementor-top-section elementor-element elementor-element-7448921 elementor-section-boxed elementor-section-height-default elementor-section-height-default\" data-id=\"7448921\" data-element_type=\"section\">\n\t\t\t\t\t\t<div class=\"elementor-container elementor-column-gap-default\">\n\t\t\t\t\t<div class=\"elementor-column elementor-col-100 elementor-top-column elementor-element elementor-element-135bf70\" data-id=\"135bf70\" data-element_type=\"column\">\n\t\t\t<div class=\"elementor-widget-wrap elementor-element-populated\">\n\t\t\t\t\t\t<div class=\"elementor-element elementor-element-ed34016 elementor-widget elementor-widget-text-editor\" data-id=\"ed34016\" data-element_type=\"widget\" data-widget_type=\"text-editor.default\">\n\t\t\t\t<div class=\"elementor-widget-container\">\n\t\t\t\t\t\t\t\t\t<h6><strong>G\u00fcncelleme: 13.02.2024\u00a0<\/strong><\/h6>\t\t\t\t\t\t\t\t<\/div>\n\t\t\t\t<\/div>\n\t\t\t\t\t<\/div>\n\t\t<\/div>\n\t\t\t\t\t<\/div>\n\t\t<\/section>\n\t\t\t\t<\/div>\n\t\t","protected":false},"excerpt":{"rendered":"<p>Kalite Y\u00f6netimi \u0130\u015f Sa\u011fl\u0131\u011f\u0131 ve G\u00fcvenli\u011fi Politikas\u0131 \u00d6zel \u00c7ankaya Hastanesi olarak \u0130\u015f Sa\u011fl\u0131\u011f\u0131 ve G\u00fcvenli\u011fi politikam\u0131z; kurumdaki \u00e7al\u0131\u015fan g\u00fcvenli\u011fini tehdit eden \/ edebilecek risklerin belirlenerek iyile\u015ftirme faaliyetlerinin yap\u0131lmas\u0131 ve s\u00fcrekli takip edilmesi, olas\u0131 i\u015f kazas\u0131 risklerinin kontrol alt\u0131nda tutulmas\u0131, sa\u011fl\u0131kl\u0131 ve g\u00fcvenli \u00e7al\u0131\u015fma ortam\u0131 sa\u011flanmas\u0131 ve t\u00fcm \u00e7al\u0131\u015fanlar\u0131m\u0131z\u0131n kat\u0131l\u0131m\u0131yla i\u015f Sa\u011fl\u0131\u011f\u0131 ve G\u00fcvenli\u011fi K\u00fclt\u00fcr\u00fcn\u00fcn yerle\u015ftirilmesi <\/p>\n","protected":false},"author":1,"featured_media":0,"parent":0,"menu_order":0,"comment_status":"closed","ping_status":"closed","template":"elementor_header_footer","meta":{"footnotes":""},"class_list":["post-3533","page","type-page","status-publish","hentry"],"acf":[],"_links":{"self":[{"href":"https:\/\/cankayahastanesi.com.tr\/tr\/wp-json\/wp\/v2\/pages\/3533","targetHints":{"allow":["GET"]}}],"collection":[{"href":"https:\/\/cankayahastanesi.com.tr\/tr\/wp-json\/wp\/v2\/pages"}],"about":[{"href":"https:\/\/cankayahastanesi.com.tr\/tr\/wp-json\/wp\/v2\/types\/page"}],"author":[{"embeddable":true,"href":"https:\/\/cankayahastanesi.com.tr\/tr\/wp-json\/wp\/v2\/users\/1"}],"replies":[{"embeddable":true,"href":"https:\/\/cankayahastanesi.com.tr\/tr\/wp-json\/wp\/v2\/comments?post=3533"}],"version-history":[{"count":16,"href":"https:\/\/cankayahastanesi.com.tr\/tr\/wp-json\/wp\/v2\/pages\/3533\/revisions"}],"predecessor-version":[{"id":4497,"href":"https:\/\/cankayahastanesi.com.tr\/tr\/wp-json\/wp\/v2\/pages\/3533\/revisions\/4497"}],"wp:attachment":[{"href":"https:\/\/cankayahastanesi.com.tr\/tr\/wp-json\/wp\/v2\/media?parent=3533"}],"curies":[{"name":"wp","href":"https:\/\/api.w.org\/{rel}","templated":true}]}}