{"id":3515,"date":"2023-11-28T10:08:09","date_gmt":"2023-11-28T10:08:09","guid":{"rendered":"https:\/\/cankayahastanesi.site\/?page_id=3515"},"modified":"2024-03-04T06:32:01","modified_gmt":"2024-03-04T06:32:01","slug":"kalite-politikamiz","status":"publish","type":"page","link":"https:\/\/cankayahastanesi.com.tr\/tr\/kalite-politikamiz\/","title":{"rendered":"Kalite Politikam\u0131z"},"content":{"rendered":"\t\t<div data-elementor-type=\"wp-page\" data-elementor-id=\"3515\" class=\"elementor elementor-3515\">\n\t\t\t\t\t\t<section class=\"elementor-section elementor-top-section elementor-element elementor-element-8a1280b elementor-section-boxed elementor-section-height-default elementor-section-height-default\" data-id=\"8a1280b\" data-element_type=\"section\">\n\t\t\t\t\t\t<div class=\"elementor-container elementor-column-gap-no\">\n\t\t\t\t\t<div class=\"elementor-column elementor-col-100 elementor-top-column elementor-element elementor-element-d16e9d3\" data-id=\"d16e9d3\" data-element_type=\"column\">\n\t\t\t<div class=\"elementor-widget-wrap elementor-element-populated\">\n\t\t\t\t\t\t<div class=\"elementor-element elementor-element-5e218e0 elementor-widget elementor-widget-Rola_Section\" data-id=\"5e218e0\" data-element_type=\"widget\" data-widget_type=\"Rola_Section.default\">\n\t\t\t\t<div class=\"elementor-widget-container\">\n\t\t\t\t\t                    <div class=\"container\">\r\n                <div class=\"section-title\">\r\n                                            <span class=\"sub-title\">\r\n                                                        Kalite Y\u00f6netimi                        <\/span>\r\n                                        <h1><b>Kalite Politikam\u0131z<\/b><\/h1>\r\n                    <p><\/p>\r\n                <\/div>\r\n            <\/div>\r\n        \r\n        \t\t\t\t<\/div>\n\t\t\t\t<\/div>\n\t\t\t\t\t<\/div>\n\t\t<\/div>\n\t\t\t\t\t<\/div>\n\t\t<\/section>\n\t\t\t\t<section class=\"elementor-section elementor-top-section elementor-element elementor-element-f74d70f elementor-section-boxed elementor-section-height-default elementor-section-height-default\" data-id=\"f74d70f\" data-element_type=\"section\">\n\t\t\t\t\t\t<div class=\"elementor-container elementor-column-gap-default\">\n\t\t\t\t\t<div class=\"elementor-column elementor-col-100 elementor-top-column elementor-element elementor-element-85aec25\" data-id=\"85aec25\" data-element_type=\"column\">\n\t\t\t<div class=\"elementor-widget-wrap elementor-element-populated\">\n\t\t\t\t\t\t<div class=\"elementor-element elementor-element-fceb1b7 elementor-widget elementor-widget-image\" data-id=\"fceb1b7\" data-element_type=\"widget\" data-widget_type=\"image.default\">\n\t\t\t\t<div class=\"elementor-widget-container\">\n\t\t\t\t\t\t\t\t\t\t\t\t\t\t\t<img fetchpriority=\"high\" decoding=\"async\" width=\"1528\" height=\"530\" src=\"https:\/\/cankayahastanesi.com.tr\/wp-content\/uploads\/2023\/11\/Kalite-Yonetimi.webp\" class=\"attachment-full size-full wp-image-3520\" alt=\"\" srcset=\"https:\/\/cankayahastanesi.com.tr\/wp-content\/uploads\/2023\/11\/Kalite-Yonetimi.webp 1528w, https:\/\/cankayahastanesi.com.tr\/wp-content\/uploads\/2023\/11\/Kalite-Yonetimi-300x104.webp 300w, https:\/\/cankayahastanesi.com.tr\/wp-content\/uploads\/2023\/11\/Kalite-Yonetimi-1024x355.webp 1024w, https:\/\/cankayahastanesi.com.tr\/wp-content\/uploads\/2023\/11\/Kalite-Yonetimi-768x266.webp 768w\" sizes=\"(max-width: 1528px) 100vw, 1528px\" \/>\t\t\t\t\t\t\t\t\t\t\t\t\t\t\t<\/div>\n\t\t\t\t<\/div>\n\t\t\t\t\t<\/div>\n\t\t<\/div>\n\t\t\t\t\t<\/div>\n\t\t<\/section>\n\t\t\t\t<section class=\"elementor-section elementor-top-section elementor-element elementor-element-765b545 elementor-section-boxed elementor-section-height-default elementor-section-height-default\" data-id=\"765b545\" data-element_type=\"section\">\n\t\t\t\t\t\t<div class=\"elementor-container elementor-column-gap-default\">\n\t\t\t\t\t<div class=\"elementor-column elementor-col-100 elementor-top-column elementor-element elementor-element-b91220c\" data-id=\"b91220c\" data-element_type=\"column\">\n\t\t\t<div class=\"elementor-widget-wrap elementor-element-populated\">\n\t\t\t\t\t\t<div class=\"elementor-element elementor-element-e8d0253 elementor-widget elementor-widget-text-editor\" data-id=\"e8d0253\" data-element_type=\"widget\" data-widget_type=\"text-editor.default\">\n\t\t\t\t<div class=\"elementor-widget-container\">\n\t\t\t\t\t\t\t\t\t<p>Misyon, vizyon ve de\u011ferlerimiz do\u011frultusunda, hastan\u0131n ve yak\u0131nlar\u0131n\u0131n ihtiya\u00e7 ve beklentilerini g\u00f6z \u00f6n\u00fcnde bulundurarak, hasta bak\u0131m\u0131 ve y\u00f6netim standartlar\u0131nda s\u00fcrekli iyile\u015fmeyi sa\u011flamak, hastalara sayg\u0131n, temiz, g\u00fcvenilir bir ortamda y\u00fcksek kalitede hizmet vermek ve hastalar\u0131n hayat kalitesini artt\u0131rmakt\u0131r.<\/p><p>Sa\u011fl\u0131k sekt\u00f6r\u00fcnde son y\u0131llarda ger\u00e7ekle\u015fen h\u0131zl\u0131 geli\u015fmeler ile birlikte, artan hizmet talep ve beklentilerini kar\u015f\u0131lamak ve hasta g\u00fcvenli\u011fi ile hasta kalitesinin uluslararas\u0131 d\u00fczeyde kabul edilebilirli\u011fini sa\u011flamak amac\u0131 ile, hastanemiz d\u00fcnyan\u0131n sa\u011fl\u0131k standartlar\u0131 \u00e7er\u00e7evesinde faaliyet g\u00f6stermektedir.<\/p><p><b>48. y\u0131l\u0131nda \u00c7ankaya Hastanesi uluslararas\u0131 kalite kurulu\u015flar\u0131 ile birlikte \u00e7al\u0131\u015fmaktad\u0131r.<\/b><\/p><p><strong>Kalite Y\u00f6netim Birimi<br \/><\/strong>Hastanemizde kalite \u00e7al\u0131\u015fmalar\u0131 \u201cSa\u011fl\u0131kta Kalitenin Geli\u015ftirilmesi ve De\u011ferlendirilmesine Dair Y\u00f6netmelik\u201d kapsam\u0131nda Sa\u011fl\u0131kta Kalite Standartlar\u0131 &#8211; Hastane seti do\u011frultusunda y\u00fcr\u00fct\u00fclmektedir. Kalite Y\u00f6netim Birimimiz, hasta ve \u00e7al\u0131\u015fan g\u00fcvenli\u011finin sa\u011flanmas\u0131 ve s\u00fcrekli iyile\u015ftirme, geli\u015ftirme ilkelerinden hareketle sa\u011fl\u0131k hizmet kalitesinin optimal d\u00fczeyde geli\u015ftirilmesi ve sa\u011fl\u0131kta kalite \u00e7al\u0131\u015fmalar\u0131n\u0131n etkin, istikrarl\u0131 ve verimli bir \u015fekilde s\u00fcrd\u00fcr\u00fclmesi i\u00e7in \u00e7al\u0131\u015fmalar\u0131n\u0131 y\u00fcr\u00fctmektedir.<\/p><p>SKS &#8211; Hastane setine g\u00f6re hastanemiz kalite \u00e7al\u0131\u015fmalar\u0131 be\u015f boyutta ele al\u0131nmaktad\u0131r.<\/p><ol><li><strong> Kurumsal Hizmetler Boyutu<\/strong><\/li><\/ol><p>Hastanede t\u00fcm \u00e7al\u0131\u015fanlar\u0131n yer ald\u0131\u011f\u0131 etkin bir kalite y\u00f6netim yap\u0131lanmas\u0131 meydana getirerek, kaliteli hizmet sunumuna ili\u015fkin faaliyetlerin sistemli bir \u015fekilde y\u00fcr\u00fct\u00fclmesini sa\u011flamak \u00fczere haz\u0131rlanm\u0131\u015f standartlar i\u00e7eren b\u00f6l\u00fcmlerden olu\u015fan boyuttur.<\/p><ul><li>Kurumsal Yap\u0131<\/li><li>Kalite Y\u00f6netimi<\/li><li>Dok\u00fcman Y\u00f6netimi<\/li><li>Risk Y\u00f6netimi<\/li><li>G\u00fcvenlik Raporlama Sistemi<\/li><li>Acil Durum ve Afet Y\u00f6netimi<\/li><li>E\u011fitim Y\u00f6netimi<\/li><li>Sosyal Sorumluluk<\/li><\/ul><ol start=\"2\"><li><strong> Hasta ve \u00c7al\u0131\u015fan Odakl\u0131 Hizmetler Boyutu<\/strong><\/li><\/ol><p>Hastalar\u0131n temel haklar\u0131n\u0131, g\u00fcvenli\u011fini ve memnuniyetini, \u00e7al\u0131\u015fanlar\u0131n ise sa\u011fl\u0131kl\u0131 bir \u00e7al\u0131\u015fma ortam\u0131 i\u00e7inde olmalar\u0131n\u0131 sa\u011flamak, sunulan hizmetlere hasta ve \u00e7al\u0131\u015fan perspektifinden bakmak amac\u0131yla haz\u0131rlanm\u0131\u015f standartlar i\u00e7erir.<\/p><ul><li>Hasta Deneyimi<\/li><li>Hizmete Eri\u015fim<\/li><li>Sa\u011fl\u0131kl\u0131 \u00c7al\u0131\u015fma Ya\u015fam\u0131<\/li><\/ul><ol start=\"3\"><li><strong> Sa\u011fl\u0131k Hizmetleri Boyutu<\/strong><\/li><\/ol><p>Hastanede verilen t\u00fcm t\u0131bbi hizmet s\u00fcre\u00e7lerinin SKS-Hastane hedefleri kapsam\u0131nda verilmesini sa\u011flamak amac\u0131yla haz\u0131rlanm\u0131\u015f standartlar i\u00e7eren b\u00f6l\u00fcmlerden olu\u015fan boyuttur.<\/p><ul><li>Hasta Bak\u0131m\u0131<\/li><li>\u0130la\u00e7 Y\u00f6netimi<\/li><li>Enfeksiyonlar\u0131n \u00d6nlenmesi<\/li><li>Sterilizasyon Hizmetleri<\/li><li>Radyasyon G\u00fcvenli\u011fi<\/li><li>Acil Servis<\/li><li>Ameliyathane<\/li><li>Yo\u011fun Bak\u0131m \u00dcnitesi<\/li><li>Biyokimya Laboratuvar\u0131<\/li><\/ul><ol start=\"4\"><li><strong> Destek Hizmetleri Boyutu<\/strong><\/li><\/ol><p>T\u0131bbi hizmet s\u00fcre\u00e7lerinin g\u00fcvenli\u011fini ve s\u00fcreklili\u011fini sa\u011flamaya y\u00f6nelik gerekli alt yap\u0131y\u0131 olu\u015fturmak amac\u0131yla haz\u0131rlanm\u0131\u015f standartlar i\u00e7eren b\u00f6l\u00fcmlerden olu\u015fan boyuttur.<\/p><ul><li>Tesis Y\u00f6netimi<\/li><li>Otelcilik Hizmetleri<\/li><li>Bilgi Y\u00f6netim Sistemi<\/li><li>Malzeme ve Cihaz Y\u00f6netimi<\/li><li>T\u0131bbi Kay\u0131t ve Ar\u015fiv Hizmetleri<\/li><li>At\u0131k Y\u00f6netimi<\/li><li>D\u0131\u015f Kaynak Kullan\u0131m\u0131<\/li><\/ul><ol start=\"5\"><li><strong> G\u00f6sterge Y\u00f6netimi Boyutu<\/strong><\/li><\/ol><p>Belirlenen s\u00fcre\u00e7lere y\u00f6nelik performans\u0131 izleyip de\u011ferlendirmek sureti ile kalitenin s\u00fcrekli iyile\u015ftirilmesini sa\u011flamak amac\u0131yla haz\u0131rlanm\u0131\u015f standartlar i\u00e7eren b\u00f6l\u00fcmlerden olu\u015fan boyuttur.<\/p><ul><li>G\u00f6stergelerin \u0130zlenmesi<\/li><li>B\u00f6l\u00fcm Bazl\u0131 G\u00f6stergeler<\/li><li>Klinik Bazl\u0131 G\u00f6stergeler<\/li><\/ul><p><strong>KOM\u0130TE ve EK\u0130PLER\u0130M\u0130Z<\/strong><\/p><p>Komite ve ekiplerimiz d\u00fczenli olarak toplant\u0131lar d\u00fczenlemekte ve g\u00f6rev alanlar\u0131na ili\u015fkin gerekli iyile\u015ftirme \u00e7al\u0131\u015fmalar\u0131n\u0131 y\u00fcr\u00fctmektedir.<\/p>\t\t\t\t\t\t\t\t<\/div>\n\t\t\t\t<\/div>\n\t\t\t\t\t<\/div>\n\t\t<\/div>\n\t\t\t\t\t<\/div>\n\t\t<\/section>\n\t\t\t\t<section class=\"elementor-section elementor-top-section elementor-element elementor-element-7448921 elementor-section-boxed elementor-section-height-default elementor-section-height-default\" data-id=\"7448921\" data-element_type=\"section\">\n\t\t\t\t\t\t<div class=\"elementor-container elementor-column-gap-default\">\n\t\t\t\t\t<div class=\"elementor-column elementor-col-100 elementor-top-column elementor-element elementor-element-135bf70\" data-id=\"135bf70\" data-element_type=\"column\">\n\t\t\t<div class=\"elementor-widget-wrap elementor-element-populated\">\n\t\t\t\t\t\t<div class=\"elementor-element elementor-element-9261a27 elementor-widget elementor-widget-text-editor\" data-id=\"9261a27\" data-element_type=\"widget\" data-widget_type=\"text-editor.default\">\n\t\t\t\t<div class=\"elementor-widget-container\">\n\t\t\t\t\t\t\t\t\t<h6><strong>G\u00fcncelleme: 13.02.2024\u00a0<\/strong><\/h6>\t\t\t\t\t\t\t\t<\/div>\n\t\t\t\t<\/div>\n\t\t\t\t\t<\/div>\n\t\t<\/div>\n\t\t\t\t\t<\/div>\n\t\t<\/section>\n\t\t\t\t<\/div>\n\t\t","protected":false},"excerpt":{"rendered":"<p>Kalite Y\u00f6netimi Kalite Politikam\u0131z Misyon, vizyon ve de\u011ferlerimiz do\u011frultusunda, hastan\u0131n ve yak\u0131nlar\u0131n\u0131n ihtiya\u00e7 ve beklentilerini g\u00f6z \u00f6n\u00fcnde bulundurarak, hasta bak\u0131m\u0131 ve y\u00f6netim standartlar\u0131nda s\u00fcrekli iyile\u015fmeyi sa\u011flamak, hastalara sayg\u0131n, temiz, g\u00fcvenilir bir ortamda y\u00fcksek kalitede hizmet vermek ve hastalar\u0131n hayat kalitesini artt\u0131rmakt\u0131r. Sa\u011fl\u0131k sekt\u00f6r\u00fcnde son y\u0131llarda ger\u00e7ekle\u015fen h\u0131zl\u0131 geli\u015fmeler ile birlikte, artan hizmet talep ve beklentilerini <\/p>\n","protected":false},"author":1,"featured_media":0,"parent":0,"menu_order":0,"comment_status":"closed","ping_status":"closed","template":"elementor_header_footer","meta":{"footnotes":""},"class_list":["post-3515","page","type-page","status-publish","hentry"],"acf":[],"_links":{"self":[{"href":"https:\/\/cankayahastanesi.com.tr\/tr\/wp-json\/wp\/v2\/pages\/3515","targetHints":{"allow":["GET"]}}],"collection":[{"href":"https:\/\/cankayahastanesi.com.tr\/tr\/wp-json\/wp\/v2\/pages"}],"about":[{"href":"https:\/\/cankayahastanesi.com.tr\/tr\/wp-json\/wp\/v2\/types\/page"}],"author":[{"embeddable":true,"href":"https:\/\/cankayahastanesi.com.tr\/tr\/wp-json\/wp\/v2\/users\/1"}],"replies":[{"embeddable":true,"href":"https:\/\/cankayahastanesi.com.tr\/tr\/wp-json\/wp\/v2\/comments?post=3515"}],"version-history":[{"count":16,"href":"https:\/\/cankayahastanesi.com.tr\/tr\/wp-json\/wp\/v2\/pages\/3515\/revisions"}],"predecessor-version":[{"id":4489,"href":"https:\/\/cankayahastanesi.com.tr\/tr\/wp-json\/wp\/v2\/pages\/3515\/revisions\/4489"}],"wp:attachment":[{"href":"https:\/\/cankayahastanesi.com.tr\/tr\/wp-json\/wp\/v2\/media?parent=3515"}],"curies":[{"name":"wp","href":"https:\/\/api.w.org\/{rel}","templated":true}]}}