{"id":3508,"date":"2023-11-28T09:54:23","date_gmt":"2023-11-28T09:54:23","guid":{"rendered":"https:\/\/cankayahastanesi.site\/?page_id=3508"},"modified":"2024-05-17T15:41:48","modified_gmt":"2024-05-17T15:41:48","slug":"ziyaret-ve-refakat-politikasi","status":"publish","type":"page","link":"https:\/\/cankayahastanesi.com.tr\/tr\/ziyaret-ve-refakat-politikasi\/","title":{"rendered":"Ziyaret ve Refakat Politikas\u0131"},"content":{"rendered":"\t\t<div data-elementor-type=\"wp-page\" data-elementor-id=\"3508\" class=\"elementor elementor-3508\">\n\t\t\t\t\t\t<section class=\"elementor-section elementor-top-section elementor-element elementor-element-8a1280b elementor-section-boxed elementor-section-height-default elementor-section-height-default\" data-id=\"8a1280b\" data-element_type=\"section\" data-e-type=\"section\">\n\t\t\t\t\t\t<div class=\"elementor-container elementor-column-gap-no\">\n\t\t\t\t\t<div class=\"elementor-column elementor-col-100 elementor-top-column elementor-element elementor-element-d16e9d3\" data-id=\"d16e9d3\" data-element_type=\"column\" data-e-type=\"column\">\n\t\t\t<div class=\"elementor-widget-wrap elementor-element-populated\">\n\t\t\t\t\t\t<div class=\"elementor-element elementor-element-5e218e0 elementor-widget elementor-widget-Rola_Section\" data-id=\"5e218e0\" data-element_type=\"widget\" data-e-type=\"widget\" data-widget_type=\"Rola_Section.default\">\n\t\t\t\t<div class=\"elementor-widget-container\">\n\t\t\t\t\t                    <div class=\"container\">\r\n                <div class=\"section-title\">\r\n                                            <span class=\"sub-title\">\r\n                                                        Ziyaret\u00e7i Kurallar\u0131                        <\/span>\r\n                                        <h1><b>Ziyaret ve Refakat Politikas\u0131<\/b><\/h1>\r\n                    <p><\/p>\r\n                <\/div>\r\n            <\/div>\r\n        \r\n        \t\t\t\t<\/div>\n\t\t\t\t<\/div>\n\t\t\t\t\t<\/div>\n\t\t<\/div>\n\t\t\t\t\t<\/div>\n\t\t<\/section>\n\t\t\t\t<section class=\"elementor-section elementor-top-section elementor-element elementor-element-f74d70f elementor-section-boxed elementor-section-height-default elementor-section-height-default\" data-id=\"f74d70f\" data-element_type=\"section\" data-e-type=\"section\">\n\t\t\t\t\t\t<div class=\"elementor-container elementor-column-gap-default\">\n\t\t\t\t\t<div class=\"elementor-column elementor-col-100 elementor-top-column elementor-element elementor-element-85aec25\" data-id=\"85aec25\" data-element_type=\"column\" data-e-type=\"column\">\n\t\t\t<div class=\"elementor-widget-wrap elementor-element-populated\">\n\t\t\t\t\t\t<div class=\"elementor-element elementor-element-fceb1b7 elementor-widget elementor-widget-image\" data-id=\"fceb1b7\" data-element_type=\"widget\" data-e-type=\"widget\" data-widget_type=\"image.default\">\n\t\t\t\t<div class=\"elementor-widget-container\">\n\t\t\t\t\t\t\t\t\t\t\t\t\t\t\t<img fetchpriority=\"high\" decoding=\"async\" width=\"1528\" height=\"530\" src=\"https:\/\/cankayahastanesi.com.tr\/wp-content\/uploads\/2023\/11\/Ziyaret-ve-Refakat-Politikasi.webp\" class=\"attachment-full size-full wp-image-3511\" alt=\"\" srcset=\"https:\/\/cankayahastanesi.com.tr\/wp-content\/uploads\/2023\/11\/Ziyaret-ve-Refakat-Politikasi.webp 1528w, https:\/\/cankayahastanesi.com.tr\/wp-content\/uploads\/2023\/11\/Ziyaret-ve-Refakat-Politikasi-300x104.webp 300w, https:\/\/cankayahastanesi.com.tr\/wp-content\/uploads\/2023\/11\/Ziyaret-ve-Refakat-Politikasi-1024x355.webp 1024w, https:\/\/cankayahastanesi.com.tr\/wp-content\/uploads\/2023\/11\/Ziyaret-ve-Refakat-Politikasi-768x266.webp 768w\" sizes=\"(max-width: 1528px) 100vw, 1528px\" \/>\t\t\t\t\t\t\t\t\t\t\t\t\t\t\t<\/div>\n\t\t\t\t<\/div>\n\t\t\t\t\t<\/div>\n\t\t<\/div>\n\t\t\t\t\t<\/div>\n\t\t<\/section>\n\t\t\t\t<section class=\"elementor-section elementor-top-section elementor-element elementor-element-765b545 elementor-section-boxed elementor-section-height-default elementor-section-height-default\" data-id=\"765b545\" data-element_type=\"section\" data-e-type=\"section\">\n\t\t\t\t\t\t<div class=\"elementor-container elementor-column-gap-default\">\n\t\t\t\t\t<div class=\"elementor-column elementor-col-100 elementor-top-column elementor-element elementor-element-b91220c\" data-id=\"b91220c\" data-element_type=\"column\" data-e-type=\"column\">\n\t\t\t<div class=\"elementor-widget-wrap elementor-element-populated\">\n\t\t\t\t\t\t<div class=\"elementor-element elementor-element-89a5064 elementor-widget elementor-widget-text-editor\" data-id=\"89a5064\" data-element_type=\"widget\" data-e-type=\"widget\" data-widget_type=\"text-editor.default\">\n\t\t\t\t<div class=\"elementor-widget-container\">\n\t\t\t\t\t\t\t\t\t<p><strong>Ziyaret Saatleri<\/strong><\/p><p>Hekiminiz taraf\u0131ndan, hastan\u0131z\u0131n sa\u011fl\u0131\u011f\u0131 i\u00e7in ziyaret\u00e7i ve\/veya refakat\u00e7i uygulamas\u0131 yasaklanm\u0131\u015fsa, l\u00fctfen buna uymaya \u00f6zen g\u00f6steriniz. Ziyaret saatlerimiz 10:00-22:00 aras\u0131ndad\u0131r.<\/p><p><strong>Ziyaret Kurallar\u0131<\/strong><\/p><p>Ki\u015fisel koruyucu malzemelerin kullan\u0131m\u0131 konusunda zorlanabilecekleri i\u00e7in, \u00e7ok \u00f6zel durumlar d\u0131\u015f\u0131nda 10 ya\u015f\u0131n alt\u0131ndaki \u00e7ocuklar ziyaret\u00e7i olarak al\u0131nmamaktad\u0131r .Ancak baz\u0131 durumlarda \u00e7ocuklar\u0131n hasta ziyaretinin hasta iyile\u015fmesi \u00fczerinde olumlu etkileri oldu\u011fundan enfeksiyon kontrol ilkelerine uymak kayd\u0131yla hastalar\u0131n \u00e7ocuklar\u0131na ve \u00e7ocuklar\u0131n karde\u015f ve arkada\u015flar\u0131 taraf\u0131ndan ziyaretine k\u0131sa s\u00fcreli izin verilebilir.<\/p><p>Hastalar\u0131m\u0131z\u0131n sa\u011fl\u0131\u011f\u0131 i\u00e7in odada ayn\u0131 anda ikiden fazla ziyaret\u00e7i bulunmamas\u0131na ve ziyaret s\u00fcresinin 10 dakika ile s\u0131n\u0131rland\u0131r\u0131lmas\u0131na \u00f6zen g\u00f6steriniz.<\/p><p>Yo\u011fun bak\u0131mdaki hastalar\u0131 ziyaret i\u00e7in, giri\u015f esnas\u0131nda yap\u0131lacak ziyaret kurallar\u0131 ile ilgili bilgilendirmeleri dikkate al\u0131n\u0131z.<\/p><p>Ate\u015f, burun ak\u0131nt\u0131s\u0131, \u00f6ks\u00fcr\u00fck, ishal kusma ve enfeksiy\u00f6z dermatiti olan ki\u015filer ziyaret\u00e7i olarak kabul edilmemektedir.<\/p><p>Toplumda salg\u0131n varl\u0131\u011f\u0131nda ziyaret\u00e7i k\u0131s\u0131tlamas\u0131 yap\u0131labilir.<\/p><p>Hastalar\u0131m\u0131z\u0131n yan\u0131nda (kendisine zarar\u0131 olabilece\u011fi i\u00e7in) duygusal durumunuzu yans\u0131tacak a\u011flama, ba\u011f\u0131rma gibi davran\u0131\u015flarda bulunmamaya dikkat ediniz.<br \/>Y\u00fcksek sesle konu\u015fmay\u0131n\u0131z.<br \/>Hastanelerimize evcil hayvanlar kabul edilmemektedir, l\u00fctfen getirmeyiniz.<\/p><p><br \/><strong>El Hijyeni<\/strong><\/p><p>Ziyaret \u00f6ncesi ve sonras\u0131 ellerinizi y\u0131kay\u0131n\u0131z ya da alandaki el dezenfektan\u0131n\u0131 kullan\u0131n\u0131z.<\/p><p>\u0130zolasyona al\u0131nan hastalar\u0131 ziyaret s\u0131ras\u0131nda sa\u011fl\u0131k profesyonellerimizin \u00f6nerilerine uyunuz.<br \/>Kendi hastan\u0131z d\u0131\u015f\u0131nda ba\u015fka hastalara ve hasta bak\u0131m malzemelerine temas etmeyiniz.<\/p><p><strong>Hasta Mahremiyeti<\/strong><\/p><p>Ziyaretiniz s\u0131ras\u0131nda hasta ve yak\u0131nlar\u0131n\u0131n mahremiyetine \u00f6zen g\u00f6steriniz.<\/p><p><br \/><strong>G\u0131da G\u00fcvenli\u011fi<\/strong><\/p><p>Hastalar\u0131m\u0131z\u0131n sa\u011fl\u0131\u011f\u0131n\u0131 korumak i\u00e7in l\u00fctfen d\u0131\u015far\u0131dan yiyecek-i\u00e7ecek getirmeyiniz ve kabul etmeyiniz. Yiyecek ve i\u00e7ecek ihtiyac\u0131 olan hasta yak\u0131nlar\u0131n\u0131z, ihtiya\u00e7lar\u0131n\u0131 hastanemizin s\u00fcrekli hizmet veren kafeteryam\u0131zdan kar\u015f\u0131layabilirler.<\/p><p><br \/><strong>\u00c7i\u00e7ek<\/strong><\/p><p>Toprakl\u0131 \u00e7i\u00e7ekler, enfeksiyon ta\u015f\u0131ma riskleri nedeniyle hasta odalar\u0131na kabul edilmemektedir. Hasta ad\u0131na gelen toprakl\u0131 \u00e7i\u00e7ekler taburcu olurken kendisine teslim edilecektir.<\/p><p><br \/><strong>Telefon Kullan\u0131m\u0131<\/strong><\/p><p>Odan\u0131zda bulunan telefon sizin kullan\u0131m\u0131n\u0131za sunulmu\u015ftur. Kald\u0131\u011f\u0131n\u0131z s\u00fcre boyunca 24 saat \u015fehir i\u00e7i, \u015fehir d\u0131\u015f\u0131, \u00fclkeler aras\u0131 telefon konu\u015fmas\u0131 yapman\u0131z m\u00fcmk\u00fcnd\u00fcr. Oda telefonunuzdan 0\u2019\u0131 tu\u015flayarak istedi\u011finiz numaray\u0131 ba\u011flatabilirsiniz.<\/p><p><br \/><strong>Teknik Ar\u0131zalar<\/strong><\/p><p>Hastanemizde kald\u0131\u011f\u0131n\u0131z s\u00fcre boyunca odan\u0131zda ger\u00e7ekle\u015febilecek her t\u00fcrl\u00fc teknik problemlerinizi, kat hem\u015firenize bildirebilirsiniz. En k\u0131sa s\u00fcrede probleminizi \u00e7\u00f6zmeye \u00e7al\u0131\u015faca\u011f\u0131z.<\/p><p>Teknik sorunlara neden olabilece\u011fi i\u00e7in hasta odalar\u0131nda su \u0131s\u0131t\u0131c\u0131s\u0131 vb. cihazlar\u0131 kullanmay\u0131n\u0131z.<\/p><p><br \/><strong>Sigara Kullan\u0131m\u0131<\/strong><\/p><p>Hastanelerimizde, belirlenmi\u015f alanlar d\u0131\u015f\u0131nda sigara i\u00e7ilmesi kesinlikle yasakt\u0131r.<\/p><p>\u00a0<\/p><p><strong>Refakat\u00e7ilerin hastanemizde uymas\u0131 gereken kurallar a\u015fa\u011f\u0131da belirtilmi\u015ftir.<\/strong><\/p><p>Saat 22.00\u2019dan sonra odada bulunan ziyaret\u00e7i, refakat\u00e7i olarak kabul edilmektedir. \u00d6zel durumlar (engelli hasta vb.) d\u0131\u015f\u0131nda hastalar\u0131m\u0131za t\u00fcm odalarda sadece 1 refakat\u00e7i e\u015flik edebilmektedir.<\/p><p>Hastaya refakat\u00e7i gerekip gerekmedi\u011fi hastan\u0131n doktoru taraf\u0131ndan belirlenir.<br \/>Refakat\u00e7i hastan\u0131n bak\u0131m\u0131na izin verilen \u00f6l\u00e7\u00fcde yard\u0131m eder.<\/p><p>Refakat\u00e7i hastanenin koydu\u011fu t\u00fcm kurallara uymak zorundad\u0131r.<\/p><p>\u00d6zellikli hasta gruplar\u0131 i\u00e7in yo\u011fun bak\u0131mda yatan hastalar, izolasyona al\u0131nan (bula\u015f riski olan hastalar, ba\u011f\u0131\u015f\u0131kl\u0131k sistemi d\u00fc\u015f\u00fck ya da bozuk hastalar, kanser tedavisi alan, steroid tedavisi alan, doktorun ziyarette sak\u0131nca g\u00f6rd\u00fc\u011f\u00fc hastalar ziyaret edilmemelidir.<\/p><p>Yo\u011fun bak\u0131m \u00fcnitelerinde giri\u015f kap\u0131s\u0131nda \u201cYo\u011fun Bak\u0131m \u00dcnitelerine Ziyaret\u00e7i Giri\u015f-\u00c7\u0131k\u0131\u015f Talimat\u0131\u201d ayr\u0131ca belirtilmi\u015ftir.<\/p><p><strong>Kimler Ziyarete Gitmemelidir;<\/strong><br \/>10 ya\u015f alt\u0131 \u00e7ocuklar, <br \/>Ate\u015f, \u00f6ks\u00fcr\u00fck, aks\u0131r\u0131k ve balgam \u00e7\u0131karma gibi \u015fikayeti olanlar ve bilinen bir infeksiyon hastal\u0131\u011f\u0131 olan hastalar,<br \/>Herhangi bir kronik hastal\u0131\u011f\u0131 olan hastalar,<br \/>\u0130nfeksiyon almaya yatk\u0131n olan ki\u015filer,<\/p><p><br \/><strong>G\u00d6STERD\u0130\u011e\u0130N\u0130Z HASSAS\u0130YETE TE\u015eEKK\u00dcR EDER\u0130Z.<\/strong><\/p>\t\t\t\t\t\t\t\t<\/div>\n\t\t\t\t<\/div>\n\t\t\t\t\t<\/div>\n\t\t<\/div>\n\t\t\t\t\t<\/div>\n\t\t<\/section>\n\t\t\t\t<\/div>\n\t\t","protected":false},"excerpt":{"rendered":"<p>Ziyaret\u00e7i Kurallar\u0131 Ziyaret ve Refakat Politikas\u0131 Ziyaret Saatleri Hekiminiz taraf\u0131ndan, hastan\u0131z\u0131n sa\u011fl\u0131\u011f\u0131 i\u00e7in ziyaret\u00e7i ve\/veya refakat\u00e7i uygulamas\u0131 yasaklanm\u0131\u015fsa, l\u00fctfen buna uymaya \u00f6zen g\u00f6steriniz. Ziyaret saatlerimiz 10:00-22:00 aras\u0131ndad\u0131r. Ziyaret Kurallar\u0131 Ki\u015fisel koruyucu malzemelerin kullan\u0131m\u0131 konusunda zorlanabilecekleri i\u00e7in, \u00e7ok \u00f6zel durumlar d\u0131\u015f\u0131nda 10 ya\u015f\u0131n alt\u0131ndaki \u00e7ocuklar ziyaret\u00e7i olarak al\u0131nmamaktad\u0131r .Ancak baz\u0131 durumlarda \u00e7ocuklar\u0131n hasta ziyaretinin hasta iyile\u015fmesi <\/p>\n","protected":false},"author":1,"featured_media":0,"parent":0,"menu_order":0,"comment_status":"closed","ping_status":"closed","template":"elementor_header_footer","meta":{"footnotes":""},"class_list":["post-3508","page","type-page","status-publish","hentry"],"acf":[],"_links":{"self":[{"href":"https:\/\/cankayahastanesi.com.tr\/tr\/wp-json\/wp\/v2\/pages\/3508","targetHints":{"allow":["GET"]}}],"collection":[{"href":"https:\/\/cankayahastanesi.com.tr\/tr\/wp-json\/wp\/v2\/pages"}],"about":[{"href":"https:\/\/cankayahastanesi.com.tr\/tr\/wp-json\/wp\/v2\/types\/page"}],"author":[{"embeddable":true,"href":"https:\/\/cankayahastanesi.com.tr\/tr\/wp-json\/wp\/v2\/users\/1"}],"replies":[{"embeddable":true,"href":"https:\/\/cankayahastanesi.com.tr\/tr\/wp-json\/wp\/v2\/comments?post=3508"}],"version-history":[{"count":16,"href":"https:\/\/cankayahastanesi.com.tr\/tr\/wp-json\/wp\/v2\/pages\/3508\/revisions"}],"predecessor-version":[{"id":4639,"href":"https:\/\/cankayahastanesi.com.tr\/tr\/wp-json\/wp\/v2\/pages\/3508\/revisions\/4639"}],"wp:attachment":[{"href":"https:\/\/cankayahastanesi.com.tr\/tr\/wp-json\/wp\/v2\/media?parent=3508"}],"curies":[{"name":"wp","href":"https:\/\/api.w.org\/{rel}","templated":true}]}}