{"id":3493,"date":"2023-11-28T09:44:32","date_gmt":"2023-11-28T09:44:32","guid":{"rendered":"https:\/\/cankayahastanesi.site\/?page_id=3493"},"modified":"2023-12-21T10:01:29","modified_gmt":"2023-12-21T10:01:29","slug":"hasta-sorumluluklari","status":"publish","type":"page","link":"https:\/\/cankayahastanesi.com.tr\/tr\/hasta-sorumluluklari\/","title":{"rendered":"Hasta Sorumluluklar\u0131"},"content":{"rendered":"\t\t<div data-elementor-type=\"wp-page\" data-elementor-id=\"3493\" class=\"elementor elementor-3493\">\n\t\t\t\t\t\t<section class=\"elementor-section elementor-top-section elementor-element elementor-element-8a1280b elementor-section-boxed elementor-section-height-default elementor-section-height-default\" data-id=\"8a1280b\" data-element_type=\"section\">\n\t\t\t\t\t\t<div class=\"elementor-container elementor-column-gap-no\">\n\t\t\t\t\t<div class=\"elementor-column elementor-col-100 elementor-top-column elementor-element elementor-element-d16e9d3\" data-id=\"d16e9d3\" data-element_type=\"column\">\n\t\t\t<div class=\"elementor-widget-wrap elementor-element-populated\">\n\t\t\t\t\t\t<div class=\"elementor-element elementor-element-5e218e0 elementor-widget elementor-widget-Rola_Section\" data-id=\"5e218e0\" data-element_type=\"widget\" data-widget_type=\"Rola_Section.default\">\n\t\t\t\t<div class=\"elementor-widget-container\">\n\t\t\t\t\t                    <div class=\"container\">\r\n                <div class=\"section-title\">\r\n                                            <span class=\"sub-title\">\r\n                                                        Hasta Haklar\u0131 ve Sorumluluklar\u0131                        <\/span>\r\n                                        <h1><b>Hasta Sorumluluklar\u0131\n<\/b><\/h1>\r\n                    <p><\/p>\r\n                <\/div>\r\n            <\/div>\r\n        \r\n        \t\t\t\t<\/div>\n\t\t\t\t<\/div>\n\t\t\t\t\t<\/div>\n\t\t<\/div>\n\t\t\t\t\t<\/div>\n\t\t<\/section>\n\t\t\t\t<section class=\"elementor-section elementor-top-section elementor-element elementor-element-f74d70f elementor-section-boxed elementor-section-height-default elementor-section-height-default\" data-id=\"f74d70f\" data-element_type=\"section\">\n\t\t\t\t\t\t<div class=\"elementor-container elementor-column-gap-default\">\n\t\t\t\t\t<div class=\"elementor-column elementor-col-100 elementor-top-column elementor-element elementor-element-85aec25\" data-id=\"85aec25\" data-element_type=\"column\">\n\t\t\t<div class=\"elementor-widget-wrap elementor-element-populated\">\n\t\t\t\t\t\t<div class=\"elementor-element elementor-element-fceb1b7 elementor-widget elementor-widget-image\" data-id=\"fceb1b7\" data-element_type=\"widget\" data-widget_type=\"image.default\">\n\t\t\t\t<div class=\"elementor-widget-container\">\n\t\t\t\t\t\t\t\t\t\t\t\t\t\t\t<img fetchpriority=\"high\" decoding=\"async\" width=\"1528\" height=\"530\" src=\"https:\/\/cankayahastanesi.com.tr\/wp-content\/uploads\/2023\/11\/hastasorumluluklari.webp\" class=\"attachment-full size-full wp-image-3504\" alt=\"\" srcset=\"https:\/\/cankayahastanesi.com.tr\/wp-content\/uploads\/2023\/11\/hastasorumluluklari.webp 1528w, https:\/\/cankayahastanesi.com.tr\/wp-content\/uploads\/2023\/11\/hastasorumluluklari-300x104.webp 300w, https:\/\/cankayahastanesi.com.tr\/wp-content\/uploads\/2023\/11\/hastasorumluluklari-1024x355.webp 1024w, https:\/\/cankayahastanesi.com.tr\/wp-content\/uploads\/2023\/11\/hastasorumluluklari-768x266.webp 768w\" sizes=\"(max-width: 1528px) 100vw, 1528px\" \/>\t\t\t\t\t\t\t\t\t\t\t\t\t\t\t<\/div>\n\t\t\t\t<\/div>\n\t\t\t\t\t<\/div>\n\t\t<\/div>\n\t\t\t\t\t<\/div>\n\t\t<\/section>\n\t\t\t\t<section class=\"elementor-section elementor-top-section elementor-element elementor-element-765b545 elementor-section-boxed elementor-section-height-default elementor-section-height-default\" data-id=\"765b545\" data-element_type=\"section\">\n\t\t\t\t\t\t<div class=\"elementor-container elementor-column-gap-default\">\n\t\t\t\t\t<div class=\"elementor-column elementor-col-100 elementor-top-column elementor-element elementor-element-b91220c\" data-id=\"b91220c\" data-element_type=\"column\">\n\t\t\t<div class=\"elementor-widget-wrap elementor-element-populated\">\n\t\t\t\t\t\t<div class=\"elementor-element elementor-element-e8d0253 elementor-widget elementor-widget-text-editor\" data-id=\"e8d0253\" data-element_type=\"widget\" data-widget_type=\"text-editor.default\">\n\t\t\t\t<div class=\"elementor-widget-container\">\n\t\t\t\t\t\t\t\t\t<p>De\u011ferli hasta ve hasta yak\u0131nlar\u0131m\u0131z; Her zaman kaliteli ve g\u00fcvenilir sa\u011fl\u0131k hizmeti sunmay\u0131 ama\u00e7layan, \u00d6zel \u00c7ankaya Hastanesi\u2019ne Ho\u015fgeldiniz. Amac\u0131m\u0131z sizlere y\u00fcksek standartlardaki sa\u011fl\u0131k hizmetini uzman ellerde son teknolojik imk\u00e2nlar ile sunmak, tedaviniz s\u00fcresince rahat etmenizi sa\u011flamaktad\u0131r.<\/p><p>Hasta sorumluluklar\u0131 hastan\u0131n bir sa\u011fl\u0131k kurulusuna ba\u015fvurmadan ve ba\u015fvurduktan sonraki s\u00fcre\u00e7te yerine getirmesi gereken \u00f6dev ve y\u00fck\u00fcml\u00fcl\u00fcklerdir.<\/p><h5><strong>Hasta Sorumluluklar\u0131<\/strong><\/h5><p><strong>1) Bilgi Verme<\/strong><br \/>Hastam\u0131z, t\u0131bb\u0131 hizmet vermekle g\u00f6revli doktor ve hem\u015firelere sa\u011fl\u0131k durumuyla ilgili tam ve do\u011fru bilgi vermekle y\u00fck\u00fcml\u00fcd\u00fcr.<\/p><p><strong>2) \u00d6nerilere Uyma<\/strong><br \/>Hastam\u0131z tedavisinden sorumlu doktor taraf\u0131ndan \u00f6nerilen tedavi plan\u0131na uymakla ve doktorun talimatlar\u0131 do\u011frultusunda ilgili sa\u011fl\u0131k personelinin bak\u0131m plan\u0131n\u0131n yerine getirmesini kabullenmekle de y\u00fck\u00fcml\u00fcd\u00fcr.<\/p><p><strong>3) Plananlanan Tedaviyi Reddetme<\/strong><br \/>Hastam\u0131z doktoru taraf\u0131ndan planlanan tedaviyi reddetmekle do\u011facak sonu\u00e7lardan kendi sorumludur.<\/p><p><strong>4) Sa\u011fl\u0131k Kurulu\u015fu Kurallar\u0131na Uyma<\/strong><br \/>Hastalar\u0131m\u0131z, sa\u011fl\u0131k kurulu\u015fumuzun kural ve uygulamalar\u0131na uymak ile sorumludur.<\/p><p><strong>5) Sayg\u0131 G\u00f6sterme<\/strong><br \/>Hastalar\u0131m\u0131z, sa\u011fl\u0131k kurulu\u015fu i\u00e7ersinde bulunan hasta ve yak\u0131nlar\u0131n\u0131 tehlikeye sokan g\u00fcr\u00fclt\u00fc, ziyaret\u00e7i, duman gibi rahats\u0131zl\u0131k verici durumlarda hastanenin alaca\u011f\u0131 tedbir ve kurallara uygun davranmakla sorumludur.<\/p><p><strong>6) Enfeksiyon Kontrol<\/strong><br \/>Hasta ve yak\u0131nlar\u0131m\u0131z enfeksiyon hastal\u0131klar\u0131n\u0131n yay\u0131lmamas\u0131 i\u00e7in kendilerine \u00f6nerilen t\u00fcm \u00f6nlemler konusunda hassas davranmak ile sorumludur.<\/p><p><strong>7) \u00d6deme Sorumlulu\u011fu<\/strong><br \/>Hastalar\u0131m\u0131z tetkik ve tedavi giderlerini \u00f6demek ile sorumludur. Demirba\u015f ve sarf malzemelerine kas\u0131tl\u0131 olarak zarar veren hasta ve yak\u0131nlar\u0131m\u0131z\u0131n bunu \u00f6deme sorumlu\u011fu vard\u0131r.<\/p><p><strong>8) Hasta Ziyaret\u00e7isi<\/strong><br \/>Hastalar\u0131m\u0131z\u0131n ayn\u0131 anda m\u00fcmk\u00fcn oldu\u011funca az ziyaret\u00e7i kabul etmesi, ziyaret\u00e7ilerin yiyecek, i\u00e7ecek getirmemesi, ba\u015fka hastalara ait e\u015fyalar\u0131 kullanmamas\u0131, hastane ziyaret saatlerine uymas\u0131 sorumlulu\u011fu vard\u0131r.<\/p>\t\t\t\t\t\t\t\t<\/div>\n\t\t\t\t<\/div>\n\t\t\t\t\t<\/div>\n\t\t<\/div>\n\t\t\t\t\t<\/div>\n\t\t<\/section>\n\t\t\t\t<section class=\"elementor-section elementor-top-section elementor-element elementor-element-7448921 elementor-section-boxed elementor-section-height-default elementor-section-height-default\" data-id=\"7448921\" data-element_type=\"section\">\n\t\t\t\t\t\t<div class=\"elementor-container elementor-column-gap-default\">\n\t\t\t\t\t<div class=\"elementor-column elementor-col-100 elementor-top-column elementor-element elementor-element-135bf70\" data-id=\"135bf70\" data-element_type=\"column\">\n\t\t\t<div class=\"elementor-widget-wrap\">\n\t\t\t\t\t\t\t<\/div>\n\t\t<\/div>\n\t\t\t\t\t<\/div>\n\t\t<\/section>\n\t\t\t\t<\/div>\n\t\t","protected":false},"excerpt":{"rendered":"<p>Hasta Haklar\u0131 ve Sorumluluklar\u0131 Hasta Sorumluluklar\u0131 De\u011ferli hasta ve hasta yak\u0131nlar\u0131m\u0131z; Her zaman kaliteli ve g\u00fcvenilir sa\u011fl\u0131k hizmeti sunmay\u0131 ama\u00e7layan, \u00d6zel \u00c7ankaya Hastanesi\u2019ne Ho\u015fgeldiniz. Amac\u0131m\u0131z sizlere y\u00fcksek standartlardaki sa\u011fl\u0131k hizmetini uzman ellerde son teknolojik imk\u00e2nlar ile sunmak, tedaviniz s\u00fcresince rahat etmenizi sa\u011flamaktad\u0131r. Hasta sorumluluklar\u0131 hastan\u0131n bir sa\u011fl\u0131k kurulusuna ba\u015fvurmadan ve ba\u015fvurduktan sonraki s\u00fcre\u00e7te yerine getirmesi <\/p>\n","protected":false},"author":1,"featured_media":0,"parent":0,"menu_order":0,"comment_status":"closed","ping_status":"closed","template":"elementor_header_footer","meta":{"footnotes":""},"class_list":["post-3493","page","type-page","status-publish","hentry"],"acf":[],"_links":{"self":[{"href":"https:\/\/cankayahastanesi.com.tr\/tr\/wp-json\/wp\/v2\/pages\/3493","targetHints":{"allow":["GET"]}}],"collection":[{"href":"https:\/\/cankayahastanesi.com.tr\/tr\/wp-json\/wp\/v2\/pages"}],"about":[{"href":"https:\/\/cankayahastanesi.com.tr\/tr\/wp-json\/wp\/v2\/types\/page"}],"author":[{"embeddable":true,"href":"https:\/\/cankayahastanesi.com.tr\/tr\/wp-json\/wp\/v2\/users\/1"}],"replies":[{"embeddable":true,"href":"https:\/\/cankayahastanesi.com.tr\/tr\/wp-json\/wp\/v2\/comments?post=3493"}],"version-history":[{"count":16,"href":"https:\/\/cankayahastanesi.com.tr\/tr\/wp-json\/wp\/v2\/pages\/3493\/revisions"}],"predecessor-version":[{"id":4171,"href":"https:\/\/cankayahastanesi.com.tr\/tr\/wp-json\/wp\/v2\/pages\/3493\/revisions\/4171"}],"wp:attachment":[{"href":"https:\/\/cankayahastanesi.com.tr\/tr\/wp-json\/wp\/v2\/media?parent=3493"}],"curies":[{"name":"wp","href":"https:\/\/api.w.org\/{rel}","templated":true}]}}