{"id":3486,"date":"2023-11-28T09:37:53","date_gmt":"2023-11-28T09:37:53","guid":{"rendered":"https:\/\/cankayahastanesi.site\/?page_id=3486"},"modified":"2023-12-21T10:01:00","modified_gmt":"2023-12-21T10:01:00","slug":"hasta-haklari","status":"publish","type":"page","link":"https:\/\/cankayahastanesi.com.tr\/tr\/hasta-haklari\/","title":{"rendered":"Hasta Haklar\u0131"},"content":{"rendered":"\t\t<div data-elementor-type=\"wp-page\" data-elementor-id=\"3486\" class=\"elementor elementor-3486\">\n\t\t\t\t\t\t<section class=\"elementor-section elementor-top-section elementor-element elementor-element-8a1280b elementor-section-boxed elementor-section-height-default elementor-section-height-default\" data-id=\"8a1280b\" data-element_type=\"section\" data-e-type=\"section\">\n\t\t\t\t\t\t<div class=\"elementor-container elementor-column-gap-no\">\n\t\t\t\t\t<div class=\"elementor-column elementor-col-100 elementor-top-column elementor-element elementor-element-d16e9d3\" data-id=\"d16e9d3\" data-element_type=\"column\" data-e-type=\"column\">\n\t\t\t<div class=\"elementor-widget-wrap elementor-element-populated\">\n\t\t\t\t\t\t<div class=\"elementor-element elementor-element-5e218e0 elementor-widget elementor-widget-Rola_Section\" data-id=\"5e218e0\" data-element_type=\"widget\" data-e-type=\"widget\" data-widget_type=\"Rola_Section.default\">\n\t\t\t\t<div class=\"elementor-widget-container\">\n\t\t\t\t\t                    <div class=\"container\">\r\n                <div class=\"section-title\">\r\n                                            <span class=\"sub-title\">\r\n                                                        Hasta Haklar\u0131 ve Sorumluluklar\u0131                        <\/span>\r\n                                        <h1><b>Hasta Haklar\u0131<\/b><\/h1>\r\n                    <p><\/p>\r\n                <\/div>\r\n            <\/div>\r\n        \r\n        \t\t\t\t<\/div>\n\t\t\t\t<\/div>\n\t\t\t\t\t<\/div>\n\t\t<\/div>\n\t\t\t\t\t<\/div>\n\t\t<\/section>\n\t\t\t\t<section class=\"elementor-section elementor-top-section elementor-element elementor-element-f74d70f elementor-section-boxed elementor-section-height-default elementor-section-height-default\" data-id=\"f74d70f\" data-element_type=\"section\" data-e-type=\"section\">\n\t\t\t\t\t\t<div class=\"elementor-container elementor-column-gap-default\">\n\t\t\t\t\t<div class=\"elementor-column elementor-col-100 elementor-top-column elementor-element elementor-element-85aec25\" data-id=\"85aec25\" data-element_type=\"column\" data-e-type=\"column\">\n\t\t\t<div class=\"elementor-widget-wrap elementor-element-populated\">\n\t\t\t\t\t\t<div class=\"elementor-element elementor-element-fceb1b7 elementor-widget elementor-widget-image\" data-id=\"fceb1b7\" data-element_type=\"widget\" data-e-type=\"widget\" data-widget_type=\"image.default\">\n\t\t\t\t<div class=\"elementor-widget-container\">\n\t\t\t\t\t\t\t\t\t\t\t\t\t\t\t<img fetchpriority=\"high\" decoding=\"async\" width=\"1528\" height=\"530\" src=\"https:\/\/cankayahastanesi.com.tr\/wp-content\/uploads\/2023\/11\/Hasta-Haklari.webp\" class=\"attachment-full size-full wp-image-3489\" alt=\"\" srcset=\"https:\/\/cankayahastanesi.com.tr\/wp-content\/uploads\/2023\/11\/Hasta-Haklari.webp 1528w, https:\/\/cankayahastanesi.com.tr\/wp-content\/uploads\/2023\/11\/Hasta-Haklari-300x104.webp 300w, https:\/\/cankayahastanesi.com.tr\/wp-content\/uploads\/2023\/11\/Hasta-Haklari-1024x355.webp 1024w, https:\/\/cankayahastanesi.com.tr\/wp-content\/uploads\/2023\/11\/Hasta-Haklari-768x266.webp 768w\" sizes=\"(max-width: 1528px) 100vw, 1528px\" \/>\t\t\t\t\t\t\t\t\t\t\t\t\t\t\t<\/div>\n\t\t\t\t<\/div>\n\t\t\t\t\t<\/div>\n\t\t<\/div>\n\t\t\t\t\t<\/div>\n\t\t<\/section>\n\t\t\t\t<section class=\"elementor-section elementor-top-section elementor-element elementor-element-765b545 elementor-section-boxed elementor-section-height-default elementor-section-height-default\" data-id=\"765b545\" data-element_type=\"section\" data-e-type=\"section\">\n\t\t\t\t\t\t<div class=\"elementor-container elementor-column-gap-default\">\n\t\t\t\t\t<div class=\"elementor-column elementor-col-100 elementor-top-column elementor-element elementor-element-b91220c\" data-id=\"b91220c\" data-element_type=\"column\" data-e-type=\"column\">\n\t\t\t<div class=\"elementor-widget-wrap elementor-element-populated\">\n\t\t\t\t\t\t<div class=\"elementor-element elementor-element-e8d0253 elementor-widget elementor-widget-text-editor\" data-id=\"e8d0253\" data-element_type=\"widget\" data-e-type=\"widget\" data-widget_type=\"text-editor.default\">\n\t\t\t\t<div class=\"elementor-widget-container\">\n\t\t\t\t\t\t\t\t\t<p>De\u011ferli hasta ve hasta yak\u0131nlar\u0131m\u0131z; Her zaman kaliteli ve g\u00fcvenilir sa\u011fl\u0131k hizmeti sunmay\u0131 ama\u00e7layan, \u00d6zel \u00c7ankaya Hastanesi\u2019ne Ho\u015fgeldiniz. Amac\u0131m\u0131z sizlere y\u00fcksek standartlardaki sa\u011fl\u0131k hizmetini uzman ellerde son teknolojik imk\u00e2nlar ile sunmak, tedaviniz s\u00fcresince rahat etmenizi sa\u011flamaktad\u0131r.<\/p><p>Uluslararas\u0131 ve ulusal mevzuat ile teminat alt\u0131na al\u0131nan, t\u0131bbi yard\u0131m talep eden ve bu ama\u00e7la bir sa\u011fl\u0131k kurulu\u015funa ba\u015fvuran ki\u015finin, o sa\u011fl\u0131k kurulu\u015funda kendisine verilen b\u00fct\u00fcn hizmet s\u00fcreci i\u00e7erisinde haklar\u0131n\u0131n korunmas\u0131 ad\u0131na yap\u0131lan uygulamalar\u0131n tamam\u0131d\u0131r. Hasta Haklar\u0131, insan sa\u011fl\u0131\u011f\u0131n\u0131n y\u00fcksek d\u00fczeyde korunmas\u0131n\u0131 ve sa\u011fl\u0131k hizmetlerinin y\u00fcksek kalitede verilmesini ama\u00e7lar.<\/p><p><strong>1) Hizmetlerden Yararlanma Hakk\u0131<\/strong><br \/>Sa\u011fl\u0131k hizmeti alan hastalar, hasta yak\u0131nlar\u0131 hastanemize ba\u015fvuran her birey, k\u00fclt\u00fcrel din, dil \u0131rk veya mezhep ayr\u0131m\u0131 yap\u0131lmaks\u0131z\u0131n, sosyal de\u011ferlere sayg\u0131l\u0131, onur g\u00fcvenlik ve huzuru koruyan rahat bir ortamda t\u00fcm hizmetlerimizden yararlanma hakk\u0131na sahiptir.<\/p><p>Hastalar\u0131m\u0131z hastanemizin sundu\u011fu tan\u0131 ve tedavi imk\u00e2nlar\u0131n\u0131 ve hizmetlere nas\u0131l ula\u015faca\u011f\u0131 konusunda bilgilendirme hakk\u0131na sahiptir.<\/p><p><strong>2) Bilgilendirme ve Onay Hakk\u0131<\/strong><br \/>Hastalar\u0131m\u0131z;<\/p><p>\u2022 Kendileri veya yasal temsilcileri kanal\u0131 ile \u00f6nerilen t\u0131bbi giri\u015fimleri ve<br \/>\u2022 Her bir giri\u015fimin potansiyel risk veya yararlar\u0131n\u0131,<br \/>\u2022 \u00d6nerilen giri\u015fimlerin alternatiflerini,<br \/>\u2022 Tedavisiz kalman\u0131n sonucunda, geli\u015febilecek komplikasyonlar\u0131, sa\u011fl\u0131k durumlar\u0131 konusunda anlayabilece\u011fi dil ve y\u00f6ntemle tam bilgi alma hakk\u0131na sahiptir<br \/>\u2022 Hastalar\u0131m\u0131z talebini yaz\u0131l\u0131 olarak bildirdikleri takdirde, t\u00fcm t\u0131bbi kay\u0131t i\u015flemlerinin yaz\u0131l\u0131 bir kopyas\u0131n\u0131 alma hakk\u0131na sahiptir.<br \/>\u2022 Hastalar\u0131m\u0131z hastal\u0131\u011f\u0131 ile ilgili ciddi yan etki riski, \u00f6l\u00fcm riski, nekahat ile ilgili problemler, tedavi sonucu gibi konularda bilgilendirme yap\u0131ld\u0131ktan sonra uygulanacak tedaviye karar verme veya reddetme hakk\u0131na sahiptir.<br \/>\u2022 Hastalar\u0131m\u0131z bu hakk\u0131 kulland\u0131\u011f\u0131 takdirde, yap\u0131lacak i\u015flemlere &#8216;onay verdi\u011fini&#8217; kabul etmi\u015f say\u0131l\u0131r.<br \/>\u2022 \u00d6nerilen tedaviyi reddeden hastalar kurumun di\u011fer bak\u0131m ve tedavi imk\u00e2nlar\u0131ndan yoksun b\u0131rak\u0131lmaz.<br \/>\u2022 Hastalar\u0131m\u0131z, \u015fik\u00e2yet\u00e7i oldu\u011fu hastal\u0131\u011f\u0131n do\u011fru de\u011ferlendirilmesi ve tedavisi konusunda bilgi alma hakk\u0131na sahiptir.<br \/>\u2022 Hastalar\u0131m\u0131z\u0131n ve ailelerinin (yak\u0131nlar\u0131n\u0131n)organ ve di\u011fer dokular\u0131 ba\u011f\u0131\u015flama konusunda bilgi alma haklar\u0131 vard\u0131r.<br \/>\u2022 Hastalar\u0131m\u0131z hastane misyonu hakk\u0131nda a\u00e7\u0131k\u00e7a bilgi alma hakk\u0131na sahiptir.<\/p><p><strong>3) Personeli Tan\u0131ma, Se\u00e7me ve De\u011fi\u015ftirme Hakk\u0131<\/strong><br \/>Hastalar\u0131m\u0131z kendi tedavilerinden sorumlu doktor, hem\u015fire ve di\u011fer sa\u011fl\u0131k personelinin kimliklerini, g\u00f6rev ve unvanlar\u0131n\u0131 \u00f6\u011frenme, se\u00e7me ve de\u011fi\u015ftirme hakk\u0131na sahiptir.<\/p><p><strong>4) Kurum ve Kurulu\u015fu Se\u00e7me ve De\u011fi\u015ftirme Hakk\u0131<\/strong><br \/>Hastalar\u0131m\u0131z ba\u011fl\u0131 oldu\u011fu mevzuat\u0131n \u00f6n g\u00f6rd\u00fc\u011f\u00fc usul ve \u015fartlara uyulmak kayd\u0131 ile sa\u011fl\u0131k kurum ve kurulu\u015funu se\u00e7me ve de\u011ferlendirme hakk\u0131na sahiptir.<\/p><p><strong>5) Tedaviyi Reddetme ve Durdurma Hakk\u0131<\/strong><br \/>Kanunen zorunlu haller d\u0131\u015f\u0131nda ve do\u011fabilecek olumsuz sonu\u00e7lar\u0131n sorumlulu\u011fu hastaya ait olmas\u0131n\u0131n yans\u0131ra hasta kendisine uygulanmas\u0131 planlanan veya uygulanmakta olan tedaviyi reddetme veya durdurmas\u0131n\u0131 isteme hakk\u0131na sahiptir.<\/p><p><strong>6) Mahremiyet (Gizlilik) Hakk\u0131<\/strong><br \/>Hastalar\u0131m\u0131z\u0131n t\u00fcm tedavi s\u00fcrecinde mahremiyete uygun bir ortamda hizmet alma hakk\u0131na sahiptir.<\/p><p>Hastanemize ba\u015fvuran t\u00fcm bireylerin sa\u011fl\u0131k durumu, t\u0131bbi durumu ve ki\u015fiye \u00f6zel t\u00fcm bilgiler \u00f6l\u00fcm\u00fcnden sonra bile gizli kalacak bi\u00e7imde korunur. Hastaya ait bu bilgiler hastan\u0131n a\u00e7\u0131k izni veya mahkeme karar\u0131 \u00fczerine a\u00e7\u0131klanabilir.<\/p><p><strong>7) Sayg\u0131 G\u00f6sterme Hakk\u0131<\/strong><br \/>Hastalar\u0131m\u0131z\u0131n her zaman ve her t\u00fcrl\u00fc \u015fartlarda ki\u015fisel itibar\u0131 korunarak, sayg\u0131l\u0131, \u015fev katli ve g\u00fcler y\u00fczl\u00fc bir ortamda tetkik yapt\u0131rma ve tedavi olma hakk\u0131na sahiptir.<\/p><p><strong>8) Kons\u00fcltasyon (\u0130kinci G\u00f6r\u00fc\u015fme) \u0130steme Hakk\u0131<\/strong><br \/>Hastalar\u0131m\u0131z tan\u0131 ve tedavi konusunda kons\u00fcltan hekim \u00e7a\u011f\u0131rma hakk\u0131na sahiptir. Kons\u00fcltan hekim tedavisini \u00f6nerir ancak hastan\u0131n birinci hekimi i\u015fleme onay verir.<\/p><p><strong>9) Dini Vecibeleri Yerine Getirme Hakk\u0131<\/strong><br \/>Hastalar\u0131m\u0131z tedaviye engel olmad\u0131\u011f\u0131 s\u00fcrece dini farkl\u0131l\u0131k g\u00f6zetmeksizin dini vecibelerini serbest\u00e7e yerine getirme hakk\u0131na sahiptir.<\/p><p><strong>10) G\u00fcvenlik Hakk\u0131<\/strong><br \/>Herkesin sa\u011fl\u0131k kurumunda g\u00fcvenlik i\u00e7inde olma ve bunu isteme hakk\u0131 vard\u0131r.<\/p><p>Hastalar\u0131n, ziyaret\u00e7i ve refakat\u00e7i gibi yak\u0131nlar\u0131n\u0131n can ve mal g\u00fcvenliklerinin korunmas\u0131 ve sa\u011flanmas\u0131 i\u00e7in gerekli \u00f6nlemler hastanemiz taraf\u0131ndan al\u0131nmaktad\u0131r.<\/p><p>Hastanemizde \u00e7ocuklar, engelli bireyler ve ya\u015fl\u0131lar (yaln\u0131z, bak\u0131ma muhta\u00e7, refakat\u00e7isi olmayan)i\u00e7in uygun koruma \u00f6nlemleri al\u0131nm\u0131\u015ft\u0131r.<\/p><p><strong>11) Refakat\u00e7i ve Ziyaret\u00e7i Bulundurma Hakk\u0131<\/strong><br \/>Hastalar\u0131m\u0131z, hastanemiz taraf\u0131ndan belirlenen usul ve esaslara uygun \u015fekilde ziyaret\u00e7i kabul etmek ve refakat\u00e7i bulundurma hakk\u0131na sahiptir.<\/p><p><strong>12) \u015eikayet, G\u00f6r\u00fc\u015f ve \u00d6neri Bildirme Hakk\u0131<br \/><\/strong>Hasta ve hasta ailesi, hasta haklar\u0131n\u0131n ihlali halinde hastanemizde \u015fik\u00e2yet mekanizmas\u0131n\u0131n ba\u015flat\u0131lmas\u0131, g\u00f6zden ge\u00e7ilmesi, sonu\u00e7land\u0131r\u0131lmas\u0131 ve sonucundan haberdar edilme hakk\u0131na sahiptir.<\/p><p><strong>13) Sa\u011fl\u0131k Kurulu\u015fu Kural ve Uygulamalar\u0131<br \/><\/strong>Hastalar\u0131m\u0131z kendilerine uygulanacak hastane kural ve uygulamalar\u0131 konusunda bilgi edinme hakk\u0131na sahiptir.<\/p><p><strong>14) Tetkik ve Tedavi Bedelleri<br \/><\/strong>Hastalar\u0131m\u0131z tedavi \u00f6ncesinde, tedavi hizmet bedellerini \u00f6\u011frenme ve daha sonra ald\u0131klar\u0131 hizmet kar\u015f\u0131l\u0131\u011f\u0131nda \u00f6dedi\u011fi bedellerin fi\u015fini \/ faturas\u0131n\u0131 isteme ve alma hakk\u0131na sahiptir.<\/p>\t\t\t\t\t\t\t\t<\/div>\n\t\t\t\t<\/div>\n\t\t\t\t\t<\/div>\n\t\t<\/div>\n\t\t\t\t\t<\/div>\n\t\t<\/section>\n\t\t\t\t<section class=\"elementor-section elementor-top-section elementor-element elementor-element-7448921 elementor-section-boxed elementor-section-height-default elementor-section-height-default\" data-id=\"7448921\" data-element_type=\"section\" data-e-type=\"section\">\n\t\t\t\t\t\t<div class=\"elementor-container elementor-column-gap-default\">\n\t\t\t\t\t<div class=\"elementor-column elementor-col-100 elementor-top-column elementor-element elementor-element-135bf70\" data-id=\"135bf70\" data-element_type=\"column\" data-e-type=\"column\">\n\t\t\t<div class=\"elementor-widget-wrap\">\n\t\t\t\t\t\t\t<\/div>\n\t\t<\/div>\n\t\t\t\t\t<\/div>\n\t\t<\/section>\n\t\t\t\t<\/div>\n\t\t","protected":false},"excerpt":{"rendered":"<p>Hasta Haklar\u0131 ve Sorumluluklar\u0131 Hasta Haklar\u0131 De\u011ferli hasta ve hasta yak\u0131nlar\u0131m\u0131z; Her zaman kaliteli ve g\u00fcvenilir sa\u011fl\u0131k hizmeti sunmay\u0131 ama\u00e7layan, \u00d6zel \u00c7ankaya Hastanesi\u2019ne Ho\u015fgeldiniz. Amac\u0131m\u0131z sizlere y\u00fcksek standartlardaki sa\u011fl\u0131k hizmetini uzman ellerde son teknolojik imk\u00e2nlar ile sunmak, tedaviniz s\u00fcresince rahat etmenizi sa\u011flamaktad\u0131r. Uluslararas\u0131 ve ulusal mevzuat ile teminat alt\u0131na al\u0131nan, t\u0131bbi yard\u0131m talep eden ve <\/p>\n","protected":false},"author":1,"featured_media":0,"parent":0,"menu_order":0,"comment_status":"closed","ping_status":"closed","template":"elementor_header_footer","meta":{"footnotes":""},"class_list":["post-3486","page","type-page","status-publish","hentry"],"acf":[],"_links":{"self":[{"href":"https:\/\/cankayahastanesi.com.tr\/tr\/wp-json\/wp\/v2\/pages\/3486","targetHints":{"allow":["GET"]}}],"collection":[{"href":"https:\/\/cankayahastanesi.com.tr\/tr\/wp-json\/wp\/v2\/pages"}],"about":[{"href":"https:\/\/cankayahastanesi.com.tr\/tr\/wp-json\/wp\/v2\/types\/page"}],"author":[{"embeddable":true,"href":"https:\/\/cankayahastanesi.com.tr\/tr\/wp-json\/wp\/v2\/users\/1"}],"replies":[{"embeddable":true,"href":"https:\/\/cankayahastanesi.com.tr\/tr\/wp-json\/wp\/v2\/comments?post=3486"}],"version-history":[{"count":13,"href":"https:\/\/cankayahastanesi.com.tr\/tr\/wp-json\/wp\/v2\/pages\/3486\/revisions"}],"predecessor-version":[{"id":4168,"href":"https:\/\/cankayahastanesi.com.tr\/tr\/wp-json\/wp\/v2\/pages\/3486\/revisions\/4168"}],"wp:attachment":[{"href":"https:\/\/cankayahastanesi.com.tr\/tr\/wp-json\/wp\/v2\/media?parent=3486"}],"curies":[{"name":"wp","href":"https:\/\/api.w.org\/{rel}","templated":true}]}}