{"id":3440,"date":"2023-11-28T09:27:09","date_gmt":"2023-11-28T09:27:09","guid":{"rendered":"https:\/\/cankayahastanesi.site\/?page_id=3440"},"modified":"2024-02-12T09:47:18","modified_gmt":"2024-02-12T09:47:18","slug":"bashekimimizin-mesaji","status":"publish","type":"page","link":"https:\/\/cankayahastanesi.com.tr\/tr\/bashekimimizin-mesaji\/","title":{"rendered":"Ba\u015fhekimimizin Mesaj\u0131"},"content":{"rendered":"\t\t<div data-elementor-type=\"wp-page\" data-elementor-id=\"3440\" class=\"elementor elementor-3440\">\n\t\t\t\t\t\t<section class=\"elementor-section elementor-top-section elementor-element elementor-element-8a1280b elementor-section-boxed elementor-section-height-default elementor-section-height-default\" data-id=\"8a1280b\" data-element_type=\"section\" data-e-type=\"section\">\n\t\t\t\t\t\t<div class=\"elementor-container elementor-column-gap-no\">\n\t\t\t\t\t<div class=\"elementor-column elementor-col-100 elementor-top-column elementor-element elementor-element-d16e9d3\" data-id=\"d16e9d3\" data-element_type=\"column\" data-e-type=\"column\">\n\t\t\t<div class=\"elementor-widget-wrap elementor-element-populated\">\n\t\t\t\t\t\t<div class=\"elementor-element elementor-element-5e218e0 elementor-widget elementor-widget-Rola_Section\" data-id=\"5e218e0\" data-element_type=\"widget\" data-e-type=\"widget\" data-widget_type=\"Rola_Section.default\">\n\t\t\t\t<div class=\"elementor-widget-container\">\n\t\t\t\t\t                    <div class=\"container\">\r\n                <div class=\"section-title\">\r\n                                            <span class=\"sub-title\">\r\n                                                        \u00d6zel \u00c7ankaya Hastanesini Tan\u0131y\u0131n                        <\/span>\r\n                                        <h1><b>Ba\u015fhekimimizin Mesaj\u0131<\/b><\/h1>\r\n                    <p><\/p>\r\n                <\/div>\r\n            <\/div>\r\n        \r\n        \t\t\t\t<\/div>\n\t\t\t\t<\/div>\n\t\t\t\t\t<\/div>\n\t\t<\/div>\n\t\t\t\t\t<\/div>\n\t\t<\/section>\n\t\t\t\t<section class=\"elementor-section elementor-top-section elementor-element elementor-element-806da4a elementor-section-boxed elementor-section-height-default elementor-section-height-default\" data-id=\"806da4a\" data-element_type=\"section\" data-e-type=\"section\">\n\t\t\t\t\t\t<div class=\"elementor-container elementor-column-gap-default\">\n\t\t\t\t\t<div class=\"elementor-column elementor-col-66 elementor-top-column elementor-element elementor-element-a9b252c\" data-id=\"a9b252c\" data-element_type=\"column\" data-e-type=\"column\">\n\t\t\t<div class=\"elementor-widget-wrap elementor-element-populated\">\n\t\t\t\t\t\t<div class=\"elementor-element elementor-element-61ac1cc elementor-widget elementor-widget-text-editor\" data-id=\"61ac1cc\" data-element_type=\"widget\" data-e-type=\"widget\" data-widget_type=\"text-editor.default\">\n\t\t\t\t<div class=\"elementor-widget-container\">\n\t\t\t\t\t\t\t\t\t<p><strong>\u00c7ankaya Hastanesi<\/strong>, 1968 y\u0131l\u0131nda, halen faaliyette bulundu\u011fu \u00c7ankaya \u0130l\u00e7esi, Kavakl\u0131dere B\u00fclten Sokak&#8217;daki yerinde Ankara&#8217;n\u0131n ilk \u00f6zel hastanesi olarak kurulmu\u015ftur. Hastanemiz kuruldu\u011fu y\u0131ldan itibaren on binlerce hastaya hizmet vererek geli\u015fen sa\u011fl\u0131k teknolojisi ve artan hizmet talepleri kar\u015f\u0131s\u0131nda hizmet alt yap\u0131s\u0131n\u0131 g\u00fc\u00e7lendirerek kendisini s\u00fcrekli yenilemi\u015ftir.<br \/><br \/>Yar\u0131m asr\u0131 a\u015fk\u0131n s\u00fcredir faaliyette olan hastanemiz, alanlar\u0131nda tecr\u00fcbeli 30 uzman hekim kadrosu ile Ortopedi ve Travmatoloji, Fizik Tedavi ve Rehabilitasyon, N\u00f6roloji, Beyin Cerrahisi, Genel Cerrahi, \u00dcroloji, Kulak Burun Bo\u011faz, Kardiyoloji, Dahiliye bran\u015flar\u0131nda hizmet vermektedir. Donan\u0131ml\u0131 Acil Servis\u2019i, Biyokimya Laboratuvar\u0131 ve Radyoloji \u00dcnitesi ile 7 g\u00fcn 24 saat halk\u0131m\u0131z\u0131n hizmetindedir. Ayr\u0131ca kapsaml\u0131 Fizik Tedavi ve Rehabilitasyon Uygulama Merkezi\u2019nde uzman fizyoterapistlerle hizmet verilmektedir.<br \/><br \/>S\u00fcrekli yeniliklere a\u00e7\u0131k, \u00e7a\u011fda\u015f bilimin \u0131\u015f\u0131\u011f\u0131nda geli\u015fen teknolojiyi takip ederek hastalar\u0131m\u0131z\u0131n g\u00fcvenli\u011fi ve memnuniyetini en \u00fcst d\u00fczeyde tutarak sa\u011fl\u0131k hizmeti sunmaya devam etmekteyiz.<br \/><br \/><strong>Dr. \u0130smail Karabatak<\/strong><br \/>\u00d6zel \u00c7ankaya Hastanesi Ba\u015fhekimi<\/p>\t\t\t\t\t\t\t\t<\/div>\n\t\t\t\t<\/div>\n\t\t\t\t\t<\/div>\n\t\t<\/div>\n\t\t\t\t<div class=\"elementor-column elementor-col-33 elementor-top-column elementor-element elementor-element-0c399cb\" data-id=\"0c399cb\" data-element_type=\"column\" data-e-type=\"column\">\n\t\t\t<div class=\"elementor-widget-wrap elementor-element-populated\">\n\t\t\t\t\t\t<div class=\"elementor-element elementor-element-6965bdd elementor-widget__width-initial elementor-widget elementor-widget-image\" data-id=\"6965bdd\" data-element_type=\"widget\" data-e-type=\"widget\" data-widget_type=\"image.default\">\n\t\t\t\t<div class=\"elementor-widget-container\">\n\t\t\t\t\t\t\t\t\t\t\t\t\t\t\t<img fetchpriority=\"high\" decoding=\"async\" width=\"418\" height=\"581\" src=\"https:\/\/cankayahastanesi.com.tr\/wp-content\/uploads\/2023\/11\/bashekim-ismail-karabatak.webp\" class=\"attachment-large size-large wp-image-3443\" alt=\"\" srcset=\"https:\/\/cankayahastanesi.com.tr\/wp-content\/uploads\/2023\/11\/bashekim-ismail-karabatak.webp 418w, https:\/\/cankayahastanesi.com.tr\/wp-content\/uploads\/2023\/11\/bashekim-ismail-karabatak-216x300.webp 216w\" sizes=\"(max-width: 418px) 100vw, 418px\" \/>\t\t\t\t\t\t\t\t\t\t\t\t\t\t\t<\/div>\n\t\t\t\t<\/div>\n\t\t\t\t\t<\/div>\n\t\t<\/div>\n\t\t\t\t\t<\/div>\n\t\t<\/section>\n\t\t\t\t<\/div>\n\t\t","protected":false},"excerpt":{"rendered":"<p>\u00d6zel \u00c7ankaya Hastanesini Tan\u0131y\u0131n Ba\u015fhekimimizin Mesaj\u0131 \u00c7ankaya Hastanesi, 1968 y\u0131l\u0131nda, halen faaliyette bulundu\u011fu \u00c7ankaya \u0130l\u00e7esi, Kavakl\u0131dere B\u00fclten Sokak&#8217;daki yerinde Ankara&#8217;n\u0131n ilk \u00f6zel hastanesi olarak kurulmu\u015ftur. Hastanemiz kuruldu\u011fu y\u0131ldan itibaren on binlerce hastaya hizmet vererek geli\u015fen sa\u011fl\u0131k teknolojisi ve artan hizmet talepleri kar\u015f\u0131s\u0131nda hizmet alt yap\u0131s\u0131n\u0131 g\u00fc\u00e7lendirerek kendisini s\u00fcrekli yenilemi\u015ftir. Yar\u0131m asr\u0131 a\u015fk\u0131n s\u00fcredir faaliyette olan <\/p>\n","protected":false},"author":1,"featured_media":0,"parent":0,"menu_order":0,"comment_status":"closed","ping_status":"closed","template":"elementor_header_footer","meta":{"footnotes":""},"class_list":["post-3440","page","type-page","status-publish","hentry"],"acf":[],"_links":{"self":[{"href":"https:\/\/cankayahastanesi.com.tr\/tr\/wp-json\/wp\/v2\/pages\/3440","targetHints":{"allow":["GET"]}}],"collection":[{"href":"https:\/\/cankayahastanesi.com.tr\/tr\/wp-json\/wp\/v2\/pages"}],"about":[{"href":"https:\/\/cankayahastanesi.com.tr\/tr\/wp-json\/wp\/v2\/types\/page"}],"author":[{"embeddable":true,"href":"https:\/\/cankayahastanesi.com.tr\/tr\/wp-json\/wp\/v2\/users\/1"}],"replies":[{"embeddable":true,"href":"https:\/\/cankayahastanesi.com.tr\/tr\/wp-json\/wp\/v2\/comments?post=3440"}],"version-history":[{"count":19,"href":"https:\/\/cankayahastanesi.com.tr\/tr\/wp-json\/wp\/v2\/pages\/3440\/revisions"}],"predecessor-version":[{"id":4271,"href":"https:\/\/cankayahastanesi.com.tr\/tr\/wp-json\/wp\/v2\/pages\/3440\/revisions\/4271"}],"wp:attachment":[{"href":"https:\/\/cankayahastanesi.com.tr\/tr\/wp-json\/wp\/v2\/media?parent=3440"}],"curies":[{"name":"wp","href":"https:\/\/api.w.org\/{rel}","templated":true}]}}