{"id":3433,"date":"2023-11-28T09:24:04","date_gmt":"2023-11-28T09:24:04","guid":{"rendered":"https:\/\/cankayahastanesi.site\/?page_id=3433"},"modified":"2023-12-21T09:57:27","modified_gmt":"2023-12-21T09:57:27","slug":"kurumsal-amac-ve-hedeflerimiz","status":"publish","type":"page","link":"https:\/\/cankayahastanesi.com.tr\/tr\/kurumsal-amac-ve-hedeflerimiz\/","title":{"rendered":"Kurumsal Ama\u00e7 ve Hedeflerimiz"},"content":{"rendered":"\t\t<div data-elementor-type=\"wp-page\" data-elementor-id=\"3433\" class=\"elementor elementor-3433\">\n\t\t\t\t\t\t<section class=\"elementor-section elementor-top-section elementor-element elementor-element-8a1280b elementor-section-boxed elementor-section-height-default elementor-section-height-default\" data-id=\"8a1280b\" data-element_type=\"section\" data-e-type=\"section\">\n\t\t\t\t\t\t<div class=\"elementor-container elementor-column-gap-no\">\n\t\t\t\t\t<div class=\"elementor-column elementor-col-100 elementor-top-column elementor-element elementor-element-d16e9d3\" data-id=\"d16e9d3\" data-element_type=\"column\" data-e-type=\"column\">\n\t\t\t<div class=\"elementor-widget-wrap elementor-element-populated\">\n\t\t\t\t\t\t<div class=\"elementor-element elementor-element-5e218e0 elementor-widget elementor-widget-Rola_Section\" data-id=\"5e218e0\" data-element_type=\"widget\" data-e-type=\"widget\" data-widget_type=\"Rola_Section.default\">\n\t\t\t\t<div class=\"elementor-widget-container\">\n\t\t\t\t\t                    <div class=\"container\">\r\n                <div class=\"section-title\">\r\n                                            <span class=\"sub-title\">\r\n                                                        \u00d6zel \u00c7ankaya Hastanesini Tan\u0131y\u0131n                        <\/span>\r\n                                        <h1><b>Kurumsal Ama\u00e7 ve Hedeflerimiz<\/b><\/h1>\r\n                    <p><\/p>\r\n                <\/div>\r\n            <\/div>\r\n        \r\n        \t\t\t\t<\/div>\n\t\t\t\t<\/div>\n\t\t\t\t\t<\/div>\n\t\t<\/div>\n\t\t\t\t\t<\/div>\n\t\t<\/section>\n\t\t\t\t<section class=\"elementor-section elementor-top-section elementor-element elementor-element-f74d70f elementor-section-boxed elementor-section-height-default elementor-section-height-default\" data-id=\"f74d70f\" data-element_type=\"section\" data-e-type=\"section\">\n\t\t\t\t\t\t<div class=\"elementor-container elementor-column-gap-default\">\n\t\t\t\t\t<div class=\"elementor-column elementor-col-100 elementor-top-column elementor-element elementor-element-85aec25\" data-id=\"85aec25\" data-element_type=\"column\" data-e-type=\"column\">\n\t\t\t<div class=\"elementor-widget-wrap elementor-element-populated\">\n\t\t\t\t\t\t<div class=\"elementor-element elementor-element-fceb1b7 elementor-widget elementor-widget-image\" data-id=\"fceb1b7\" data-element_type=\"widget\" data-e-type=\"widget\" data-widget_type=\"image.default\">\n\t\t\t\t<div class=\"elementor-widget-container\">\n\t\t\t\t\t\t\t\t\t\t\t\t\t\t\t<img fetchpriority=\"high\" decoding=\"async\" width=\"1528\" height=\"530\" src=\"https:\/\/cankayahastanesi.com.tr\/wp-content\/uploads\/2023\/11\/Kurumsal-Amac-ve-Hedeflerimiz.webp\" class=\"attachment-full size-full wp-image-3436\" alt=\"\" srcset=\"https:\/\/cankayahastanesi.com.tr\/wp-content\/uploads\/2023\/11\/Kurumsal-Amac-ve-Hedeflerimiz.webp 1528w, https:\/\/cankayahastanesi.com.tr\/wp-content\/uploads\/2023\/11\/Kurumsal-Amac-ve-Hedeflerimiz-300x104.webp 300w, https:\/\/cankayahastanesi.com.tr\/wp-content\/uploads\/2023\/11\/Kurumsal-Amac-ve-Hedeflerimiz-1024x355.webp 1024w, https:\/\/cankayahastanesi.com.tr\/wp-content\/uploads\/2023\/11\/Kurumsal-Amac-ve-Hedeflerimiz-768x266.webp 768w\" sizes=\"(max-width: 1528px) 100vw, 1528px\" \/>\t\t\t\t\t\t\t\t\t\t\t\t\t\t\t<\/div>\n\t\t\t\t<\/div>\n\t\t\t\t\t<\/div>\n\t\t<\/div>\n\t\t\t\t\t<\/div>\n\t\t<\/section>\n\t\t\t\t<section class=\"elementor-section elementor-top-section elementor-element elementor-element-765b545 elementor-section-boxed elementor-section-height-default elementor-section-height-default\" data-id=\"765b545\" data-element_type=\"section\" data-e-type=\"section\">\n\t\t\t\t\t\t<div class=\"elementor-container elementor-column-gap-default\">\n\t\t\t\t\t<div class=\"elementor-column elementor-col-100 elementor-top-column elementor-element elementor-element-b91220c\" data-id=\"b91220c\" data-element_type=\"column\" data-e-type=\"column\">\n\t\t\t<div class=\"elementor-widget-wrap elementor-element-populated\">\n\t\t\t\t\t\t<div class=\"elementor-element elementor-element-e8d0253 elementor-widget elementor-widget-text-editor\" data-id=\"e8d0253\" data-element_type=\"widget\" data-e-type=\"widget\" data-widget_type=\"text-editor.default\">\n\t\t\t\t<div class=\"elementor-widget-container\">\n\t\t\t\t\t\t\t\t\t<h4>Biz \u00d6ZEL \u00c7ANKAYA HASTANES\u0130 olarak Vizyon, Misyon ve De\u011ferlerimize Ba\u011fl\u0131 Kalmak Kayd\u0131yla;<\/h4><div class=\"col-md-12\"><div class=\"col-md-6\"><ul><li>Hasta ve \u00c7al\u0131\u015fan Haklar\u0131na Sayg\u0131l\u0131,<\/li><li>Evrensellik,<\/li><li>Sa\u011fl\u0131kta \u0130novasyon, Bilimsellik,<\/li><li>Hizmette Hakkaniyet,<\/li><li>Hizmette Uygunluk, Zamanl\u0131l\u0131k,<\/li><li>Etkin, Etkili Hizmet,<\/li><li>Kalite ve Verimli Hizmet,<\/li><li>Hizmette S\u00fcreklilik ve Eri\u015febilirlik,<\/li><li>Sayg\u0131nl\u0131k, D\u00fcr\u00fcst, G\u00fcvenilir Hizmet,<\/li><li>Hesap Verebilirlik, \u015eeffafl\u0131k \u0130lkesi,<\/li><li>Kan\u0131ta Dayal\u0131 Hizmet,<\/li><li>\u0130\u015f Ahlak\u0131,<\/li><li>Dayan\u0131\u015fma,<\/li><li>Kat\u0131l\u0131mc\u0131l\u0131k,<\/li><li>Etik \u0130lkelere Duyarl\u0131,<\/li><li>Ekip Bilinci,<\/li><li>B\u00fct\u00fcnc\u00fcl Yakla\u015f\u0131m,<\/li><li>M\u00fckemmeliyet\u00e7ilik,<\/li><li>Empati,<\/li><li>Sorumluluk,<\/li><li>Tecr\u00fcbe,<\/li><li>Profesyonellik,<\/li><li>Ho\u015fg\u00f6r\u00fc<\/li><li>\u00c7al\u0131\u015fana De\u011fer Verme<\/li><\/ul><h6>Kurumsal Ama\u00e7 ve Hedeflerimiz Do\u011frultusunda Hizmet Vermeye Devam Etmekteyiz.<\/h6><\/div><\/div>\t\t\t\t\t\t\t\t<\/div>\n\t\t\t\t<\/div>\n\t\t\t\t\t<\/div>\n\t\t<\/div>\n\t\t\t\t\t<\/div>\n\t\t<\/section>\n\t\t\t\t<\/div>\n\t\t","protected":false},"excerpt":{"rendered":"<p>\u00d6zel \u00c7ankaya Hastanesini Tan\u0131y\u0131n Kurumsal Ama\u00e7 ve Hedeflerimiz Biz \u00d6ZEL \u00c7ANKAYA HASTANES\u0130 olarak Vizyon, Misyon ve De\u011ferlerimize Ba\u011fl\u0131 Kalmak Kayd\u0131yla; Hasta ve \u00c7al\u0131\u015fan Haklar\u0131na Sayg\u0131l\u0131, Evrensellik, Sa\u011fl\u0131kta \u0130novasyon, Bilimsellik, Hizmette Hakkaniyet, Hizmette Uygunluk, Zamanl\u0131l\u0131k, Etkin, Etkili Hizmet, Kalite ve Verimli Hizmet, Hizmette S\u00fcreklilik ve Eri\u015febilirlik, Sayg\u0131nl\u0131k, D\u00fcr\u00fcst, G\u00fcvenilir Hizmet, Hesap Verebilirlik, \u015eeffafl\u0131k \u0130lkesi, Kan\u0131ta Dayal\u0131 <\/p>\n","protected":false},"author":1,"featured_media":0,"parent":0,"menu_order":0,"comment_status":"closed","ping_status":"closed","template":"elementor_header_footer","meta":{"footnotes":""},"class_list":["post-3433","page","type-page","status-publish","hentry"],"acf":[],"_links":{"self":[{"href":"https:\/\/cankayahastanesi.com.tr\/tr\/wp-json\/wp\/v2\/pages\/3433","targetHints":{"allow":["GET"]}}],"collection":[{"href":"https:\/\/cankayahastanesi.com.tr\/tr\/wp-json\/wp\/v2\/pages"}],"about":[{"href":"https:\/\/cankayahastanesi.com.tr\/tr\/wp-json\/wp\/v2\/types\/page"}],"author":[{"embeddable":true,"href":"https:\/\/cankayahastanesi.com.tr\/tr\/wp-json\/wp\/v2\/users\/1"}],"replies":[{"embeddable":true,"href":"https:\/\/cankayahastanesi.com.tr\/tr\/wp-json\/wp\/v2\/comments?post=3433"}],"version-history":[{"count":10,"href":"https:\/\/cankayahastanesi.com.tr\/tr\/wp-json\/wp\/v2\/pages\/3433\/revisions"}],"predecessor-version":[{"id":4150,"href":"https:\/\/cankayahastanesi.com.tr\/tr\/wp-json\/wp\/v2\/pages\/3433\/revisions\/4150"}],"wp:attachment":[{"href":"https:\/\/cankayahastanesi.com.tr\/tr\/wp-json\/wp\/v2\/media?parent=3433"}],"curies":[{"name":"wp","href":"https:\/\/api.w.org\/{rel}","templated":true}]}}