{"id":3424,"date":"2023-11-28T09:17:57","date_gmt":"2023-11-28T09:17:57","guid":{"rendered":"https:\/\/cankayahastanesi.site\/?page_id=3424"},"modified":"2023-12-21T09:57:05","modified_gmt":"2023-12-21T09:57:05","slug":"vizyon-misyon-ve-degerlerimiz","status":"publish","type":"page","link":"https:\/\/cankayahastanesi.com.tr\/tr\/vizyon-misyon-ve-degerlerimiz\/","title":{"rendered":"Vizyon, Misyon ve De\u011ferlerimiz"},"content":{"rendered":"\t\t<div data-elementor-type=\"wp-page\" data-elementor-id=\"3424\" class=\"elementor elementor-3424\">\n\t\t\t\t\t\t<section class=\"elementor-section elementor-top-section elementor-element elementor-element-8a1280b elementor-section-boxed elementor-section-height-default elementor-section-height-default\" data-id=\"8a1280b\" data-element_type=\"section\" data-e-type=\"section\">\n\t\t\t\t\t\t<div class=\"elementor-container elementor-column-gap-no\">\n\t\t\t\t\t<div class=\"elementor-column elementor-col-100 elementor-top-column elementor-element elementor-element-d16e9d3\" data-id=\"d16e9d3\" data-element_type=\"column\" data-e-type=\"column\">\n\t\t\t<div class=\"elementor-widget-wrap elementor-element-populated\">\n\t\t\t\t\t\t<div class=\"elementor-element elementor-element-5e218e0 elementor-widget elementor-widget-Rola_Section\" data-id=\"5e218e0\" data-element_type=\"widget\" data-e-type=\"widget\" data-widget_type=\"Rola_Section.default\">\n\t\t\t\t<div class=\"elementor-widget-container\">\n\t\t\t\t\t                    <div class=\"container\">\r\n                <div class=\"section-title\">\r\n                                            <span class=\"sub-title\">\r\n                                                        \u00d6zel \u00c7ankaya Hastanesini Tan\u0131y\u0131n                        <\/span>\r\n                                        <h1><b>Misyon , Vizyon ve De\u011ferlerimiz<\/b><\/h1>\r\n                    <p><\/p>\r\n                <\/div>\r\n            <\/div>\r\n        \r\n        \t\t\t\t<\/div>\n\t\t\t\t<\/div>\n\t\t\t\t\t<\/div>\n\t\t<\/div>\n\t\t\t\t\t<\/div>\n\t\t<\/section>\n\t\t\t\t<section class=\"elementor-section elementor-top-section elementor-element elementor-element-f74d70f elementor-section-boxed elementor-section-height-default elementor-section-height-default\" data-id=\"f74d70f\" data-element_type=\"section\" data-e-type=\"section\">\n\t\t\t\t\t\t<div class=\"elementor-container elementor-column-gap-default\">\n\t\t\t\t\t<div class=\"elementor-column elementor-col-100 elementor-top-column elementor-element elementor-element-85aec25\" data-id=\"85aec25\" data-element_type=\"column\" data-e-type=\"column\">\n\t\t\t<div class=\"elementor-widget-wrap elementor-element-populated\">\n\t\t\t\t\t\t<div class=\"elementor-element elementor-element-fceb1b7 elementor-widget elementor-widget-image\" data-id=\"fceb1b7\" data-element_type=\"widget\" data-e-type=\"widget\" data-widget_type=\"image.default\">\n\t\t\t\t<div class=\"elementor-widget-container\">\n\t\t\t\t\t\t\t\t\t\t\t\t\t\t\t<img fetchpriority=\"high\" decoding=\"async\" width=\"1528\" height=\"530\" src=\"https:\/\/cankayahastanesi.com.tr\/wp-content\/uploads\/2023\/11\/Vizyon-Misyon-ve-Degerlerimiz.webp\" class=\"attachment-full size-full wp-image-3429\" alt=\"\" srcset=\"https:\/\/cankayahastanesi.com.tr\/wp-content\/uploads\/2023\/11\/Vizyon-Misyon-ve-Degerlerimiz.webp 1528w, https:\/\/cankayahastanesi.com.tr\/wp-content\/uploads\/2023\/11\/Vizyon-Misyon-ve-Degerlerimiz-300x104.webp 300w, https:\/\/cankayahastanesi.com.tr\/wp-content\/uploads\/2023\/11\/Vizyon-Misyon-ve-Degerlerimiz-1024x355.webp 1024w, https:\/\/cankayahastanesi.com.tr\/wp-content\/uploads\/2023\/11\/Vizyon-Misyon-ve-Degerlerimiz-768x266.webp 768w\" sizes=\"(max-width: 1528px) 100vw, 1528px\" \/>\t\t\t\t\t\t\t\t\t\t\t\t\t\t\t<\/div>\n\t\t\t\t<\/div>\n\t\t\t\t\t<\/div>\n\t\t<\/div>\n\t\t\t\t\t<\/div>\n\t\t<\/section>\n\t\t\t\t<section class=\"elementor-section elementor-top-section elementor-element elementor-element-765b545 elementor-section-boxed elementor-section-height-default elementor-section-height-default\" data-id=\"765b545\" data-element_type=\"section\" data-e-type=\"section\">\n\t\t\t\t\t\t<div class=\"elementor-container elementor-column-gap-default\">\n\t\t\t\t\t<div class=\"elementor-column elementor-col-100 elementor-top-column elementor-element elementor-element-b91220c\" data-id=\"b91220c\" data-element_type=\"column\" data-e-type=\"column\">\n\t\t\t<div class=\"elementor-widget-wrap elementor-element-populated\">\n\t\t\t\t\t\t<div class=\"elementor-element elementor-element-e8d0253 elementor-widget elementor-widget-text-editor\" data-id=\"e8d0253\" data-element_type=\"widget\" data-e-type=\"widget\" data-widget_type=\"text-editor.default\">\n\t\t\t\t<div class=\"elementor-widget-container\">\n\t\t\t\t\t\t\t\t\t<h5>Misyonumuz<\/h5><p>Bilimsel ara\u015ft\u0131rmalarda ve yeni uygulamalarda \u00f6nc\u00fc, hasta \/ hasta yak\u0131n\u0131 ve \u00e7al\u0131\u015fan memnuniyetini \u00f6nemseyen, tedavi s\u00fcre\u00e7leri tamamlanana kadar verilen t\u00fcm sa\u011fl\u0131k hizmetlerinde hasta ve \u00e7al\u0131\u015fan g\u00fcvenli\u011fini en \u00fcst d\u00fczeyde tutarak kaliteli bir sa\u011fl\u0131k hizmeti sunmakt\u0131r.<\/p><h5>Vizyonumuz<\/h5><p>Ulusal ve uluslararas\u0131 alanda t\u0131bb\u0131n ula\u015ft\u0131\u011f\u0131 en son geli\u015fmeleri yak\u0131ndan takip edip uygulayarak, yurt i\u00e7i ve yurt d\u0131\u015f\u0131ndaki sa\u011fl\u0131k kurulu\u015flar\u0131yla hizmet g\u00fcc\u00fcm\u00fcz\u00fc birle\u015ftirerek kaliteli sa\u011fl\u0131k hizmeti sunmakt\u0131r.<\/p><h5>De\u011ferlerimiz<\/h5><ul><li>D\u00fcr\u00fcstl\u00fck anlay\u0131\u015f\u0131 \u00e7er\u00e7evesinde \u00e7al\u0131\u015fmak<\/li><li>Ara\u015ft\u0131rmac\u0131 y\u00f6ne sahip olmak<\/li><li>Alan\u0131m\u0131zdaki yenilikleri takip etmek<\/li><li>Sorumluluk duygusu ile \u00e7al\u0131\u015fmak<\/li><li>Ekip ruhu ile hizmet sunmak<\/li><li>Hizmet sunarken \u00e7evreye duyarl\u0131 olmak<\/li><\/ul>\t\t\t\t\t\t\t\t<\/div>\n\t\t\t\t<\/div>\n\t\t\t\t\t<\/div>\n\t\t<\/div>\n\t\t\t\t\t<\/div>\n\t\t<\/section>\n\t\t\t\t<section class=\"elementor-section elementor-top-section elementor-element elementor-element-7448921 elementor-section-boxed elementor-section-height-default elementor-section-height-default\" data-id=\"7448921\" data-element_type=\"section\" data-e-type=\"section\">\n\t\t\t\t\t\t<div class=\"elementor-container elementor-column-gap-default\">\n\t\t\t\t\t<div class=\"elementor-column elementor-col-100 elementor-top-column elementor-element elementor-element-135bf70\" data-id=\"135bf70\" data-element_type=\"column\" data-e-type=\"column\">\n\t\t\t<div class=\"elementor-widget-wrap\">\n\t\t\t\t\t\t\t<\/div>\n\t\t<\/div>\n\t\t\t\t\t<\/div>\n\t\t<\/section>\n\t\t\t\t<\/div>\n\t\t","protected":false},"excerpt":{"rendered":"<p>\u00d6zel \u00c7ankaya Hastanesini Tan\u0131y\u0131n Misyon , Vizyon ve De\u011ferlerimiz Misyonumuz Bilimsel ara\u015ft\u0131rmalarda ve yeni uygulamalarda \u00f6nc\u00fc, hasta \/ hasta yak\u0131n\u0131 ve \u00e7al\u0131\u015fan memnuniyetini \u00f6nemseyen, tedavi s\u00fcre\u00e7leri tamamlanana kadar verilen t\u00fcm sa\u011fl\u0131k hizmetlerinde hasta ve \u00e7al\u0131\u015fan g\u00fcvenli\u011fini en \u00fcst d\u00fczeyde tutarak kaliteli bir sa\u011fl\u0131k hizmeti sunmakt\u0131r. Vizyonumuz Ulusal ve uluslararas\u0131 alanda t\u0131bb\u0131n ula\u015ft\u0131\u011f\u0131 en son geli\u015fmeleri <\/p>\n","protected":false},"author":1,"featured_media":0,"parent":0,"menu_order":0,"comment_status":"closed","ping_status":"closed","template":"elementor_header_footer","meta":{"footnotes":""},"class_list":["post-3424","page","type-page","status-publish","hentry"],"acf":[],"_links":{"self":[{"href":"https:\/\/cankayahastanesi.com.tr\/tr\/wp-json\/wp\/v2\/pages\/3424","targetHints":{"allow":["GET"]}}],"collection":[{"href":"https:\/\/cankayahastanesi.com.tr\/tr\/wp-json\/wp\/v2\/pages"}],"about":[{"href":"https:\/\/cankayahastanesi.com.tr\/tr\/wp-json\/wp\/v2\/types\/page"}],"author":[{"embeddable":true,"href":"https:\/\/cankayahastanesi.com.tr\/tr\/wp-json\/wp\/v2\/users\/1"}],"replies":[{"embeddable":true,"href":"https:\/\/cankayahastanesi.com.tr\/tr\/wp-json\/wp\/v2\/comments?post=3424"}],"version-history":[{"count":13,"href":"https:\/\/cankayahastanesi.com.tr\/tr\/wp-json\/wp\/v2\/pages\/3424\/revisions"}],"predecessor-version":[{"id":4147,"href":"https:\/\/cankayahastanesi.com.tr\/tr\/wp-json\/wp\/v2\/pages\/3424\/revisions\/4147"}],"wp:attachment":[{"href":"https:\/\/cankayahastanesi.com.tr\/tr\/wp-json\/wp\/v2\/media?parent=3424"}],"curies":[{"name":"wp","href":"https:\/\/api.w.org\/{rel}","templated":true}]}}