{"id":3408,"date":"2023-11-28T08:52:47","date_gmt":"2023-11-28T08:52:47","guid":{"rendered":"https:\/\/cankayahastanesi.site\/?page_id=3408"},"modified":"2023-12-21T09:56:35","modified_gmt":"2023-12-21T09:56:35","slug":"hakkimizda","status":"publish","type":"page","link":"https:\/\/cankayahastanesi.com.tr\/tr\/hakkimizda\/","title":{"rendered":"Hakk\u0131m\u0131zda"},"content":{"rendered":"\t\t<div data-elementor-type=\"wp-page\" data-elementor-id=\"3408\" class=\"elementor elementor-3408\">\n\t\t\t\t\t\t<section class=\"elementor-section elementor-top-section elementor-element elementor-element-8a1280b elementor-section-boxed elementor-section-height-default elementor-section-height-default\" data-id=\"8a1280b\" data-element_type=\"section\" data-e-type=\"section\">\n\t\t\t\t\t\t<div class=\"elementor-container elementor-column-gap-no\">\n\t\t\t\t\t<div class=\"elementor-column elementor-col-100 elementor-top-column elementor-element elementor-element-d16e9d3\" data-id=\"d16e9d3\" data-element_type=\"column\" data-e-type=\"column\">\n\t\t\t<div class=\"elementor-widget-wrap elementor-element-populated\">\n\t\t\t\t\t\t<div class=\"elementor-element elementor-element-5e218e0 elementor-widget elementor-widget-Rola_Section\" data-id=\"5e218e0\" data-element_type=\"widget\" data-e-type=\"widget\" data-widget_type=\"Rola_Section.default\">\n\t\t\t\t<div class=\"elementor-widget-container\">\n\t\t\t\t\t                    <div class=\"container\">\r\n                <div class=\"section-title\">\r\n                                            <span class=\"sub-title\">\r\n                                                        \u00d6zel \u00c7ankaya Hastanesini Tan\u0131y\u0131n                        <\/span>\r\n                                        <h1><b>Hakk\u0131m\u0131zda<\/b><\/h1>\r\n                    <p><\/p>\r\n                <\/div>\r\n            <\/div>\r\n        \r\n        \t\t\t\t<\/div>\n\t\t\t\t<\/div>\n\t\t\t\t\t<\/div>\n\t\t<\/div>\n\t\t\t\t\t<\/div>\n\t\t<\/section>\n\t\t\t\t<section class=\"elementor-section elementor-top-section elementor-element elementor-element-f74d70f elementor-section-boxed elementor-section-height-default elementor-section-height-default\" data-id=\"f74d70f\" data-element_type=\"section\" data-e-type=\"section\">\n\t\t\t\t\t\t<div class=\"elementor-container elementor-column-gap-default\">\n\t\t\t\t\t<div class=\"elementor-column elementor-col-100 elementor-top-column elementor-element elementor-element-85aec25\" data-id=\"85aec25\" data-element_type=\"column\" data-e-type=\"column\">\n\t\t\t<div class=\"elementor-widget-wrap elementor-element-populated\">\n\t\t\t\t\t\t<div class=\"elementor-element elementor-element-fceb1b7 elementor-widget elementor-widget-image\" data-id=\"fceb1b7\" data-element_type=\"widget\" data-e-type=\"widget\" data-widget_type=\"image.default\">\n\t\t\t\t<div class=\"elementor-widget-container\">\n\t\t\t\t\t\t\t\t\t\t\t\t\t\t\t<img fetchpriority=\"high\" decoding=\"async\" width=\"1528\" height=\"530\" src=\"https:\/\/cankayahastanesi.com.tr\/wp-content\/uploads\/2023\/11\/ozelcankayahastanesi.webp\" class=\"attachment-full size-full wp-image-3411\" alt=\"\" srcset=\"https:\/\/cankayahastanesi.com.tr\/wp-content\/uploads\/2023\/11\/ozelcankayahastanesi.webp 1528w, https:\/\/cankayahastanesi.com.tr\/wp-content\/uploads\/2023\/11\/ozelcankayahastanesi-300x104.webp 300w, https:\/\/cankayahastanesi.com.tr\/wp-content\/uploads\/2023\/11\/ozelcankayahastanesi-1024x355.webp 1024w, https:\/\/cankayahastanesi.com.tr\/wp-content\/uploads\/2023\/11\/ozelcankayahastanesi-768x266.webp 768w\" sizes=\"(max-width: 1528px) 100vw, 1528px\" \/>\t\t\t\t\t\t\t\t\t\t\t\t\t\t\t<\/div>\n\t\t\t\t<\/div>\n\t\t\t\t\t<\/div>\n\t\t<\/div>\n\t\t\t\t\t<\/div>\n\t\t<\/section>\n\t\t\t\t<section class=\"elementor-section elementor-top-section elementor-element elementor-element-765b545 elementor-section-boxed elementor-section-height-default elementor-section-height-default\" data-id=\"765b545\" data-element_type=\"section\" data-e-type=\"section\">\n\t\t\t\t\t\t<div class=\"elementor-container elementor-column-gap-default\">\n\t\t\t\t\t<div class=\"elementor-column elementor-col-100 elementor-top-column elementor-element elementor-element-b91220c\" data-id=\"b91220c\" data-element_type=\"column\" data-e-type=\"column\">\n\t\t\t<div class=\"elementor-widget-wrap elementor-element-populated\">\n\t\t\t\t\t\t<div class=\"elementor-element elementor-element-e8d0253 elementor-widget elementor-widget-text-editor\" data-id=\"e8d0253\" data-element_type=\"widget\" data-e-type=\"widget\" data-widget_type=\"text-editor.default\">\n\t\t\t\t<div class=\"elementor-widget-container\">\n\t\t\t\t\t\t\t\t\t<p>\u00d6zel \u00c7ankaya Hastanesi 1968 y\u0131l\u0131nda bug\u00fcn halen bulundu\u011fu Kavakl\u0131dere B\u00fclten Sokak&#8217;taki yerinde kurulmu\u015f olan\u00a0<strong>Ankara&#8217;n\u0131n ilk \u00f6zel hastanesidir<\/strong>.<\/p><p><br \/>Kurulu\u015fundan itibaren bir\u00e7ok bran\u015fta hizmet veren hastanemizde bug\u00fcn;\u00a0<strong>Ortopedi ve Travmatoloji, Fizik Tedavi ve Rehabilitasyon, Beyin Cerrahisi (N\u00f6ro\u015firurji), Genel Cerrahi, Kulak Burun Bo\u011faz, \u00dcroloji, \u0130\u00e7 Hastal\u0131klar\u0131 (Dahiliye), Kardiyoloji, N\u00f6roloji, G\u00f6\u011f\u00fcs Hastal\u0131klar\u0131, Anesteziyoloji ve Reanimasyon, Beslenme ve Diyetetik, Radyoloji\u00a0<\/strong>ve<strong>\u00a0T\u00fcm Laboratuar Hizmetleri<\/strong> dallar\u0131nda hizmet verilmektedir.<\/p><p>Ankara&#8217;n\u0131n ilk \u00f6zel hastanesi olan \u00d6zel \u00c7ankaya Hastanesi kurulu\u015funun 55. y\u0131l\u0131nda s\u00fcrekli geli\u015ferek \u00e7a\u011fda\u015f sa\u011fl\u0131k i\u015fletmecili\u011finde ula\u015ft\u0131\u011f\u0131 d\u00fczeyin gururunu ya\u015famaktad\u0131r.<\/p><p>Son y\u0131llar i\u00e7erisinde yap\u0131lan k\u00f6kl\u00fc altyap\u0131 ve t\u0131bbi teknolojik yat\u0131r\u0131mlar\u0131 ile ge\u00e7mi\u015ften gelen sa\u011flam deneyimlerin birle\u015ftirilmesi, \u00c7ankaya Hastanesi\u2019nin hizmet verdi\u011fi alanlardaki g\u00fcvenilirli\u011fini ileri noktalara ta\u015f\u0131m\u0131\u015ft\u0131r.<\/p><h6><strong>\u00d6zel \u00c7ankaya Hastanesi b\u00fcnyesinde;<\/strong><\/h6><ul><li>\u00d6zellikle bir tane ameliyathanesi, Ortopedi ve Travmatoloji operasyonlar\u0131ndan skolyoz ameliyatlar\u0131n\u0131n ger\u00e7ekle\u015ftirilmesi i\u00e7in \u00f6zel olarak dizayn edilmi\u015f iki adet ameliyathanesi,<\/li><li>\u0130kisi t\u00fcm cerrahi operasyonlar\u0131n ger\u00e7ekle\u015ftirildi\u011fi ve son teknolojileri kullanan donan\u0131ma sahip ameliyathane olmak \u00fczere d\u00f6rt adet ameliyathanesi,<\/li><li>T\u00fcm testlerin yap\u0131ld\u0131\u011f\u0131 modern bir biyokimya laboratuar\u0131,<\/li><li>Efor testi (treadmill), ekokardiyografi ve ekokardiyogram ile g\u00fc\u00e7lendirilen kardiyoloji laboratuar\u0131,<\/li><li>Tam donan\u0131ml\u0131 yo\u011fun bak\u0131m\u0131n da dahil oldu\u011fu 54 hasta yata\u011f\u0131 bulunmaktad\u0131r.<\/li><\/ul>\t\t\t\t\t\t\t\t<\/div>\n\t\t\t\t<\/div>\n\t\t\t\t\t<\/div>\n\t\t<\/div>\n\t\t\t\t\t<\/div>\n\t\t<\/section>\n\t\t\t\t<section class=\"elementor-section elementor-top-section elementor-element elementor-element-7448921 elementor-section-boxed elementor-section-height-default elementor-section-height-default\" data-id=\"7448921\" data-element_type=\"section\" data-e-type=\"section\">\n\t\t\t\t\t\t<div class=\"elementor-container elementor-column-gap-default\">\n\t\t\t\t\t<div class=\"elementor-column elementor-col-100 elementor-top-column elementor-element elementor-element-135bf70\" data-id=\"135bf70\" data-element_type=\"column\" data-e-type=\"column\">\n\t\t\t<div class=\"elementor-widget-wrap\">\n\t\t\t\t\t\t\t<\/div>\n\t\t<\/div>\n\t\t\t\t\t<\/div>\n\t\t<\/section>\n\t\t\t\t<\/div>\n\t\t","protected":false},"excerpt":{"rendered":"<p>\u00d6zel \u00c7ankaya Hastanesini Tan\u0131y\u0131n Hakk\u0131m\u0131zda \u00d6zel \u00c7ankaya Hastanesi 1968 y\u0131l\u0131nda bug\u00fcn halen bulundu\u011fu Kavakl\u0131dere B\u00fclten Sokak&#8217;taki yerinde kurulmu\u015f olan\u00a0Ankara&#8217;n\u0131n ilk \u00f6zel hastanesidir. Kurulu\u015fundan itibaren bir\u00e7ok bran\u015fta hizmet veren hastanemizde bug\u00fcn;\u00a0Ortopedi ve Travmatoloji, Fizik Tedavi ve Rehabilitasyon, Beyin Cerrahisi (N\u00f6ro\u015firurji), Genel Cerrahi, Kulak Burun Bo\u011faz, \u00dcroloji, \u0130\u00e7 Hastal\u0131klar\u0131 (Dahiliye), Kardiyoloji, N\u00f6roloji, G\u00f6\u011f\u00fcs Hastal\u0131klar\u0131, Anesteziyoloji ve Reanimasyon, <\/p>\n","protected":false},"author":1,"featured_media":0,"parent":0,"menu_order":0,"comment_status":"closed","ping_status":"closed","template":"elementor_header_footer","meta":{"footnotes":""},"class_list":["post-3408","page","type-page","status-publish","hentry"],"acf":[],"_links":{"self":[{"href":"https:\/\/cankayahastanesi.com.tr\/tr\/wp-json\/wp\/v2\/pages\/3408","targetHints":{"allow":["GET"]}}],"collection":[{"href":"https:\/\/cankayahastanesi.com.tr\/tr\/wp-json\/wp\/v2\/pages"}],"about":[{"href":"https:\/\/cankayahastanesi.com.tr\/tr\/wp-json\/wp\/v2\/types\/page"}],"author":[{"embeddable":true,"href":"https:\/\/cankayahastanesi.com.tr\/tr\/wp-json\/wp\/v2\/users\/1"}],"replies":[{"embeddable":true,"href":"https:\/\/cankayahastanesi.com.tr\/tr\/wp-json\/wp\/v2\/comments?post=3408"}],"version-history":[{"count":16,"href":"https:\/\/cankayahastanesi.com.tr\/tr\/wp-json\/wp\/v2\/pages\/3408\/revisions"}],"predecessor-version":[{"id":4144,"href":"https:\/\/cankayahastanesi.com.tr\/tr\/wp-json\/wp\/v2\/pages\/3408\/revisions\/4144"}],"wp:attachment":[{"href":"https:\/\/cankayahastanesi.com.tr\/tr\/wp-json\/wp\/v2\/media?parent=3408"}],"curies":[{"name":"wp","href":"https:\/\/api.w.org\/{rel}","templated":true}]}}